{"id":94,"date":"2019-08-21T09:56:02","date_gmt":"2019-08-21T09:56:02","guid":{"rendered":"http:\/\/yolinae.com\/?page_id=94"},"modified":"2020-04-10T15:33:50","modified_gmt":"2020-04-10T15:33:50","slug":"faq","status":"publish","type":"page","link":"https:\/\/yolinae.com\/fr\/faq\/","title":{"rendered":"FAQ"},"content":{"rendered":"\t\t<div data-elementor-type=\"wp-page\" data-elementor-id=\"94\" class=\"elementor elementor-94\">\n\t\t\t\t\t\t<div class=\"elementor-inner\">\n\t\t\t\t<div class=\"elementor-section-wrap\">\n\t\t\t\t\t\t\t\t\t<section class=\"elementor-section elementor-top-section elementor-element elementor-element-3e45d6d elementor-section-boxed elementor-section-height-default elementor-section-height-default\" data-id=\"3e45d6d\" data-element_type=\"section\">\n\t\t\t\t\t\t<div class=\"elementor-container elementor-column-gap-default\">\n\t\t\t\t\t\t\t<div class=\"elementor-row\">\n\t\t\t\t\t<div class=\"elementor-column elementor-col-100 elementor-top-column elementor-element elementor-element-0d19bb9\" data-id=\"0d19bb9\" data-element_type=\"column\">\n\t\t\t<div class=\"elementor-column-wrap elementor-element-populated\">\n\t\t\t\t\t\t\t<div class=\"elementor-widget-wrap\">\n\t\t\t\t\t\t<div class=\"elementor-element elementor-element-ba71b24 elementor-widget elementor-widget-heading\" data-id=\"ba71b24\" data-element_type=\"widget\" data-widget_type=\"heading.default\">\n\t\t\t\t<div class=\"elementor-widget-container\">\n\t\t\t<h3 class=\"elementor-heading-title elementor-size-default\">Foire Aux Quextions<\/h3>\t\t<\/div>\n\t\t\t\t<\/div>\n\t\t\t\t<div class=\"elementor-element elementor-element-eb3e480 elementor-widget elementor-widget-text-editor\" data-id=\"eb3e480\" data-element_type=\"widget\" data-widget_type=\"text-editor.default\">\n\t\t\t\t<div class=\"elementor-widget-container\">\n\t\t\t\t\t\t\t\t<div class=\"elementor-text-editor elementor-clearfix\">\n\t\t\t\t<h5>Comment faire une commande ?<\/h5><p class=\"p1\"><span class=\"s1\">Passer une commande est tr\u00e8s facile. Connectez vous dans un premier temps sur l\u2019espace priv\u00e9 et professionnel de la plateforme en y renseignant vos identifiants. Il vous suffit ensuite de cliquer sur l\u2019article d\u00e9sir\u00e9, choisir sa taille, sa couleur, si plusieurs sont propos\u00e9es et cliquez sur \u00ab\u00a0ajouter au panier\u00a0\u00bb. Une fen\u00eatre de confirmation apparait. Vous pouvez ensuite continuer votre s\u00e9lection ou cliquer sur \u00ab\u00a0Valider ma commande\u00a0\u00bb. Les produits \u00e9tant mit \u00e0 disposition en pr\u00eat pour les m\u00e9dias, vous n\u2019aurez \u00e0 proc\u00e9der \u00e0 aucun r\u00e8glement. <\/span><\/p>\t\t\t\t\t<\/div>\n\t\t\t\t\t\t<\/div>\n\t\t\t\t<\/div>\n\t\t\t\t<div class=\"elementor-element elementor-element-3d4e661 elementor-widget elementor-widget-text-editor\" data-id=\"3d4e661\" data-element_type=\"widget\" data-widget_type=\"text-editor.default\">\n\t\t\t\t<div class=\"elementor-widget-container\">\n\t\t\t\t\t\t\t\t<div class=\"elementor-text-editor elementor-clearfix\">\n\t\t\t\t<h5><span class=\"s1\" style=\"font-weight: normal;\"><strong>Que faire si le ou les article(s) souhait\u00e9s ne sont pas disponible?<\/strong> <\/span><\/h5><p class=\"p1\"><span class=\"s1\">Nous vous indiquerons quand il est pr\u00e9vu que la ou les pi\u00e8ce(s) en question soient de retour sur le showroom en ligne et vous avez ensuite la possibilit\u00e9 de r\u00e9server la ou les pi\u00e8ce(s) pour un date programm\u00e9e. Toutefois, si vous avez besoin de l\u2019article dans l\u2019imm\u00e9diat, nous vous invitons \u00e0 contacter la Y\u00f6li Team pour vous accompagner dans le choix d\u2019un article au style similaire<\/span><\/p><p class=\"p1\"><span class=\"s1\">Y\u00f6li Na\u00e9 propose les collections de ses clients par saison, de Mai \u00e0 Novembre pour les collections Automne-Hiver prochain et de Novembre \u00e0 Mai pour les collections Printemps\/\u00c9t\u00e9 prochain. Vous ne trouverez donc pas d\u2019article des saisons pr\u00e9c\u00e9dentes. <\/span><\/p>\t\t\t\t\t<\/div>\n\t\t\t\t\t\t<\/div>\n\t\t\t\t<\/div>\n\t\t\t\t<div class=\"elementor-element elementor-element-df09cff elementor-widget elementor-widget-text-editor\" data-id=\"df09cff\" data-element_type=\"widget\" data-widget_type=\"text-editor.default\">\n\t\t\t\t<div class=\"elementor-widget-container\">\n\t\t\t\t\t\t\t\t<div class=\"elementor-text-editor elementor-clearfix\">\n\t\t\t\t<h5><span class=\"s1\" style=\"font-weight: normal;\"><strong>Comment savoir si un article est disponible?<\/strong><\/span><\/h5><p class=\"p1\"><span class=\"s1\">Un article est disponible si vous pouvez l&rsquo;ajouter dans votre panier. Si la taille souhait\u00e9e est indisponible, nous vous invitons \u00e0 consulter la r\u00e9ponse \u00e0 la question pr\u00e9c\u00e9dente (voir ci-dessus) et \u00e0 proc\u00e9der de la m\u00eame mani\u00e8re.<\/span><\/p>\t\t\t\t\t<\/div>\n\t\t\t\t\t\t<\/div>\n\t\t\t\t<\/div>\n\t\t\t\t<div class=\"elementor-element elementor-element-3f298d7 elementor-widget elementor-widget-text-editor\" data-id=\"3f298d7\" data-element_type=\"widget\" data-widget_type=\"text-editor.default\">\n\t\t\t\t<div class=\"elementor-widget-container\">\n\t\t\t\t\t\t\t\t<div class=\"elementor-text-editor elementor-clearfix\">\n\t\t\t\t<h5><span style=\"font-family: Poppins, sans-serif; font-size: 14px; font-style: normal; font-weight: 600; letter-spacing: 0.11em;\">Puis-je modifier ma commande une fois qu\u2019elle a \u00e9t\u00e9 pass\u00e9e ?<\/span><\/h5><p class=\"p1\"><span class=\"s1\">Il est pr\u00e9f\u00e9rable de v\u00e9rifier son panier avant de valider une commande, pour une question de logistique. <\/span><\/p><p class=\"p1\"><span class=\"s1\">Cependant, si dans les deux heures suivant votre commande, vous avez un Y\u00f6li coup de coeur ou au contraire, que vous voulez retirer un article de votre s\u00e9lection shopping, vous pouvez contacter la Y\u00f6li Team qui fera au mieux pour modifier votre s\u00e9lection lors de la conception de votre colis. <\/span><\/p><p class=\"p1\"><span class=\"s1\">N\u00e9anmoins, Y\u00f6li Na\u00e9 s\u2019engageant \u00e0 vous livrer le plus rapidement possible, si la commande est d\u00e9j\u00e0 partie, nous serons malheureusement dans l\u2019impossibilit\u00e9 de proc\u00e9der \u00e0 toutes modifications. Il vous faudra alors repasser une nouvelle commande suppl\u00e9mentaire ou nous renvoyer l\u2019article non d\u00e9sir\u00e9.<\/span><\/p>\t\t\t\t\t<\/div>\n\t\t\t\t\t\t<\/div>\n\t\t\t\t<\/div>\n\t\t\t\t<div class=\"elementor-element elementor-element-66ada6c elementor-widget elementor-widget-text-editor\" data-id=\"66ada6c\" data-element_type=\"widget\" data-widget_type=\"text-editor.default\">\n\t\t\t\t<div class=\"elementor-widget-container\">\n\t\t\t\t\t\t\t\t<div class=\"elementor-text-editor elementor-clearfix\">\n\t\t\t\t<h5 class=\"p1\"><span class=\"s1\">Comment savoir si ma commande a bien \u00e9t\u00e9 enregistr\u00e9e ?<\/span><\/h5><p class=\"p1\"><span class=\"s1\">Une fois que vous aurez pass\u00e9 commande, vous recevrez un email de confirmation \ud83d\ude42 <\/span><\/p>\t\t\t\t\t<\/div>\n\t\t\t\t\t\t<\/div>\n\t\t\t\t<\/div>\n\t\t\t\t<div class=\"elementor-element elementor-element-6b8b2bb elementor-widget elementor-widget-text-editor\" data-id=\"6b8b2bb\" data-element_type=\"widget\" id=\"livraisons\" data-widget_type=\"text-editor.default\">\n\t\t\t\t<div class=\"elementor-widget-container\">\n\t\t\t\t\t\t\t\t<div class=\"elementor-text-editor elementor-clearfix\">\n\t\t\t\t<h5>Comment se d\u00e9roule la livraison ?<\/h5><p class=\"p1\"><span class=\"s1\">La Y\u00f6li Team s\u2019occupe, de ses propres mains et avec le plus grand soin, de pr\u00e9parer votre commande. La livraison sera ensuite assur\u00e9e par nos livreurs partenaires. <\/span><\/p>\t\t\t\t\t<\/div>\n\t\t\t\t\t\t<\/div>\n\t\t\t\t<\/div>\n\t\t\t\t<div class=\"elementor-element elementor-element-57d74a5 elementor-widget elementor-widget-text-editor\" data-id=\"57d74a5\" data-element_type=\"widget\" id=\"retours\" data-widget_type=\"text-editor.default\">\n\t\t\t\t<div class=\"elementor-widget-container\">\n\t\t\t\t\t\t\t\t<div class=\"elementor-text-editor elementor-clearfix\">\n\t\t\t\t<h5><span style=\"font-family: Poppins, sans-serif; font-size: 14px; font-style: normal; font-weight: 600; letter-spacing: 0.11em;\">Comment renvoyer une commande une fois le shooting termin\u00e9 ?<\/span><\/h5><p class=\"p1\"><span class=\"s1\">Pour une question d\u2019organisation, de gestion des stocks, et que la mise \u00e0 disposition de nos produits pour les stylistes soit la meilleure possible, nous vous demanderons, au moment de la prise de commande, de nous indiquer une date pr\u00e9cise du retour shopping. <\/span><\/p><p class=\"p1\"><span class=\"s1\">Dans la cas o\u00f9 il sera difficilement possible pour vous de pr\u00e9voir une date de retour exacte, merci d\u2019indiquer une date approximatif sur le site internet et de nous informer via le formulaire de contact pour que nous puissions l\u2019indiquer sur le site de mani\u00e8re exceptionnelle. <\/span><\/p>\t\t\t\t\t<\/div>\n\t\t\t\t\t\t<\/div>\n\t\t\t\t<\/div>\n\t\t\t\t\t\t<\/div>\n\t\t\t\t\t<\/div>\n\t\t<\/div>\n\t\t\t\t\t\t\t\t<\/div>\n\t\t\t\t\t<\/div>\n\t\t<\/section>\n\t\t\t\t\t\t\t\t\t<\/div>\n\t\t\t<\/div>\n\t\t\t\t\t<\/div>\n\t\t","protected":false},"excerpt":{"rendered":"<p>Foire Aux Quextions Comment faire une commande ? Passer une commande est tr\u00e8s facile. Connectez vous dans un premier temps sur l\u2019espace priv\u00e9 et professionnel de la plateforme en y renseignant vos identifiants. Il vous suffit ensuite de cliquer sur l\u2019article d\u00e9sir\u00e9, choisir sa taille, sa couleur, si plusieurs sont propos\u00e9es et cliquez sur \u00ab\u00a0ajouter [&hellip;]<\/p>\n","protected":false},"author":4,"featured_media":0,"parent":0,"menu_order":0,"comment_status":"closed","ping_status":"closed","template":"","meta":[],"yoast_head":"<!-- This site is optimized with the Yoast SEO plugin v19.8 - https:\/\/yoast.com\/wordpress\/plugins\/seo\/ -->\n<title>FAQ - Y\u00f6li Na\u00e9<\/title>\n<meta name=\"robots\" content=\"index, follow, max-snippet:-1, max-image-preview:large, max-video-preview:-1\" \/>\n<link rel=\"canonical\" href=\"https:\/\/yolinae.com\/fr\/faq\/\" \/>\n<meta property=\"og:locale\" content=\"fr_FR\" \/>\n<meta property=\"og:type\" content=\"article\" \/>\n<meta property=\"og:title\" content=\"FAQ - Y\u00f6li Na\u00e9\" \/>\n<meta property=\"og:description\" content=\"Foire Aux Quextions Comment faire une commande ? Passer une commande est tr\u00e8s facile. Connectez vous dans un premier temps sur l\u2019espace priv\u00e9 et professionnel de la plateforme en y renseignant vos identifiants. Il vous suffit ensuite de cliquer sur l\u2019article d\u00e9sir\u00e9, choisir sa taille, sa couleur, si plusieurs sont propos\u00e9es et cliquez sur \u00ab\u00a0ajouter [&hellip;]\" \/>\n<meta property=\"og:url\" content=\"https:\/\/yolinae.com\/fr\/faq\/\" \/>\n<meta property=\"og:site_name\" content=\"Y\u00f6li Na\u00e9\" \/>\n<meta property=\"article:modified_time\" content=\"2020-04-10T15:33:50+00:00\" \/>\n<meta name=\"twitter:card\" content=\"summary_large_image\" \/>\n<meta name=\"twitter:label1\" content=\"Dur\u00e9e de lecture estim\u00e9e\" \/>\n\t<meta name=\"twitter:data1\" content=\"3 minutes\" \/>\n<script type=\"application\/ld+json\" class=\"yoast-schema-graph\">{\"@context\":\"https:\/\/schema.org\",\"@graph\":[{\"@type\":\"WebPage\",\"@id\":\"https:\/\/yolinae.com\/en\/faq\/\",\"url\":\"https:\/\/yolinae.com\/en\/faq\/\",\"name\":\"FAQ - Y\u00f6li Na\u00e9\",\"isPartOf\":{\"@id\":\"https:\/\/yolinae.com\/fr\/#website\"},\"datePublished\":\"2019-08-21T09:56:02+00:00\",\"dateModified\":\"2020-04-10T15:33:50+00:00\",\"breadcrumb\":{\"@id\":\"https:\/\/yolinae.com\/en\/faq\/#breadcrumb\"},\"inLanguage\":\"fr-FR\",\"potentialAction\":[{\"@type\":\"ReadAction\",\"target\":[\"https:\/\/yolinae.com\/en\/faq\/\"]}]},{\"@type\":\"BreadcrumbList\",\"@id\":\"https:\/\/yolinae.com\/en\/faq\/#breadcrumb\",\"itemListElement\":[{\"@type\":\"ListItem\",\"position\":1,\"name\":\"Home\",\"item\":\"https:\/\/yolinae.com\/\"},{\"@type\":\"ListItem\",\"position\":2,\"name\":\"FAQ\"}]},{\"@type\":\"WebSite\",\"@id\":\"https:\/\/yolinae.com\/fr\/#website\",\"url\":\"https:\/\/yolinae.com\/fr\/\",\"name\":\"Y\u00f6li Na\u00e9\",\"description\":\"Showroom presse digital d\u00e9di\u00e9 aux professionnels de la mode enfantine\",\"publisher\":{\"@id\":\"https:\/\/yolinae.com\/fr\/#organization\"},\"potentialAction\":[{\"@type\":\"SearchAction\",\"target\":{\"@type\":\"EntryPoint\",\"urlTemplate\":\"https:\/\/yolinae.com\/fr\/?s={search_term_string}\"},\"query-input\":\"required name=search_term_string\"}],\"inLanguage\":\"fr-FR\"},{\"@type\":\"Organization\",\"@id\":\"https:\/\/yolinae.com\/fr\/#organization\",\"name\":\"Y\u00f6li Na\u00e9\",\"url\":\"https:\/\/yolinae.com\/fr\/\",\"sameAs\":[],\"logo\":{\"@type\":\"ImageObject\",\"inLanguage\":\"fr-FR\",\"@id\":\"https:\/\/yolinae.com\/fr\/#\/schema\/logo\/image\/\",\"url\":\"https:\/\/yolinae.com\/wp-content\/uploads\/2019\/08\/YN_Logos_Blanc.svg\",\"contentUrl\":\"https:\/\/yolinae.com\/wp-content\/uploads\/2019\/08\/YN_Logos_Blanc.svg\",\"width\":238,\"height\":91,\"caption\":\"Y\u00f6li Na\u00e9\"},\"image\":{\"@id\":\"https:\/\/yolinae.com\/fr\/#\/schema\/logo\/image\/\"}}]}<\/script>\n<!-- \/ Yoast SEO plugin. -->","yoast_head_json":{"title":"FAQ - Y\u00f6li Na\u00e9","robots":{"index":"index","follow":"follow","max-snippet":"max-snippet:-1","max-image-preview":"max-image-preview:large","max-video-preview":"max-video-preview:-1"},"canonical":"https:\/\/yolinae.com\/fr\/faq\/","og_locale":"fr_FR","og_type":"article","og_title":"FAQ - Y\u00f6li Na\u00e9","og_description":"Foire Aux Quextions Comment faire une commande ? Passer une commande est tr\u00e8s facile. Connectez vous dans un premier temps sur l\u2019espace priv\u00e9 et professionnel de la plateforme en y renseignant vos identifiants. Il vous suffit ensuite de cliquer sur l\u2019article d\u00e9sir\u00e9, choisir sa taille, sa couleur, si plusieurs sont propos\u00e9es et cliquez sur \u00ab\u00a0ajouter [&hellip;]","og_url":"https:\/\/yolinae.com\/fr\/faq\/","og_site_name":"Y\u00f6li Na\u00e9","article_modified_time":"2020-04-10T15:33:50+00:00","twitter_card":"summary_large_image","twitter_misc":{"Dur\u00e9e de lecture estim\u00e9e":"3 minutes"},"schema":{"@context":"https:\/\/schema.org","@graph":[{"@type":"WebPage","@id":"https:\/\/yolinae.com\/en\/faq\/","url":"https:\/\/yolinae.com\/en\/faq\/","name":"FAQ - Y\u00f6li Na\u00e9","isPartOf":{"@id":"https:\/\/yolinae.com\/fr\/#website"},"datePublished":"2019-08-21T09:56:02+00:00","dateModified":"2020-04-10T15:33:50+00:00","breadcrumb":{"@id":"https:\/\/yolinae.com\/en\/faq\/#breadcrumb"},"inLanguage":"fr-FR","potentialAction":[{"@type":"ReadAction","target":["https:\/\/yolinae.com\/en\/faq\/"]}]},{"@type":"BreadcrumbList","@id":"https:\/\/yolinae.com\/en\/faq\/#breadcrumb","itemListElement":[{"@type":"ListItem","position":1,"name":"Home","item":"https:\/\/yolinae.com\/"},{"@type":"ListItem","position":2,"name":"FAQ"}]},{"@type":"WebSite","@id":"https:\/\/yolinae.com\/fr\/#website","url":"https:\/\/yolinae.com\/fr\/","name":"Y\u00f6li Na\u00e9","description":"Showroom presse digital d\u00e9di\u00e9 aux professionnels de la mode enfantine","publisher":{"@id":"https:\/\/yolinae.com\/fr\/#organization"},"potentialAction":[{"@type":"SearchAction","target":{"@type":"EntryPoint","urlTemplate":"https:\/\/yolinae.com\/fr\/?s={search_term_string}"},"query-input":"required name=search_term_string"}],"inLanguage":"fr-FR"},{"@type":"Organization","@id":"https:\/\/yolinae.com\/fr\/#organization","name":"Y\u00f6li Na\u00e9","url":"https:\/\/yolinae.com\/fr\/","sameAs":[],"logo":{"@type":"ImageObject","inLanguage":"fr-FR","@id":"https:\/\/yolinae.com\/fr\/#\/schema\/logo\/image\/","url":"https:\/\/yolinae.com\/wp-content\/uploads\/2019\/08\/YN_Logos_Blanc.svg","contentUrl":"https:\/\/yolinae.com\/wp-content\/uploads\/2019\/08\/YN_Logos_Blanc.svg","width":238,"height":91,"caption":"Y\u00f6li Na\u00e9"},"image":{"@id":"https:\/\/yolinae.com\/fr\/#\/schema\/logo\/image\/"}}]}},"_links":{"self":[{"href":"https:\/\/yolinae.com\/fr\/wp-json\/wp\/v2\/pages\/94"}],"collection":[{"href":"https:\/\/yolinae.com\/fr\/wp-json\/wp\/v2\/pages"}],"about":[{"href":"https:\/\/yolinae.com\/fr\/wp-json\/wp\/v2\/types\/page"}],"author":[{"embeddable":true,"href":"https:\/\/yolinae.com\/fr\/wp-json\/wp\/v2\/users\/4"}],"replies":[{"embeddable":true,"href":"https:\/\/yolinae.com\/fr\/wp-json\/wp\/v2\/comments?post=94"}],"version-history":[{"count":0,"href":"https:\/\/yolinae.com\/fr\/wp-json\/wp\/v2\/pages\/94\/revisions"}],"wp:attachment":[{"href":"https:\/\/yolinae.com\/fr\/wp-json\/wp\/v2\/media?parent=94"}],"curies":[{"name":"wp","href":"https:\/\/api.w.org\/{rel}","templated":true}]}}