{"id":90,"date":"2019-08-21T09:55:51","date_gmt":"2019-08-21T09:55:51","guid":{"rendered":"http:\/\/yolinae.com\/?page_id=90"},"modified":"2020-04-10T15:46:09","modified_gmt":"2020-04-10T15:46:09","slug":"cgu","status":"publish","type":"page","link":"https:\/\/yolinae.com\/fr\/cgu\/","title":{"rendered":"CGU"},"content":{"rendered":"\t\t<div data-elementor-type=\"wp-page\" data-elementor-id=\"90\" class=\"elementor elementor-90\">\n\t\t\t\t\t\t<div class=\"elementor-inner\">\n\t\t\t\t<div class=\"elementor-section-wrap\">\n\t\t\t\t\t\t\t\t\t<section class=\"elementor-section elementor-top-section elementor-element elementor-element-473ec30 elementor-section-boxed elementor-section-height-default elementor-section-height-default\" data-id=\"473ec30\" data-element_type=\"section\">\n\t\t\t\t\t\t<div class=\"elementor-container elementor-column-gap-default\">\n\t\t\t\t\t\t\t<div class=\"elementor-row\">\n\t\t\t\t\t<div class=\"elementor-column elementor-col-100 elementor-top-column elementor-element elementor-element-a8eda1e\" data-id=\"a8eda1e\" data-element_type=\"column\">\n\t\t\t<div class=\"elementor-column-wrap elementor-element-populated\">\n\t\t\t\t\t\t\t<div class=\"elementor-widget-wrap\">\n\t\t\t\t\t\t<div class=\"elementor-element elementor-element-492e533 elementor-widget elementor-widget-heading\" data-id=\"492e533\" data-element_type=\"widget\" data-widget_type=\"heading.default\">\n\t\t\t\t<div class=\"elementor-widget-container\">\n\t\t\t<h3 class=\"elementor-heading-title elementor-size-default\">CGU:  Conditions G\u00e9n\u00e9rales d\u2019utilisation \n<\/h3>\t\t<\/div>\n\t\t\t\t<\/div>\n\t\t\t\t<div class=\"elementor-element elementor-element-7e03472 elementor-widget elementor-widget-text-editor\" data-id=\"7e03472\" data-element_type=\"widget\" data-widget_type=\"text-editor.default\">\n\t\t\t\t<div class=\"elementor-widget-container\">\n\t\t\t\t\t\t\t\t<div class=\"elementor-text-editor elementor-clearfix\">\n\t\t\t\t<p class=\"p1\"><span class=\"s1\">Le site <strong><a href=\"http:\/\/yolinae.com\"><span class=\"s2\">yolinae.com<\/span><\/a>,<\/strong> showroom digital, est exploit\u00e9 par la soci\u00e9t\u00e9 Y\u00f6li Na\u00e9 au capital de 2 000 \u20ac, ayant son si\u00e8ge social \u00e0 PARIS (96, Avenue de Villiers &#8211; 75017 Paris) et inscrite au registre du commerce est des soci\u00e9t\u00e9s de Paris sous le num\u00e9ro 853 840 460 RCS PARIS<\/span><\/p><p class=\"p1\"><span class=\"s1\">N\u00b0 d\u2019identification \u00e0 la T.V.A: FR 03 853840460 <\/span><\/p><p class=\"p1\"><span class=\"s1\">Les conditions g\u00e9n\u00e9rales d\u2019utilisation sur <a href=\"http:\/\/yolinae.com\"><span class=\"s2\">yolinae.com<\/span><\/a> sont d\u00e9taill\u00e9es ci-dessous. <\/span><\/p><p class=\"p1\"><span class=\"s1\">Ces conditions s\u2019appliquent sur toutes les commandes pass\u00e9es aupr\u00e8s de la soci\u00e9t\u00e9 Y\u00f6li Na\u00e9 pour l\u2019ensemble des articles et services propos\u00e9s sur le site <a href=\"http:\/\/YOLINAE.COM\"><span class=\"s2\">YOLINAE.COM<\/span><\/a>, sauf accord \u00e9crit pr\u00e9alable diff\u00e9rent. Les pr\u00e9sentes conditions g\u00e9n\u00e9rales d\u2019utilisation vous sont syst\u00e9matiquement propos\u00e9es au moment de passer commande. <\/span><\/p><p class=\"p1\"><span class=\"s1\">En cons\u00e9quence, le fait de passer commande, implique votre enti\u00e8re adh\u00e9sion aux conditions g\u00e9n\u00e9rales d\u2019utilisation, sans r\u00e9serve. <\/span><\/p><h5>SOMMAIRE<\/h5><p>Prise de commande<br \/>Confirmation de commande<br \/><span class=\"s1\">Zones et d\u00e9lais de livraison <br \/><\/span><span class=\"s1\">Retour des commandes <br \/><\/span><span class=\"s1\">Garantie <br \/><\/span><span class=\"s1\">Confidentialit\u00e9<br \/><\/span><span class=\"s1\">Propri\u00e9t\u00e9 intellectuelle <br \/><\/span><span class=\"s1\">Int\u00e9gralit\u00e9 des conditions <br \/><\/span><span class=\"s1\">Dur\u00e9e et application <br \/><\/span><span class=\"s1\">Responsabilit\u00e9<\/span><\/p><p class=\"p3\"><span class=\"s1\"><b>Prise de commande: <\/b><\/span><\/p><ol class=\"ol1\"><li class=\"li1\"><span class=\"s1\">Votre panier constitue votre bon de commande <\/span><\/li><li class=\"li1\"><span class=\"s1\">Si vous choisissez de passer commande, vous devrez saisir les informations n\u00e9cessaire pour la livraison des articles. Les informations que vous d\u00e9livrerez alors vous engagent. En cas d\u2019erreur dans le libell\u00e9 des coordonn\u00e9es de livraison, le site et la soci\u00e9t\u00e9 Y\u00d6LI NAE ne sauraient \u00eatre tenus responsable de l\u2019impossibilit\u00e9 de livrer le(s) article(s). <\/span><\/li><\/ol><p class=\"p3\"><span class=\"s1\"><b>Confirmation de commande:<\/b><\/span><\/p><p class=\"p1\"><span class=\"s1\">\u00c0 chaque \u00e9tape du traitement de votre commande (validation, changement \u00e9ventuel de disponibilit\u00e9, exp\u00e9dition) un mail vous est automatiquement envoy\u00e9 sous r\u00e9serve que l\u2019adresse \u00e9lectronique indiqu\u00e9e dans le formulaire d\u2019inscription de comporte pas d\u2019erreur.<\/span><\/p><p class=\"p4\"><span class=\"s2\"><a href=\"http:\/\/YOLINAE.COM\">YOLINAE.COM<\/a><\/span><span class=\"s1\"> et la soci\u00e9t\u00e9 Y\u00d6LI NAE se r\u00e9servent la possibilit\u00e9 de ne pas confirmer une commande pour quelque raison que ce soit (probl\u00e8me concernant la commande re\u00e7ue ou probl\u00e8me d\u2019approvisionnement d\u2019articles). Elle dispose de 5 jours ouvr\u00e9s pour vous indiquer qu\u2019elle ne peut satisfaire la commande et vous demander de modifier, de reprogrammer ou d\u2019annuler celle-ci. <\/span><\/p><p class=\"p5\"><span class=\"s3\"><b>Zones et d\u00e9lais de livraison: modes de livraison \u00e0 confirmer lors du lancement de l&rsquo;activit\u00e9.<\/b><\/span><\/p><p class=\"p1\"><span class=\"s1\">Nous livrons vos articles o\u00f9 vous le souhaitez . Si vous voulez \u00eatre livr\u00e9(e) chez vous, sur le lieu du shooting, au si\u00e8ge de votre entreprise ou \u00e0 la r\u00e9daction ou autre m\u00e9dia pour qui vous travaillez, chez un(e) ami(e), un(e) voisin(e) \u2026 il vous suffit de le pr\u00e9ciser lors de votre commande en choisissant l\u2019option de livraison selon votre pays. <\/span><\/p><p class=\"p1\"><span class=\"s1\">Une estimation du d\u00e9lai de livraison est indiqu\u00e9e lors du choix de votre mode livraison. Voici les options de mode de livraison pour les commandes sur <a href=\"http:\/\/YOILINAE.COM\"><span class=\"s2\">YOILINAE.COM<\/span><\/a> <\/span><\/p><ul class=\"ul1\"><li class=\"li1\"><span class=\"s1\">Prestataire de coursier <\/span><\/li><li class=\"li1\"><span class=\"s1\">Colissimo <\/span><\/li><li class=\"li1\"><span class=\"s1\">UPS<\/span><\/li><\/ul><p class=\"p8\"><span class=\"s1\">Les modes de transport propos\u00e9s d\u00e9pendent du pays de livraison.<br \/>La livraison est effectu\u00e9e par la remise directe du produit au destinataire annonc\u00e9, avec \u00e0 chaque livraison, la signature d\u2019un accus\u00e9 de bonne r\u00e9ception par le destinataire identifi\u00e9.<br \/>Exception : le transporteur Colissimo, uniquement en France, peut d\u00e9poser le colis dans votre bo\u00eete \u00e0 lettres, si conforme.<\/span><\/p><p class=\"p8\"><span class=\"s1\">Il est conseill\u00e9, dans tous les cas de vous assurer du contenu et du bon \u00e9tat du colis avant de signer le bon de livraison. En cas de litige concernant le transport (casse, avarie, emballage d\u00e9t\u00e9rior\u00e9\u2026), il vous est conseill\u00e9 de le signaler par vos soins sur le bon de livraison sinon dans les 24h aupr\u00e8s du transporteur. Ce constat \u00e9crit du transporteur permet de ne pas \u00eatre tenu pour responsable du d\u00e9dommagement. <\/span><\/p><p class=\"p8\"><span class=\"s1\">Pour les livraisons contre signature, si vous ou le destinataire du colis \u00eates absent au moment de la livraison, si votre colis ne peut pas \u00eatre d\u00e9pos\u00e9 dans votre bo\u00eete \u00e0 lettres, un avis de passage sera laiss\u00e9 indiquant o\u00f9 et quand retirer le colis. Celui-ci sera conserv\u00e9 en instance dans un point de retrait. En cas de non retrait dans les d\u00e9lais impartis par le transporteur, les produits seront retourn\u00e9s \u00e0 Y\u00d6LI NAE<span class=\"Apple-converted-space\">\u00a0 <\/span>et les frais de ports restant \u00e0 la charge du Client.<\/span><\/p><p class=\"p8\"><span class=\"s1\">En cas de retard dans la livraison, vous devez contacter en priorit\u00e9 le transporteur ou son bureau de distribution dans le cas de La Poste, pour voir si le colis n\u2019est pas en instance. Le cas \u00e9ch\u00e9ant, vous devez contacter par courrier \u00e9lectronique le Service Client YOLINAE.COM afin d\u2019ouvrir un dossier de litige ou d\u2019enqu\u00eate pour effectuer une recherche du colis.<\/span><\/p><p class=\"p8\"><span class=\"s1\">Pour tout retard significatif, nous nous engageons \u00e0 vous d\u00e9dommager en vous offrant les frais de livraison sur votre prochaine commande. Toutefois, les d\u00e9passements de d\u00e9lai de livraison ne peuvent donner lieu \u00e0 des dommages et int\u00e9r\u00eats, ni \u00e0 retenue, ni \u00e0 annulation de commande en cours, en cas de gr\u00e8ves totales ou partielles, internes ou externes \u00e0 la soci\u00e9t\u00e9, blocage des moyens de transport ou d\u2019approvisionnement, restrictions gouvernementales ou l\u00e9gales\u2026. Le site YOLINAE.COM ne pourra pas non plus \u00eatre tenu pour responsable si des lois, r\u00e8glements ou tout autre \u00e9v\u00e9nement entra\u00eenant une retenue de vos articles aux fronti\u00e8res.<\/span><\/p><p class=\"p8\"><span class=\"s1\">Dans aucun cas, une fois la livraison effectu\u00e9e, le colis ne pourra \u00eatre remis \u00e0 nouveau au transporteur. Si vous constatez une non conformit\u00e9 dans le contenu de votre colis, vous devez contacter le Service Client YOLINAE.COM imm\u00e9diatement. Tout colis remis au transporteur apr\u00e8s la livraison ne pourra faire l\u2019objet d\u2019une r\u00e9clamation. Afin qu\u2019une r\u00e9clamation concernant votre livraison puisse \u00eatre prise en compte, vous devez imp\u00e9rativement contacter le Service Client YOLINAE.COM dans les 30 jours calendaires qui suivent l\u2019exp\u00e9dition de votre commande. Pass\u00e9 ce d\u00e9lai, nous ne pourrons r\u00e9pondre favorablement \u00e0 votre demande.<\/span><\/p><p class=\"p3\"><span class=\"s1\"><b>R\u00e9servation:<\/b><\/span><\/p><p class=\"p8\"><span class=\"s1\">La r\u00e9servation vous permet de mettre une option sur des pi\u00e8ces non disponibles afin de programmer votre r\u00e9servation d\u00e8s le retour shopping des pi\u00e8ces. La date de retour indiqu\u00e9e, peut ne constituer qu\u2019une estimation inform\u00e9e par la personne d\u00e9tenant le ou les produit(s). N\u00e9anmoins Y\u00f6li Na\u00e9 demande \u00e0 ce que les dates de retour soient respect\u00e9es pour vous offrir la gestion du stock possible. <\/span><\/p><p class=\"p8\"><span class=\"s1\">Vous n\u2019aurez aucun paiement \u00e0 effectuer, puisque les collections sont mises \u00e0 disposition en pr\u00eat pour les m\u00e9dias.<\/span><\/p><p class=\"p10\"><span class=\"s1\"><b>Garanties:<\/b><\/span><\/p><p class=\"p8\"><span class=\"s1\">La soci\u00e9t\u00e9 Y\u00f6li Na\u00e9 n\u2019est ni le producteur des produits pr\u00e9sent\u00e9s dans le cadre du site web <a href=\"http:\/\/www.yoilinae.com\"><span class=\"s2\">www.yoilinae.com<\/span><\/a>, au sens de la loi n\u00b098-389 du 19 mai 1998 et relative \u00e0 la responsabilit\u00e9 du fait des produits d\u00e9fectueux, ni un revendeur. Les collections sont mises \u00e0 disposition par Y\u00f6li Na\u00e9 en l\u2019\u00e9tat en pr\u00eat pour une p\u00e9riode d\u00e9finie et doivent \u00eatre restitu\u00e9es \u00e0 Y\u00f6li Na\u00e9 dans leur \u00e9tat d\u2019origine. <\/span><\/p><p class=\"p8\"><span class=\"s1\">En cons\u00e9quence, en cas de dommages caus\u00e9s \u00e0 une personne ou \u00e0 un bien par un d\u00e9faut du produit, seule la responsabilit\u00e9 du producteur de celui-ci pourra \u00eatre recherch\u00e9e par le<b> <\/b>l\u2019utilisateur sur la base des informations figurant sur l\u2019\u00e9tiquette du ou des produit(s). De plus la soci\u00e9t\u00e9 rappelle que les produits, services et informations propos\u00e9s par <a href=\"http:\/\/YOLINAE.COM\"><span class=\"s2\">YOLINAE.COM<\/span><\/a> ne se substituent en aucune fa\u00e7on \u00e0 la vigilance de tous les instants des adultes. <\/span><\/p><p class=\"p10\"><span class=\"s1\"><b>Contestations: <\/b><\/span><\/p><p class=\"p8\"><span class=\"s1\">Les r\u00e9clamations ou contestations seront toujours re\u00e7ues avec une bienveillance attentive. En cas de litige, vous vous adresserez en priorit\u00e9 \u00e0 la soci\u00e9t\u00e9 YOLI NAE pour obtenir une solution amiable, par courrier: YOLI NAE &#8211; Service Clients &#8211; 96, Avenue de Villiers &#8211; 75017 &#8211; PARIS<span class=\"Apple-converted-space\">\u00a0 <\/span>&#8211; FRANCE ou via le formulaire de contact dans la rubrique Contact du site <a href=\"http:\/\/YOLINAE.COM\"><span class=\"s2\">YOLINAE.COM<\/span><\/a>\u00a0<\/span><\/p><p class=\"p8\"><span class=\"s1\">A d\u00e9faut et sous r\u00e9serve de la qualit\u00e9 de \u00ab\u00a0commer\u00e7ant\u00a0\u00bb du client, tout litige relatif \u00e0 l\u2019interpr\u00e9tation ou \u00e0 l\u2019ex\u00e9cution des pr\u00e9sentes conditions g\u00e9n\u00e9rales sera de la comp\u00e9tence exclusive du Tribunal de Commerce de Paris (\u00e0 v\u00e9rifier si valable pour YN) <\/span><\/p><p class=\"p10\"><span class=\"s1\"><b>Confidentialit\u00e9: <\/b><\/span><\/p><p class=\"p13\"><span class=\"s1\">Nous vous garantissons la confidentialit\u00e9 des informations nominatives saisies. Conform\u00e9ment \u00e0 la loi fran\u00e7aise \u00ab\u00a0Information et libert\u00e9s\u00a0\u00bb n\u00b078-17 du 6 janvier 1978, vous disposez d\u2019un droit d\u2019acc\u00e8s et de rectification aux donn\u00e9es vous concernant. Vous pouvez exercer ce droit en nous envoyant un courrier \u00e0 l\u2019adresse suivante: YOLI NAE &#8211; Service Clients &#8211; 96, Avenue de Villiers &#8211; 75017 &#8211; PARIS<span class=\"Apple-converted-space\">\u00a0 <\/span>&#8211; FRANCE ou via le formulaire de contact dans la rubrique Contact du site <a href=\"http:\/\/YOLINAE.COM\"><span class=\"s2\">YOLINAE.COM<\/span><\/a>\u00a0<\/span><\/p><p class=\"p10\"><span class=\"s1\"><b>Propri\u00e9t\u00e9 intellectuelle<\/b><\/span><span class=\"s6\"><b>:<\/b><\/span><\/p><p class=\"p13\"><span class=\"s1\">Le site <a href=\"http:\/\/YOLINAE.COM\"><span class=\"s2\">YOLINAE.COM<\/span><\/a> est con\u00e7u et g\u00e9r\u00e9 par la soci\u00e9t\u00e9 <a href=\"http:\/\/YOLINAE.COM\"><span class=\"s2\">YOLINAE.COM<\/span><\/a> . Tous les \u00e9l\u00e9ments du site <a href=\"http:\/\/YOLINAE.COM\"><span class=\"s2\">YOLINAE.COM<\/span><\/a>, qu\u2019ils soient visuels ou sonores, y compris la technologie sous jacente, sont ainsi prot\u00e9g\u00e9s par le droit d\u2019auteur, des marques et brevets. Il sont la propri\u00e9t\u00e9 exclusive de la soci\u00e9t\u00e9 YOLI NAE. <\/span><\/p><p class=\"p13\"><span class=\"s1\">L\u2019utilisateur qui dispose d\u2019un site Internet \u00e0 titre personnel et qui d\u00e9sire placer, pour un usage personnel, sur son site un lien simple renvoyant directement \u00e0 la page d\u2019accueil du site YOLINAE.COM, devra obligatoirement en demander l\u2019autorisation \u00e0 la soci\u00e9t\u00e9 Y\u00d6LI NAE. Dans tous les cas, tout lien, m\u00eame tacitement autoris\u00e9, devra \u00eatre retir\u00e9 sur simple demande de la soci\u00e9t\u00e9 Y\u00d6LI NAE. <\/span><\/p><p class=\"p13\"><span class=\"s1\">En cons\u00e9quence, la reproduction partielle ou totale sur quelque support que ce soit des \u00e9l\u00e9ments composant le site, leur utilisation ainsi que leur mise \u00e0 disposition de tiers sont formellement interdits et feront syst\u00e9matiquement l\u2019objet de poursuite.<\/span><\/p><p class=\"p10\"><span class=\"s1\"><b>Int\u00e9gralit\u00e9 des conditions: <\/b><\/span><\/p><p class=\"p13\"><span class=\"s1\">Un changement de l\u00e9gislation, de r\u00e9glementation ou une d\u00e9cision de justice rendant une ou plusieurs clauses de ces conditions g\u00e9n\u00e9rales d\u2019utilisation nulle et non avenue ne saurait affecter la validit\u00e9 des pr\u00e9sentes conditions g\u00e9n\u00e9rales d\u2019utilisation. Un tel changement ou constat ne pourrait en aucun cas permettre \u00e0 l\u2019utilisateur de ne pas respecter ces conditions g\u00e9n\u00e9rales d\u2019utilisation. <\/span><\/p><p class=\"p13\"><span class=\"s1\">Si une condition n\u2019\u00e9tait pas explicitement mentionn\u00e9e, elle serait consid\u00e9r\u00e9e comme r\u00e9gie par les usages en vigueur dans le secteur de l\u2019utilisation \u00e0 distance dont les soci\u00e9t\u00e9s ont si\u00e8ge en France.<\/span><\/p><p class=\"p10\"><span class=\"s1\"><b>Dur\u00e9e et Application: <\/b><\/span><\/p><p class=\"p13\"><span class=\"s1\">Les pr\u00e9sentes Conditions s\u2019appliquent pendant toute la dur\u00e9e de mise en ligne des services offerts par la soci\u00e9t\u00e9 Y\u00d6LI NAE. Elles sont modifiables \u00e0 tout moment par Y\u00d6LI NA\u00c9 SAS.<\/span><\/p><p class=\"p10\"><span class=\"s1\"><b>Responsabilit\u00e9:<\/b><\/span><\/p><p class=\"p13\"><span class=\"s1\">YOLI NAE s\u2019engage pour toutes les \u00e9tapes de prise de commande ainsi que pour les \u00e9tapes post\u00e9rieures \u00e0 un r\u00e9sultat. <\/span><\/p><p class=\"p13\"><span class=\"s1\">Ainsi Y\u00d6LI NA\u00c9 s\u2019engage \u00e0 d\u00e9crire avec pr\u00e9cision les produits propos\u00e9s sur le site Internet <a href=\"http:\/\/YOLINAE.COM\"><span class=\"s2\">YOLINAE.COM<\/span><\/a><\/span><\/p><p class=\"p13\"><span class=\"s1\">Les produits propos\u00e9s sont conformes \u00e0 la l\u00e9gislation fran\u00e7aise en vigueur et aux normes applicables en France. La responsabilit\u00e9 de Y\u00d6LI NAE ne saurait \u00eatre engag\u00e9e en cas de non-respect de la l\u00e9gislation du pays o\u00f9 le produit est livr\u00e9. Il appartient au client de Y\u00d6LI NA\u00c9 de v\u00e9rifier aupr\u00e8s des autorit\u00e9s locales les possibilit\u00e9s d\u2019importation ou d\u2019utilisation des produits qu\u2019il envisage mettre \u00e0 disposition des m\u00e9dias sur <a href=\"http:\/\/YOLINAE.COM\"><span class=\"s2\">YOLINAE.COM<\/span><\/a> pour des commandes et des envois. <\/span><\/p><p class=\"p13\"><span class=\"s1\">Y\u00d6LI NAE ne pourrait voir sa responsabilit\u00e9 engag\u00e9e pour les inconv\u00e9nients et dommages relatifs \u00e0 l\u2019utilisation du r\u00e9seau Internet tels notamment une rupture dans le service, la pr\u00e9sence de virus informatiques ou intrusions ext\u00e9rieures ou plus g\u00e9n\u00e9ralement tous cas qualifi\u00e9s de force majeure par les tribunaux.<\/span><\/p>\t\t\t\t\t<\/div>\n\t\t\t\t\t\t<\/div>\n\t\t\t\t<\/div>\n\t\t\t\t\t\t<\/div>\n\t\t\t\t\t<\/div>\n\t\t<\/div>\n\t\t\t\t\t\t\t\t<\/div>\n\t\t\t\t\t<\/div>\n\t\t<\/section>\n\t\t\t\t\t\t\t\t\t<\/div>\n\t\t\t<\/div>\n\t\t\t\t\t<\/div>\n\t\t","protected":false},"excerpt":{"rendered":"<p>CGU: Conditions G\u00e9n\u00e9rales d\u2019utilisation Le site yolinae.com, showroom digital, est exploit\u00e9 par la soci\u00e9t\u00e9 Y\u00f6li Na\u00e9 au capital de 2 000 \u20ac, ayant son si\u00e8ge social \u00e0 PARIS (96, Avenue de Villiers &#8211; 75017 Paris) et inscrite au registre du commerce est des soci\u00e9t\u00e9s de Paris sous le num\u00e9ro 853 840 460 RCS PARIS N\u00b0 [&hellip;]<\/p>\n","protected":false},"author":4,"featured_media":0,"parent":0,"menu_order":0,"comment_status":"closed","ping_status":"closed","template":"","meta":[],"yoast_head":"<!-- This site is optimized with the Yoast SEO plugin v19.8 - https:\/\/yoast.com\/wordpress\/plugins\/seo\/ -->\n<title>CGU - Y\u00f6li Na\u00e9<\/title>\n<meta name=\"robots\" content=\"index, follow, max-snippet:-1, max-image-preview:large, max-video-preview:-1\" \/>\n<link rel=\"canonical\" href=\"https:\/\/yolinae.com\/fr\/cgu\/\" \/>\n<meta property=\"og:locale\" content=\"fr_FR\" \/>\n<meta property=\"og:type\" content=\"article\" \/>\n<meta property=\"og:title\" content=\"CGU - Y\u00f6li Na\u00e9\" \/>\n<meta property=\"og:description\" content=\"CGU: Conditions G\u00e9n\u00e9rales d\u2019utilisation Le site yolinae.com, showroom digital, est exploit\u00e9 par la soci\u00e9t\u00e9 Y\u00f6li Na\u00e9 au capital de 2 000 \u20ac, ayant son si\u00e8ge social \u00e0 PARIS (96, Avenue de Villiers &#8211; 75017 Paris) et inscrite au registre du commerce est des soci\u00e9t\u00e9s de Paris sous le num\u00e9ro 853 840 460 RCS PARIS N\u00b0 [&hellip;]\" \/>\n<meta property=\"og:url\" content=\"https:\/\/yolinae.com\/fr\/cgu\/\" \/>\n<meta property=\"og:site_name\" content=\"Y\u00f6li Na\u00e9\" \/>\n<meta property=\"article:modified_time\" content=\"2020-04-10T15:46:09+00:00\" \/>\n<meta name=\"twitter:card\" content=\"summary_large_image\" \/>\n<meta name=\"twitter:label1\" content=\"Dur\u00e9e de lecture estim\u00e9e\" \/>\n\t<meta name=\"twitter:data1\" content=\"10 minutes\" \/>\n<script type=\"application\/ld+json\" class=\"yoast-schema-graph\">{\"@context\":\"https:\/\/schema.org\",\"@graph\":[{\"@type\":\"WebPage\",\"@id\":\"https:\/\/yolinae.com\/fr\/cgu\/\",\"url\":\"https:\/\/yolinae.com\/fr\/cgu\/\",\"name\":\"CGU - Y\u00f6li Na\u00e9\",\"isPartOf\":{\"@id\":\"https:\/\/yolinae.com\/fr\/#website\"},\"datePublished\":\"2019-08-21T09:55:51+00:00\",\"dateModified\":\"2020-04-10T15:46:09+00:00\",\"breadcrumb\":{\"@id\":\"https:\/\/yolinae.com\/fr\/cgu\/#breadcrumb\"},\"inLanguage\":\"fr-FR\",\"potentialAction\":[{\"@type\":\"ReadAction\",\"target\":[\"https:\/\/yolinae.com\/fr\/cgu\/\"]}]},{\"@type\":\"BreadcrumbList\",\"@id\":\"https:\/\/yolinae.com\/fr\/cgu\/#breadcrumb\",\"itemListElement\":[{\"@type\":\"ListItem\",\"position\":1,\"name\":\"Home\",\"item\":\"https:\/\/yolinae.com\/\"},{\"@type\":\"ListItem\",\"position\":2,\"name\":\"CGU\"}]},{\"@type\":\"WebSite\",\"@id\":\"https:\/\/yolinae.com\/fr\/#website\",\"url\":\"https:\/\/yolinae.com\/fr\/\",\"name\":\"Y\u00f6li Na\u00e9\",\"description\":\"Showroom presse digital d\u00e9di\u00e9 aux professionnels de la mode enfantine\",\"publisher\":{\"@id\":\"https:\/\/yolinae.com\/fr\/#organization\"},\"potentialAction\":[{\"@type\":\"SearchAction\",\"target\":{\"@type\":\"EntryPoint\",\"urlTemplate\":\"https:\/\/yolinae.com\/fr\/?s={search_term_string}\"},\"query-input\":\"required name=search_term_string\"}],\"inLanguage\":\"fr-FR\"},{\"@type\":\"Organization\",\"@id\":\"https:\/\/yolinae.com\/fr\/#organization\",\"name\":\"Y\u00f6li Na\u00e9\",\"url\":\"https:\/\/yolinae.com\/fr\/\",\"sameAs\":[],\"logo\":{\"@type\":\"ImageObject\",\"inLanguage\":\"fr-FR\",\"@id\":\"https:\/\/yolinae.com\/fr\/#\/schema\/logo\/image\/\",\"url\":\"https:\/\/yolinae.com\/wp-content\/uploads\/2019\/08\/YN_Logos_Blanc.svg\",\"contentUrl\":\"https:\/\/yolinae.com\/wp-content\/uploads\/2019\/08\/YN_Logos_Blanc.svg\",\"width\":238,\"height\":91,\"caption\":\"Y\u00f6li Na\u00e9\"},\"image\":{\"@id\":\"https:\/\/yolinae.com\/fr\/#\/schema\/logo\/image\/\"}}]}<\/script>\n<!-- \/ Yoast SEO plugin. -->","yoast_head_json":{"title":"CGU - Y\u00f6li Na\u00e9","robots":{"index":"index","follow":"follow","max-snippet":"max-snippet:-1","max-image-preview":"max-image-preview:large","max-video-preview":"max-video-preview:-1"},"canonical":"https:\/\/yolinae.com\/fr\/cgu\/","og_locale":"fr_FR","og_type":"article","og_title":"CGU - Y\u00f6li Na\u00e9","og_description":"CGU: Conditions G\u00e9n\u00e9rales d\u2019utilisation Le site yolinae.com, showroom digital, est exploit\u00e9 par la soci\u00e9t\u00e9 Y\u00f6li Na\u00e9 au capital de 2 000 \u20ac, ayant son si\u00e8ge social \u00e0 PARIS (96, Avenue de Villiers &#8211; 75017 Paris) et inscrite au registre du commerce est des soci\u00e9t\u00e9s de Paris sous le num\u00e9ro 853 840 460 RCS PARIS N\u00b0 [&hellip;]","og_url":"https:\/\/yolinae.com\/fr\/cgu\/","og_site_name":"Y\u00f6li Na\u00e9","article_modified_time":"2020-04-10T15:46:09+00:00","twitter_card":"summary_large_image","twitter_misc":{"Dur\u00e9e de lecture estim\u00e9e":"10 minutes"},"schema":{"@context":"https:\/\/schema.org","@graph":[{"@type":"WebPage","@id":"https:\/\/yolinae.com\/fr\/cgu\/","url":"https:\/\/yolinae.com\/fr\/cgu\/","name":"CGU - Y\u00f6li Na\u00e9","isPartOf":{"@id":"https:\/\/yolinae.com\/fr\/#website"},"datePublished":"2019-08-21T09:55:51+00:00","dateModified":"2020-04-10T15:46:09+00:00","breadcrumb":{"@id":"https:\/\/yolinae.com\/fr\/cgu\/#breadcrumb"},"inLanguage":"fr-FR","potentialAction":[{"@type":"ReadAction","target":["https:\/\/yolinae.com\/fr\/cgu\/"]}]},{"@type":"BreadcrumbList","@id":"https:\/\/yolinae.com\/fr\/cgu\/#breadcrumb","itemListElement":[{"@type":"ListItem","position":1,"name":"Home","item":"https:\/\/yolinae.com\/"},{"@type":"ListItem","position":2,"name":"CGU"}]},{"@type":"WebSite","@id":"https:\/\/yolinae.com\/fr\/#website","url":"https:\/\/yolinae.com\/fr\/","name":"Y\u00f6li Na\u00e9","description":"Showroom presse digital d\u00e9di\u00e9 aux professionnels de la mode enfantine","publisher":{"@id":"https:\/\/yolinae.com\/fr\/#organization"},"potentialAction":[{"@type":"SearchAction","target":{"@type":"EntryPoint","urlTemplate":"https:\/\/yolinae.com\/fr\/?s={search_term_string}"},"query-input":"required name=search_term_string"}],"inLanguage":"fr-FR"},{"@type":"Organization","@id":"https:\/\/yolinae.com\/fr\/#organization","name":"Y\u00f6li Na\u00e9","url":"https:\/\/yolinae.com\/fr\/","sameAs":[],"logo":{"@type":"ImageObject","inLanguage":"fr-FR","@id":"https:\/\/yolinae.com\/fr\/#\/schema\/logo\/image\/","url":"https:\/\/yolinae.com\/wp-content\/uploads\/2019\/08\/YN_Logos_Blanc.svg","contentUrl":"https:\/\/yolinae.com\/wp-content\/uploads\/2019\/08\/YN_Logos_Blanc.svg","width":238,"height":91,"caption":"Y\u00f6li Na\u00e9"},"image":{"@id":"https:\/\/yolinae.com\/fr\/#\/schema\/logo\/image\/"}}]}},"_links":{"self":[{"href":"https:\/\/yolinae.com\/fr\/wp-json\/wp\/v2\/pages\/90"}],"collection":[{"href":"https:\/\/yolinae.com\/fr\/wp-json\/wp\/v2\/pages"}],"about":[{"href":"https:\/\/yolinae.com\/fr\/wp-json\/wp\/v2\/types\/page"}],"author":[{"embeddable":true,"href":"https:\/\/yolinae.com\/fr\/wp-json\/wp\/v2\/users\/4"}],"replies":[{"embeddable":true,"href":"https:\/\/yolinae.com\/fr\/wp-json\/wp\/v2\/comments?post=90"}],"version-history":[{"count":0,"href":"https:\/\/yolinae.com\/fr\/wp-json\/wp\/v2\/pages\/90\/revisions"}],"wp:attachment":[{"href":"https:\/\/yolinae.com\/fr\/wp-json\/wp\/v2\/media?parent=90"}],"curies":[{"name":"wp","href":"https:\/\/api.w.org\/{rel}","templated":true}]}}