{"id":8911,"date":"2020-04-28T18:22:56","date_gmt":"2020-04-28T18:22:56","guid":{"rendered":"https:\/\/yolinae.com\/?page_id=8911"},"modified":"2022-06-27T16:16:23","modified_gmt":"2022-06-27T14:16:23","slug":"mood-street-style","status":"publish","type":"page","link":"https:\/\/yolinae.com\/fr\/mood\/mood-street-style\/","title":{"rendered":"Mood Street Style"},"content":{"rendered":"\t\t<div data-elementor-type=\"wp-page\" data-elementor-id=\"8911\" class=\"elementor elementor-8911\">\n\t\t\t\t\t\t<div class=\"elementor-inner\">\n\t\t\t\t<div class=\"elementor-section-wrap\">\n\t\t\t\t\t\t\t\t\t<section class=\"elementor-section elementor-top-section elementor-element elementor-element-7f11e3f elementor-section-boxed elementor-section-height-default elementor-section-height-default\" data-id=\"7f11e3f\" data-element_type=\"section\">\n\t\t\t\t\t\t<div class=\"elementor-container elementor-column-gap-default\">\n\t\t\t\t\t\t\t<div class=\"elementor-row\">\n\t\t\t\t\t<div class=\"elementor-column elementor-col-100 elementor-top-column elementor-element elementor-element-dfba32c\" data-id=\"dfba32c\" data-element_type=\"column\">\n\t\t\t<div class=\"elementor-column-wrap elementor-element-populated\">\n\t\t\t\t\t\t\t<div class=\"elementor-widget-wrap\">\n\t\t\t\t\t\t<div class=\"elementor-element elementor-element-dd871a1 elementor-widget elementor-widget-image\" data-id=\"dd871a1\" data-element_type=\"widget\" data-widget_type=\"image.default\">\n\t\t\t\t<div class=\"elementor-widget-container\">\n\t\t\t\t\t\t\t\t<div class=\"elementor-image\">\n\t\t\t\t\t\t\t\t\t\t\t\t<img src=\"https:\/\/yolinae.com\/wp-content\/uploads\/elementor\/thumbs\/STREET-STYLE-MOOD-WEB-oo5xo2i69hpygnu3228j85ofk3yzeor84c3a99akbg.png\" title=\"STREET-STYLE-MOOD-WEB\" alt=\"STREET-STYLE-MOOD-WEB\" \/>\t\t\t\t\t\t\t\t\t\t\t\t\t\t<\/div>\n\t\t\t\t\t\t<\/div>\n\t\t\t\t<\/div>\n\t\t\t\t\t\t<\/div>\n\t\t\t\t\t<\/div>\n\t\t<\/div>\n\t\t\t\t\t\t\t\t<\/div>\n\t\t\t\t\t<\/div>\n\t\t<\/section>\n\t\t\t\t<section class=\"elementor-section elementor-top-section elementor-element elementor-element-a7d1b8e elementor-section-boxed elementor-section-height-default elementor-section-height-default\" data-id=\"a7d1b8e\" data-element_type=\"section\">\n\t\t\t\t\t\t<div class=\"elementor-container elementor-column-gap-default\">\n\t\t\t\t\t\t\t<div class=\"elementor-row\">\n\t\t\t\t\t<div class=\"elementor-column elementor-col-100 elementor-top-column elementor-element elementor-element-35ba48a\" data-id=\"35ba48a\" data-element_type=\"column\">\n\t\t\t<div class=\"elementor-column-wrap elementor-element-populated\">\n\t\t\t\t\t\t\t<div class=\"elementor-widget-wrap\">\n\t\t\t\t\t\t<div class=\"elementor-element elementor-element-8632bca elementor-widget elementor-widget-text-editor\" data-id=\"8632bca\" data-element_type=\"widget\" data-widget_type=\"text-editor.default\">\n\t\t\t\t<div class=\"elementor-widget-container\">\n\t\t\t\t\t\t\t\t<div class=\"elementor-text-editor elementor-clearfix\">\n\t\t\t\t<p class=\"p2\">Un mood qui pointe le bout de son nez \u00e0 chaque coin de rue. Une s\u00e9lection streetwear pour des looks confortables, un brin moins sage et sans barri\u00e8re. Bien plus qu\u2019une mode, le style urbain est une culture qui a ses propres codes: hip-hop, rap, graffitis, sports de rue \u2026<\/p><p>Un univers qui s&rsquo;inspire de la vie quotidienne.\u00a0<\/p>\t\t\t\t\t<\/div>\n\t\t\t\t\t\t<\/div>\n\t\t\t\t<\/div>\n\t\t\t\t\t\t<\/div>\n\t\t\t\t\t<\/div>\n\t\t<\/div>\n\t\t\t\t\t\t\t\t<\/div>\n\t\t\t\t\t<\/div>\n\t\t<\/section>\n\t\t\t\t<section class=\"elementor-section elementor-top-section elementor-element elementor-element-ae6382f elementor-section-boxed elementor-section-height-default elementor-section-height-default\" data-id=\"ae6382f\" data-element_type=\"section\">\n\t\t\t\t\t\t<div class=\"elementor-container elementor-column-gap-default\">\n\t\t\t\t\t\t\t<div class=\"elementor-row\">\n\t\t\t\t\t<div class=\"elementor-column elementor-col-100 elementor-top-column elementor-element elementor-element-dcb08c2\" data-id=\"dcb08c2\" data-element_type=\"column\">\n\t\t\t<div class=\"elementor-column-wrap elementor-element-populated\">\n\t\t\t\t\t\t\t<div class=\"elementor-widget-wrap\">\n\t\t\t\t\t\t<div class=\"elementor-element elementor-element-0e379cc elementor-grid-4 elementor-grid-tablet-3 elementor-grid-mobile-2 elementor-products-grid elementor-wc-products elementor-widget elementor-widget-woocommerce-products\" data-id=\"0e379cc\" data-element_type=\"widget\" data-widget_type=\"woocommerce-products.default\">\n\t\t\t\t<div class=\"elementor-widget-container\">\n\t\t\t<div class=\"woocommerce columns-4 \">\r\n<ul class=\"products elementor-grid oceanwp-row clr grid mobile-col mobile-1-col\">\r\n<li class=\"entry has-media col span_1_of_4 owp-content-center owp-thumbs-layout-horizontal owp-btn-normal owp-tabs-layout-horizontal product type-product post-22874 status-publish first instock product_cat-bebes-jp product_cat-bebes-jouets product_cat-filles-jp product_cat-filles-jouets product_cat-jouets product_cat-jouets-jouets product_tag-neo-family has-post-thumbnail shipping-taxable purchasable product-type-simple\">\n\t<div class=\"product-inner clr\"><div class=\"tinv-wraper woocommerce tinv-wishlist tinvwl-above_thumb-add-to-cart tinvwl-loop-button-wrapper\"\n\t data-tinvwl_product_id=\"22874\">\n\t<a role=\"button\" tabindex=\"0\" aria-label=\"Ajouter \u00e0 la Y\u00f6li liste\" class=\"tinvwl_add_to_wishlist_button tinvwl-icon-heart no-txt tinvwl-product-already-on-wishlist  tinvwl-position-above_thumb ftinvwl-animated tinvwl-loop\" data-tinv-wl-list=\"[]\" data-tinv-wl-product=\"22874\" data-tinv-wl-productvariation=\"0\" data-tinv-wl-productvariations=\"[0]\" data-tinv-wl-producttype=\"simple\" data-tinv-wl-action=\"add\"><\/a>\t\t<div class=\"tinvwl-tooltip\">Ajouter \u00e0 la Y\u00f6li liste<\/div>\n<\/div>\n\n\t<div class=\"woo-entry-image-swap woo-entry-image clr\">\n\t\t<a href=\"https:\/\/yolinae.com\/fr\/products\/garcons\/jouets\/jouets-jouets\/stac-burger-shack\/\" class=\"woocommerce-LoopProduct-link\"><img width=\"280\" height=\"280\" src=\"https:\/\/yolinae.com\/wp-content\/uploads\/2021\/12\/burger_shack_quarter_v2-1-280x280.jpg\" class=\"woo-entry-image-main\" alt=\"Stac &#8211; Burger Shack\" srcset=\"https:\/\/yolinae.com\/wp-content\/uploads\/2021\/12\/burger_shack_quarter_v2-1-280x280.jpg 280w, https:\/\/yolinae.com\/wp-content\/uploads\/2021\/12\/burger_shack_quarter_v2-1-300x300.jpg 300w, https:\/\/yolinae.com\/wp-content\/uploads\/2021\/12\/burger_shack_quarter_v2-1-150x150.jpg 150w, https:\/\/yolinae.com\/wp-content\/uploads\/2021\/12\/burger_shack_quarter_v2-1-768x768.jpg 768w, https:\/\/yolinae.com\/wp-content\/uploads\/2021\/12\/burger_shack_quarter_v2-1-12x12.jpg 12w, https:\/\/yolinae.com\/wp-content\/uploads\/2021\/12\/burger_shack_quarter_v2-1-600x600.jpg 600w, https:\/\/yolinae.com\/wp-content\/uploads\/2021\/12\/burger_shack_quarter_v2-1-100x100.jpg 100w, https:\/\/yolinae.com\/wp-content\/uploads\/2021\/12\/burger_shack_quarter_v2-1-64x64.jpg 64w, https:\/\/yolinae.com\/wp-content\/uploads\/2021\/12\/burger_shack_quarter_v2-1.jpg 1000w\" sizes=\"(max-width: 280px) 100vw, 280px\" \/><img width=\"280\" height=\"280\" src=\"https:\/\/yolinae.com\/wp-content\/uploads\/2021\/12\/burger_shack_Packaging-1-280x280.jpg\" class=\"woo-entry-image-secondary\" alt=\"Stac &#8211; Burger Shack\" srcset=\"https:\/\/yolinae.com\/wp-content\/uploads\/2021\/12\/burger_shack_Packaging-1-280x280.jpg 280w, https:\/\/yolinae.com\/wp-content\/uploads\/2021\/12\/burger_shack_Packaging-1-300x300.jpg 300w, https:\/\/yolinae.com\/wp-content\/uploads\/2021\/12\/burger_shack_Packaging-1-150x150.jpg 150w, https:\/\/yolinae.com\/wp-content\/uploads\/2021\/12\/burger_shack_Packaging-1-768x768.jpg 768w, https:\/\/yolinae.com\/wp-content\/uploads\/2021\/12\/burger_shack_Packaging-1-12x12.jpg 12w, https:\/\/yolinae.com\/wp-content\/uploads\/2021\/12\/burger_shack_Packaging-1-600x600.jpg 600w, https:\/\/yolinae.com\/wp-content\/uploads\/2021\/12\/burger_shack_Packaging-1-100x100.jpg 100w, https:\/\/yolinae.com\/wp-content\/uploads\/2021\/12\/burger_shack_Packaging-1-64x64.jpg 64w, https:\/\/yolinae.com\/wp-content\/uploads\/2021\/12\/burger_shack_Packaging-1.jpg 1000w\" sizes=\"(max-width: 280px) 100vw, 280px\" \/><\/a>\t<\/div><!-- .woo-entry-image-swap -->\n\n<div class=\"yith-wcqv-button inside-thumb\" data-product_id=\"22874\"><img src=\"\" class=\"yith-wcqv-icon\"\/><\/div><ul class=\"woo-entry-inner clr\"><li class=\"image-wrap\">\n\t<div class=\"woo-entry-image-swap woo-entry-image clr\">\n\t\t<a href=\"https:\/\/yolinae.com\/fr\/products\/garcons\/jouets\/jouets-jouets\/stac-burger-shack\/\" class=\"woocommerce-LoopProduct-link\"><img width=\"280\" height=\"280\" src=\"https:\/\/yolinae.com\/wp-content\/uploads\/2021\/12\/burger_shack_quarter_v2-1-280x280.jpg\" class=\"woo-entry-image-main\" alt=\"Stac &#8211; Burger Shack\" srcset=\"https:\/\/yolinae.com\/wp-content\/uploads\/2021\/12\/burger_shack_quarter_v2-1-280x280.jpg 280w, https:\/\/yolinae.com\/wp-content\/uploads\/2021\/12\/burger_shack_quarter_v2-1-300x300.jpg 300w, https:\/\/yolinae.com\/wp-content\/uploads\/2021\/12\/burger_shack_quarter_v2-1-150x150.jpg 150w, https:\/\/yolinae.com\/wp-content\/uploads\/2021\/12\/burger_shack_quarter_v2-1-768x768.jpg 768w, https:\/\/yolinae.com\/wp-content\/uploads\/2021\/12\/burger_shack_quarter_v2-1-12x12.jpg 12w, https:\/\/yolinae.com\/wp-content\/uploads\/2021\/12\/burger_shack_quarter_v2-1-600x600.jpg 600w, https:\/\/yolinae.com\/wp-content\/uploads\/2021\/12\/burger_shack_quarter_v2-1-100x100.jpg 100w, https:\/\/yolinae.com\/wp-content\/uploads\/2021\/12\/burger_shack_quarter_v2-1-64x64.jpg 64w, https:\/\/yolinae.com\/wp-content\/uploads\/2021\/12\/burger_shack_quarter_v2-1.jpg 1000w\" sizes=\"(max-width: 280px) 100vw, 280px\" \/><img width=\"280\" height=\"280\" src=\"https:\/\/yolinae.com\/wp-content\/uploads\/2021\/12\/burger_shack_Packaging-1-280x280.jpg\" class=\"woo-entry-image-secondary\" alt=\"Stac &#8211; Burger Shack\" srcset=\"https:\/\/yolinae.com\/wp-content\/uploads\/2021\/12\/burger_shack_Packaging-1-280x280.jpg 280w, https:\/\/yolinae.com\/wp-content\/uploads\/2021\/12\/burger_shack_Packaging-1-300x300.jpg 300w, https:\/\/yolinae.com\/wp-content\/uploads\/2021\/12\/burger_shack_Packaging-1-150x150.jpg 150w, https:\/\/yolinae.com\/wp-content\/uploads\/2021\/12\/burger_shack_Packaging-1-768x768.jpg 768w, https:\/\/yolinae.com\/wp-content\/uploads\/2021\/12\/burger_shack_Packaging-1-12x12.jpg 12w, https:\/\/yolinae.com\/wp-content\/uploads\/2021\/12\/burger_shack_Packaging-1-600x600.jpg 600w, https:\/\/yolinae.com\/wp-content\/uploads\/2021\/12\/burger_shack_Packaging-1-100x100.jpg 100w, https:\/\/yolinae.com\/wp-content\/uploads\/2021\/12\/burger_shack_Packaging-1-64x64.jpg 64w, https:\/\/yolinae.com\/wp-content\/uploads\/2021\/12\/burger_shack_Packaging-1.jpg 1000w\" sizes=\"(max-width: 280px) 100vw, 280px\" \/><\/a>\t<\/div><!-- .woo-entry-image-swap -->\n\n<\/li><li class=\"category\"><a href=\"https:\/\/yolinae.com\/fr\/category\/bebes\/bebes-jouets\/bebes-jp\/\" rel=\"tag\">Jouets<\/a>, <a href=\"https:\/\/yolinae.com\/fr\/category\/bebes\/bebes-jouets\/\" rel=\"tag\">Jouets<\/a>, <a href=\"https:\/\/yolinae.com\/fr\/category\/filles\/filles-jp\/\" rel=\"tag\">Jouets<\/a>, <a href=\"https:\/\/yolinae.com\/fr\/category\/filles\/filles-jp\/filles-jouets\/\" rel=\"tag\">Jouets<\/a>, <a href=\"https:\/\/yolinae.com\/fr\/category\/garcons\/jouets\/\" rel=\"tag\">Jouets<\/a>, <a href=\"https:\/\/yolinae.com\/fr\/category\/garcons\/jouets\/jouets-jouets\/\" rel=\"tag\">Jouets<\/a><\/li><a href=\"https:\/\/yolinae.com\/fr\/brand\/neo-family\/\" class=\"tag\">Neo Family<\/a><br><a href=\"https:\/\/yolinae.com\/fr\/brands\/candylab\/\" class=\"brand\">CANDYLAB<\/a><li class=\"title\"><h2><a href=\"https:\/\/yolinae.com\/fr\/products\/garcons\/jouets\/jouets-jouets\/stac-burger-shack\/\">Stac &#8211; Burger Shack<\/a><\/h2><\/li><li class=\"price-wrap\">\n<\/li><li class=\"rating\"><\/li><li class=\"btn-wrap clr\"><a href=\"?add-to-cart=22874\" data-quantity=\"1\" class=\"button product_type_simple add_to_cart_button ajax_add_to_cart\" data-product_id=\"22874\" data-product_sku=\"\" aria-label=\"Ajouter &ldquo;Stac - Burger Shack&rdquo; \u00e0 votre panier\" rel=\"nofollow\">Ajouter au panier<\/a><\/li><\/ul><\/div><!-- .product-inner .clr --><\/li>\n<\/ul>\n<\/div>\t\t<\/div>\n\t\t\t\t<\/div>\n\t\t\t\t\t\t<\/div>\n\t\t\t\t\t<\/div>\n\t\t<\/div>\n\t\t\t\t\t\t\t\t<\/div>\n\t\t\t\t\t<\/div>\n\t\t<\/section>\n\t\t\t\t\t\t\t\t\t<\/div>\n\t\t\t<\/div>\n\t\t\t\t\t<\/div>\n\t\t","protected":false},"excerpt":{"rendered":"<p>Un mood qui pointe le bout de son nez \u00e0 chaque coin de rue. Une s\u00e9lection streetwear pour des looks confortables, un brin moins sage et sans barri\u00e8re. Bien plus qu\u2019une mode, le style urbain est une culture qui a ses propres codes: hip-hop, rap, graffitis, sports de rue \u2026 Un univers qui s&rsquo;inspire de [&hellip;]<\/p>\n","protected":false},"author":3,"featured_media":8721,"parent":8343,"menu_order":0,"comment_status":"closed","ping_status":"closed","template":"","meta":[],"yoast_head":"<!-- This site is optimized with the Yoast SEO plugin v19.8 - https:\/\/yoast.com\/wordpress\/plugins\/seo\/ -->\n<title>Mood Street Style - Y\u00f6li Na\u00e9<\/title>\n<meta name=\"robots\" content=\"index, follow, max-snippet:-1, max-image-preview:large, max-video-preview:-1\" \/>\n<link rel=\"canonical\" href=\"https:\/\/yolinae.com\/fr\/mood\/mood-street-style\/\" \/>\n<meta property=\"og:locale\" content=\"fr_FR\" \/>\n<meta property=\"og:type\" content=\"article\" \/>\n<meta property=\"og:title\" content=\"Mood Street Style - Y\u00f6li Na\u00e9\" \/>\n<meta property=\"og:description\" content=\"Un mood qui pointe le bout de son nez \u00e0 chaque coin de rue. Une s\u00e9lection streetwear pour des looks confortables, un brin moins sage et sans barri\u00e8re. Bien plus qu\u2019une mode, le style urbain est une culture qui a ses propres codes: hip-hop, rap, graffitis, sports de rue \u2026 Un univers qui s&rsquo;inspire de [&hellip;]\" \/>\n<meta property=\"og:url\" content=\"https:\/\/yolinae.com\/fr\/mood\/mood-street-style\/\" \/>\n<meta property=\"og:site_name\" content=\"Y\u00f6li Na\u00e9\" \/>\n<meta property=\"article:modified_time\" content=\"2022-06-27T14:16:23+00:00\" \/>\n<meta property=\"og:image\" content=\"https:\/\/yolinae.com\/wp-content\/uploads\/2020\/04\/STREET-STYLE-MOOD-WEB.png\" \/>\n\t<meta property=\"og:image:width\" content=\"1280\" \/>\n\t<meta property=\"og:image:height\" content=\"470\" \/>\n\t<meta property=\"og:image:type\" content=\"image\/png\" \/>\n<meta name=\"twitter:card\" content=\"summary_large_image\" \/>\n<meta name=\"twitter:label1\" content=\"Dur\u00e9e de lecture estim\u00e9e\" \/>\n\t<meta name=\"twitter:data1\" content=\"13 minutes\" \/>\n<script type=\"application\/ld+json\" class=\"yoast-schema-graph\">{\"@context\":\"https:\/\/schema.org\",\"@graph\":[{\"@type\":\"WebPage\",\"@id\":\"https:\/\/yolinae.com\/en\/mood\/mood-street-style\/\",\"url\":\"https:\/\/yolinae.com\/en\/mood\/mood-street-style\/\",\"name\":\"Mood Street Style - Y\u00f6li Na\u00e9\",\"isPartOf\":{\"@id\":\"https:\/\/yolinae.com\/fr\/#website\"},\"datePublished\":\"2020-04-28T18:22:56+00:00\",\"dateModified\":\"2022-06-27T14:16:23+00:00\",\"breadcrumb\":{\"@id\":\"https:\/\/yolinae.com\/en\/mood\/mood-street-style\/#breadcrumb\"},\"inLanguage\":\"fr-FR\",\"potentialAction\":[{\"@type\":\"ReadAction\",\"target\":[\"https:\/\/yolinae.com\/en\/mood\/mood-street-style\/\"]}]},{\"@type\":\"BreadcrumbList\",\"@id\":\"https:\/\/yolinae.com\/en\/mood\/mood-street-style\/#breadcrumb\",\"itemListElement\":[{\"@type\":\"ListItem\",\"position\":1,\"name\":\"Home\",\"item\":\"https:\/\/yolinae.com\/\"},{\"@type\":\"ListItem\",\"position\":2,\"name\":\"Mood\",\"item\":\"https:\/\/yolinae.com\/en\/mood\/\"},{\"@type\":\"ListItem\",\"position\":3,\"name\":\"Mood Street Style\"}]},{\"@type\":\"WebSite\",\"@id\":\"https:\/\/yolinae.com\/fr\/#website\",\"url\":\"https:\/\/yolinae.com\/fr\/\",\"name\":\"Y\u00f6li Na\u00e9\",\"description\":\"Showroom presse digital d\u00e9di\u00e9 aux professionnels de la mode enfantine\",\"publisher\":{\"@id\":\"https:\/\/yolinae.com\/fr\/#organization\"},\"potentialAction\":[{\"@type\":\"SearchAction\",\"target\":{\"@type\":\"EntryPoint\",\"urlTemplate\":\"https:\/\/yolinae.com\/fr\/?s={search_term_string}\"},\"query-input\":\"required name=search_term_string\"}],\"inLanguage\":\"fr-FR\"},{\"@type\":\"Organization\",\"@id\":\"https:\/\/yolinae.com\/fr\/#organization\",\"name\":\"Y\u00f6li Na\u00e9\",\"url\":\"https:\/\/yolinae.com\/fr\/\",\"sameAs\":[],\"logo\":{\"@type\":\"ImageObject\",\"inLanguage\":\"fr-FR\",\"@id\":\"https:\/\/yolinae.com\/fr\/#\/schema\/logo\/image\/\",\"url\":\"https:\/\/yolinae.com\/wp-content\/uploads\/2019\/08\/YN_Logos_Blanc.svg\",\"contentUrl\":\"https:\/\/yolinae.com\/wp-content\/uploads\/2019\/08\/YN_Logos_Blanc.svg\",\"width\":238,\"height\":91,\"caption\":\"Y\u00f6li Na\u00e9\"},\"image\":{\"@id\":\"https:\/\/yolinae.com\/fr\/#\/schema\/logo\/image\/\"}}]}<\/script>\n<!-- \/ Yoast SEO plugin. -->","yoast_head_json":{"title":"Mood Street Style - Y\u00f6li Na\u00e9","robots":{"index":"index","follow":"follow","max-snippet":"max-snippet:-1","max-image-preview":"max-image-preview:large","max-video-preview":"max-video-preview:-1"},"canonical":"https:\/\/yolinae.com\/fr\/mood\/mood-street-style\/","og_locale":"fr_FR","og_type":"article","og_title":"Mood Street Style - Y\u00f6li Na\u00e9","og_description":"Un mood qui pointe le bout de son nez \u00e0 chaque coin de rue. Une s\u00e9lection streetwear pour des looks confortables, un brin moins sage et sans barri\u00e8re. Bien plus qu\u2019une mode, le style urbain est une culture qui a ses propres codes: hip-hop, rap, graffitis, sports de rue \u2026 Un univers qui s&rsquo;inspire de [&hellip;]","og_url":"https:\/\/yolinae.com\/fr\/mood\/mood-street-style\/","og_site_name":"Y\u00f6li Na\u00e9","article_modified_time":"2022-06-27T14:16:23+00:00","og_image":[{"width":1280,"height":470,"url":"https:\/\/yolinae.com\/wp-content\/uploads\/2020\/04\/STREET-STYLE-MOOD-WEB.png","type":"image\/png"}],"twitter_card":"summary_large_image","twitter_misc":{"Dur\u00e9e de lecture estim\u00e9e":"13 minutes"},"schema":{"@context":"https:\/\/schema.org","@graph":[{"@type":"WebPage","@id":"https:\/\/yolinae.com\/en\/mood\/mood-street-style\/","url":"https:\/\/yolinae.com\/en\/mood\/mood-street-style\/","name":"Mood Street Style - Y\u00f6li Na\u00e9","isPartOf":{"@id":"https:\/\/yolinae.com\/fr\/#website"},"datePublished":"2020-04-28T18:22:56+00:00","dateModified":"2022-06-27T14:16:23+00:00","breadcrumb":{"@id":"https:\/\/yolinae.com\/en\/mood\/mood-street-style\/#breadcrumb"},"inLanguage":"fr-FR","potentialAction":[{"@type":"ReadAction","target":["https:\/\/yolinae.com\/en\/mood\/mood-street-style\/"]}]},{"@type":"BreadcrumbList","@id":"https:\/\/yolinae.com\/en\/mood\/mood-street-style\/#breadcrumb","itemListElement":[{"@type":"ListItem","position":1,"name":"Home","item":"https:\/\/yolinae.com\/"},{"@type":"ListItem","position":2,"name":"Mood","item":"https:\/\/yolinae.com\/en\/mood\/"},{"@type":"ListItem","position":3,"name":"Mood Street Style"}]},{"@type":"WebSite","@id":"https:\/\/yolinae.com\/fr\/#website","url":"https:\/\/yolinae.com\/fr\/","name":"Y\u00f6li Na\u00e9","description":"Showroom presse digital d\u00e9di\u00e9 aux professionnels de la mode enfantine","publisher":{"@id":"https:\/\/yolinae.com\/fr\/#organization"},"potentialAction":[{"@type":"SearchAction","target":{"@type":"EntryPoint","urlTemplate":"https:\/\/yolinae.com\/fr\/?s={search_term_string}"},"query-input":"required name=search_term_string"}],"inLanguage":"fr-FR"},{"@type":"Organization","@id":"https:\/\/yolinae.com\/fr\/#organization","name":"Y\u00f6li Na\u00e9","url":"https:\/\/yolinae.com\/fr\/","sameAs":[],"logo":{"@type":"ImageObject","inLanguage":"fr-FR","@id":"https:\/\/yolinae.com\/fr\/#\/schema\/logo\/image\/","url":"https:\/\/yolinae.com\/wp-content\/uploads\/2019\/08\/YN_Logos_Blanc.svg","contentUrl":"https:\/\/yolinae.com\/wp-content\/uploads\/2019\/08\/YN_Logos_Blanc.svg","width":238,"height":91,"caption":"Y\u00f6li Na\u00e9"},"image":{"@id":"https:\/\/yolinae.com\/fr\/#\/schema\/logo\/image\/"}}]}},"_links":{"self":[{"href":"https:\/\/yolinae.com\/fr\/wp-json\/wp\/v2\/pages\/8911"}],"collection":[{"href":"https:\/\/yolinae.com\/fr\/wp-json\/wp\/v2\/pages"}],"about":[{"href":"https:\/\/yolinae.com\/fr\/wp-json\/wp\/v2\/types\/page"}],"author":[{"embeddable":true,"href":"https:\/\/yolinae.com\/fr\/wp-json\/wp\/v2\/users\/3"}],"replies":[{"embeddable":true,"href":"https:\/\/yolinae.com\/fr\/wp-json\/wp\/v2\/comments?post=8911"}],"version-history":[{"count":5,"href":"https:\/\/yolinae.com\/fr\/wp-json\/wp\/v2\/pages\/8911\/revisions"}],"predecessor-version":[{"id":30854,"href":"https:\/\/yolinae.com\/fr\/wp-json\/wp\/v2\/pages\/8911\/revisions\/30854"}],"up":[{"embeddable":true,"href":"https:\/\/yolinae.com\/fr\/wp-json\/wp\/v2\/pages\/8343"}],"wp:featuredmedia":[{"embeddable":true,"href":"https:\/\/yolinae.com\/fr\/wp-json\/wp\/v2\/media\/8721"}],"wp:attachment":[{"href":"https:\/\/yolinae.com\/fr\/wp-json\/wp\/v2\/media?parent=8911"}],"curies":[{"name":"wp","href":"https:\/\/api.w.org\/{rel}","templated":true}]}}