{"id":8905,"date":"2020-04-28T18:08:36","date_gmt":"2020-04-28T18:08:36","guid":{"rendered":"https:\/\/yolinae.com\/?page_id=8905"},"modified":"2022-06-27T15:34:03","modified_gmt":"2022-06-27T13:34:03","slug":"moodsportstyle","status":"publish","type":"page","link":"https:\/\/yolinae.com\/fr\/mood\/moodsportstyle\/","title":{"rendered":"Mood Sport Style"},"content":{"rendered":"\t\t<div data-elementor-type=\"wp-page\" data-elementor-id=\"8905\" class=\"elementor elementor-8905\">\n\t\t\t\t\t\t<div class=\"elementor-inner\">\n\t\t\t\t<div class=\"elementor-section-wrap\">\n\t\t\t\t\t\t\t\t\t<section class=\"elementor-section elementor-top-section elementor-element elementor-element-7f11e3f elementor-section-boxed elementor-section-height-default elementor-section-height-default\" data-id=\"7f11e3f\" data-element_type=\"section\">\n\t\t\t\t\t\t<div class=\"elementor-container elementor-column-gap-default\">\n\t\t\t\t\t\t\t<div class=\"elementor-row\">\n\t\t\t\t\t<div class=\"elementor-column elementor-col-100 elementor-top-column elementor-element elementor-element-dfba32c\" data-id=\"dfba32c\" data-element_type=\"column\">\n\t\t\t<div class=\"elementor-column-wrap elementor-element-populated\">\n\t\t\t\t\t\t\t<div class=\"elementor-widget-wrap\">\n\t\t\t\t\t\t<div class=\"elementor-element elementor-element-dd871a1 elementor-widget elementor-widget-image\" data-id=\"dd871a1\" data-element_type=\"widget\" data-widget_type=\"image.default\">\n\t\t\t\t<div class=\"elementor-widget-container\">\n\t\t\t\t\t\t\t\t<div class=\"elementor-image\">\n\t\t\t\t\t\t\t\t\t\t\t\t<img src=\"https:\/\/yolinae.com\/wp-content\/uploads\/elementor\/thumbs\/SPORT-STYLE-MOOD-WEB-oo5xhgp08eoevbfimpfx7bot9mj4b9j4vn1fu9361o.png\" title=\"SPORT-STYLE-MOOD-WEB\" alt=\"SPORT-STYLE-MOOD-WEB\" \/>\t\t\t\t\t\t\t\t\t\t\t\t\t\t<\/div>\n\t\t\t\t\t\t<\/div>\n\t\t\t\t<\/div>\n\t\t\t\t\t\t<\/div>\n\t\t\t\t\t<\/div>\n\t\t<\/div>\n\t\t\t\t\t\t\t\t<\/div>\n\t\t\t\t\t<\/div>\n\t\t<\/section>\n\t\t\t\t<section class=\"elementor-section elementor-top-section elementor-element elementor-element-a7d1b8e elementor-section-boxed elementor-section-height-default elementor-section-height-default\" data-id=\"a7d1b8e\" data-element_type=\"section\">\n\t\t\t\t\t\t<div class=\"elementor-container elementor-column-gap-default\">\n\t\t\t\t\t\t\t<div class=\"elementor-row\">\n\t\t\t\t\t<div class=\"elementor-column elementor-col-100 elementor-top-column elementor-element elementor-element-35ba48a\" data-id=\"35ba48a\" data-element_type=\"column\">\n\t\t\t<div class=\"elementor-column-wrap elementor-element-populated\">\n\t\t\t\t\t\t\t<div class=\"elementor-widget-wrap\">\n\t\t\t\t\t\t<div class=\"elementor-element elementor-element-8632bca elementor-widget elementor-widget-text-editor\" data-id=\"8632bca\" data-element_type=\"widget\" data-widget_type=\"text-editor.default\">\n\t\t\t\t<div class=\"elementor-widget-container\">\n\t\t\t\t\t\t\t\t<div class=\"elementor-text-editor elementor-clearfix\">\n\t\t\t\t<p class=\"p1\">Fermez les yeux et imaginez un terrain de sport. Celui qui vous inspire. Vous \u00eates maintenant plong\u00e9 la t\u00eate la premi\u00e8re dans le mood Sport Style.\u00a0<\/p><p class=\"p1\">Qui a dit que l\u2019on ne pouvait pas avoir le look sportswear sans faire de sport? C\u2019est un style \u00e0 part enti\u00e8re, confortable et styl\u00e9 pour des enfants en mouvement \u00e0 adopter en toutes circonstances.<\/p>\t\t\t\t\t<\/div>\n\t\t\t\t\t\t<\/div>\n\t\t\t\t<\/div>\n\t\t\t\t\t\t<\/div>\n\t\t\t\t\t<\/div>\n\t\t<\/div>\n\t\t\t\t\t\t\t\t<\/div>\n\t\t\t\t\t<\/div>\n\t\t<\/section>\n\t\t\t\t<section class=\"elementor-section elementor-top-section elementor-element elementor-element-ae6382f elementor-section-boxed elementor-section-height-default elementor-section-height-default\" data-id=\"ae6382f\" data-element_type=\"section\">\n\t\t\t\t\t\t<div class=\"elementor-container elementor-column-gap-default\">\n\t\t\t\t\t\t\t<div class=\"elementor-row\">\n\t\t\t\t\t<div class=\"elementor-column elementor-col-100 elementor-top-column elementor-element elementor-element-dcb08c2\" data-id=\"dcb08c2\" data-element_type=\"column\">\n\t\t\t<div class=\"elementor-column-wrap elementor-element-populated\">\n\t\t\t\t\t\t\t<div class=\"elementor-widget-wrap\">\n\t\t\t\t\t\t<div class=\"elementor-element elementor-element-0e379cc elementor-grid-4 elementor-grid-tablet-3 elementor-grid-mobile-2 elementor-products-grid elementor-wc-products elementor-widget elementor-widget-woocommerce-products\" data-id=\"0e379cc\" data-element_type=\"widget\" data-widget_type=\"woocommerce-products.default\">\n\t\t\t\t<div class=\"elementor-widget-container\">\n\t\t\t<div class=\"woocommerce columns-4 \">\r\n<ul class=\"products elementor-grid oceanwp-row clr grid mobile-col mobile-1-col\">\r\n<li class=\"entry has-media col span_1_of_4 owp-content-center owp-thumbs-layout-horizontal owp-btn-normal owp-tabs-layout-horizontal product type-product post-20443 status-publish first instock product_cat-bebes-jp product_cat-bebes-jouets product_cat-filles-jp product_cat-filles-jouets product_cat-jouets product_cat-jouets-jouets product_tag-neo-family has-post-thumbnail shipping-taxable purchasable product-type-variable\">\n\t<div class=\"product-inner clr\"><div class=\"tinv-wraper woocommerce tinv-wishlist tinvwl-above_thumb-add-to-cart tinvwl-loop-button-wrapper\"\n\t data-tinvwl_product_id=\"20443\">\n\t<a role=\"button\" tabindex=\"0\" aria-label=\"Ajouter \u00e0 la Y\u00f6li liste\" class=\"tinvwl_add_to_wishlist_button tinvwl-icon-heart no-txt tinvwl-product-already-on-wishlist  tinvwl-position-above_thumb ftinvwl-animated tinvwl-loop\" data-tinv-wl-list=\"[]\" data-tinv-wl-product=\"20443\" data-tinv-wl-productvariation=\"0\" data-tinv-wl-productvariations=\"[0]\" data-tinv-wl-producttype=\"variable\" data-tinv-wl-action=\"add\"><\/a>\t\t<div class=\"tinvwl-tooltip\">Ajouter \u00e0 la Y\u00f6li liste<\/div>\n<\/div>\n\n\t<div class=\"woo-entry-image-swap woo-entry-image clr\">\n\t\t<a href=\"https:\/\/yolinae.com\/fr\/products\/garcons\/jouets\/jouets-jouets\/americana-classics-woodie\/\" class=\"woocommerce-LoopProduct-link\"><img width=\"280\" height=\"280\" src=\"https:\/\/yolinae.com\/wp-content\/uploads\/2021\/07\/Woodie_Redux_rear-280x280.png\" class=\"woo-entry-image-main\" alt=\"Americana Classics &#8211; Woodie\" srcset=\"https:\/\/yolinae.com\/wp-content\/uploads\/2021\/07\/Woodie_Redux_rear-280x280.png 280w, https:\/\/yolinae.com\/wp-content\/uploads\/2021\/07\/Woodie_Redux_rear-300x300.png 300w, https:\/\/yolinae.com\/wp-content\/uploads\/2021\/07\/Woodie_Redux_rear-150x150.png 150w, https:\/\/yolinae.com\/wp-content\/uploads\/2021\/07\/Woodie_Redux_rear-768x768.png 768w, https:\/\/yolinae.com\/wp-content\/uploads\/2021\/07\/Woodie_Redux_rear-12x12.png 12w, https:\/\/yolinae.com\/wp-content\/uploads\/2021\/07\/Woodie_Redux_rear-600x600.png 600w, https:\/\/yolinae.com\/wp-content\/uploads\/2021\/07\/Woodie_Redux_rear-100x100.png 100w, https:\/\/yolinae.com\/wp-content\/uploads\/2021\/07\/Woodie_Redux_rear-64x64.png 64w, https:\/\/yolinae.com\/wp-content\/uploads\/2021\/07\/Woodie_Redux_rear.png 1000w\" sizes=\"(max-width: 280px) 100vw, 280px\" \/><img width=\"280\" height=\"280\" src=\"https:\/\/yolinae.com\/wp-content\/uploads\/2021\/07\/Woodie_1-280x280.png\" class=\"woo-entry-image-secondary\" alt=\"Americana Classics &#8211; Woodie\" srcset=\"https:\/\/yolinae.com\/wp-content\/uploads\/2021\/07\/Woodie_1-280x280.png 280w, https:\/\/yolinae.com\/wp-content\/uploads\/2021\/07\/Woodie_1-300x300.png 300w, https:\/\/yolinae.com\/wp-content\/uploads\/2021\/07\/Woodie_1-150x150.png 150w, https:\/\/yolinae.com\/wp-content\/uploads\/2021\/07\/Woodie_1-768x768.png 768w, https:\/\/yolinae.com\/wp-content\/uploads\/2021\/07\/Woodie_1-12x12.png 12w, https:\/\/yolinae.com\/wp-content\/uploads\/2021\/07\/Woodie_1-600x600.png 600w, https:\/\/yolinae.com\/wp-content\/uploads\/2021\/07\/Woodie_1-100x100.png 100w, https:\/\/yolinae.com\/wp-content\/uploads\/2021\/07\/Woodie_1-64x64.png 64w, https:\/\/yolinae.com\/wp-content\/uploads\/2021\/07\/Woodie_1.png 1000w\" sizes=\"(max-width: 280px) 100vw, 280px\" \/><\/a>\t<\/div><!-- .woo-entry-image-swap -->\n\n<div class=\"yith-wcqv-button inside-thumb\" data-product_id=\"20443\"><img src=\"\" class=\"yith-wcqv-icon\"\/><\/div><ul class=\"woo-entry-inner clr\"><li class=\"image-wrap\">\n\t<div class=\"woo-entry-image-swap woo-entry-image clr\">\n\t\t<a href=\"https:\/\/yolinae.com\/fr\/products\/garcons\/jouets\/jouets-jouets\/americana-classics-woodie\/\" class=\"woocommerce-LoopProduct-link\"><img width=\"280\" height=\"280\" src=\"https:\/\/yolinae.com\/wp-content\/uploads\/2021\/07\/Woodie_Redux_rear-280x280.png\" class=\"woo-entry-image-main\" alt=\"Americana Classics &#8211; Woodie\" srcset=\"https:\/\/yolinae.com\/wp-content\/uploads\/2021\/07\/Woodie_Redux_rear-280x280.png 280w, https:\/\/yolinae.com\/wp-content\/uploads\/2021\/07\/Woodie_Redux_rear-300x300.png 300w, https:\/\/yolinae.com\/wp-content\/uploads\/2021\/07\/Woodie_Redux_rear-150x150.png 150w, https:\/\/yolinae.com\/wp-content\/uploads\/2021\/07\/Woodie_Redux_rear-768x768.png 768w, https:\/\/yolinae.com\/wp-content\/uploads\/2021\/07\/Woodie_Redux_rear-12x12.png 12w, https:\/\/yolinae.com\/wp-content\/uploads\/2021\/07\/Woodie_Redux_rear-600x600.png 600w, https:\/\/yolinae.com\/wp-content\/uploads\/2021\/07\/Woodie_Redux_rear-100x100.png 100w, https:\/\/yolinae.com\/wp-content\/uploads\/2021\/07\/Woodie_Redux_rear-64x64.png 64w, https:\/\/yolinae.com\/wp-content\/uploads\/2021\/07\/Woodie_Redux_rear.png 1000w\" sizes=\"(max-width: 280px) 100vw, 280px\" \/><img width=\"280\" height=\"280\" src=\"https:\/\/yolinae.com\/wp-content\/uploads\/2021\/07\/Woodie_1-280x280.png\" class=\"woo-entry-image-secondary\" alt=\"Americana Classics &#8211; Woodie\" srcset=\"https:\/\/yolinae.com\/wp-content\/uploads\/2021\/07\/Woodie_1-280x280.png 280w, https:\/\/yolinae.com\/wp-content\/uploads\/2021\/07\/Woodie_1-300x300.png 300w, https:\/\/yolinae.com\/wp-content\/uploads\/2021\/07\/Woodie_1-150x150.png 150w, https:\/\/yolinae.com\/wp-content\/uploads\/2021\/07\/Woodie_1-768x768.png 768w, https:\/\/yolinae.com\/wp-content\/uploads\/2021\/07\/Woodie_1-12x12.png 12w, https:\/\/yolinae.com\/wp-content\/uploads\/2021\/07\/Woodie_1-600x600.png 600w, https:\/\/yolinae.com\/wp-content\/uploads\/2021\/07\/Woodie_1-100x100.png 100w, https:\/\/yolinae.com\/wp-content\/uploads\/2021\/07\/Woodie_1-64x64.png 64w, https:\/\/yolinae.com\/wp-content\/uploads\/2021\/07\/Woodie_1.png 1000w\" sizes=\"(max-width: 280px) 100vw, 280px\" \/><\/a>\t<\/div><!-- .woo-entry-image-swap -->\n\n<\/li><li class=\"category\"><a href=\"https:\/\/yolinae.com\/fr\/category\/bebes\/bebes-jouets\/bebes-jp\/\" rel=\"tag\">Jouets<\/a>, <a href=\"https:\/\/yolinae.com\/fr\/category\/bebes\/bebes-jouets\/\" rel=\"tag\">Jouets<\/a>, <a href=\"https:\/\/yolinae.com\/fr\/category\/filles\/filles-jp\/\" rel=\"tag\">Jouets<\/a>, <a href=\"https:\/\/yolinae.com\/fr\/category\/filles\/filles-jp\/filles-jouets\/\" rel=\"tag\">Jouets<\/a>, <a href=\"https:\/\/yolinae.com\/fr\/category\/garcons\/jouets\/\" rel=\"tag\">Jouets<\/a>, <a href=\"https:\/\/yolinae.com\/fr\/category\/garcons\/jouets\/jouets-jouets\/\" rel=\"tag\">Jouets<\/a><\/li><a href=\"https:\/\/yolinae.com\/fr\/brand\/neo-family\/\" class=\"tag\">Neo Family<\/a><br><a href=\"https:\/\/yolinae.com\/fr\/brands\/candylab\/\" class=\"brand\">CANDYLAB<\/a><li class=\"title\"><h2><a href=\"https:\/\/yolinae.com\/fr\/products\/garcons\/jouets\/jouets-jouets\/americana-classics-woodie\/\">Americana Classics &#8211; Woodie<\/a><\/h2><\/li><li class=\"price-wrap\">\n<\/li><li class=\"rating\"><\/li><li class=\"btn-wrap clr\"><a href=\"https:\/\/yolinae.com\/fr\/products\/garcons\/jouets\/jouets-jouets\/americana-classics-woodie\/\" data-quantity=\"1\" class=\"button product_type_variable add_to_cart_button\" data-product_id=\"20443\" data-product_sku=\"\" aria-label=\"S\u00e9lectionner les options pour &ldquo;Americana Classics - Woodie&rdquo;\" rel=\"nofollow\">Choix des options<\/a><\/li><\/ul><\/div><!-- .product-inner .clr --><\/li>\n<li class=\"entry has-media col span_1_of_4 owp-content-center owp-thumbs-layout-horizontal owp-btn-normal owp-tabs-layout-horizontal has-no-thumbnails product type-product post-10688 status-publish instock product_cat-filles-chaussures product_cat-garcons-chaussures product_cat-filles product_cat-garcons product_cat-filles-sandales product_cat-garcons-sandales product_tag-neo-family has-post-thumbnail shipping-taxable purchasable product-type-variable\">\n\t<div class=\"product-inner clr\"><div class=\"tinv-wraper woocommerce tinv-wishlist tinvwl-above_thumb-add-to-cart tinvwl-loop-button-wrapper\"\n\t data-tinvwl_product_id=\"10688\">\n\t<a role=\"button\" tabindex=\"0\" aria-label=\"Ajouter \u00e0 la Y\u00f6li liste\" class=\"tinvwl_add_to_wishlist_button tinvwl-icon-heart no-txt tinvwl-product-already-on-wishlist  tinvwl-position-above_thumb ftinvwl-animated tinvwl-loop\" data-tinv-wl-list=\"[]\" data-tinv-wl-product=\"10688\" data-tinv-wl-productvariation=\"0\" data-tinv-wl-productvariations=\"[0]\" data-tinv-wl-producttype=\"variable\" data-tinv-wl-action=\"add\"><\/a>\t\t<div class=\"tinvwl-tooltip\">Ajouter \u00e0 la Y\u00f6li liste<\/div>\n<\/div>\n\n\t<div class=\"woo-entry-image clr\">\n\t\t<a href=\"https:\/\/yolinae.com\/fr\/products\/garcons\/garcons-chaussures\/garcons-sandales\/slippers-cactus\/\" class=\"woocommerce-LoopProduct-link\"><img width=\"1000\" height=\"1000\" src=\"https:\/\/yolinae.com\/wp-content\/uploads\/2020\/11\/LUCY_TOP.jpg\" class=\"woo-entry-image-main\" alt=\"Slippers Lucy\" srcset=\"https:\/\/yolinae.com\/wp-content\/uploads\/2020\/11\/LUCY_TOP.jpg 1000w, https:\/\/yolinae.com\/wp-content\/uploads\/2020\/11\/LUCY_TOP-300x300.jpg 300w, https:\/\/yolinae.com\/wp-content\/uploads\/2020\/11\/LUCY_TOP-150x150.jpg 150w, https:\/\/yolinae.com\/wp-content\/uploads\/2020\/11\/LUCY_TOP-768x768.jpg 768w, https:\/\/yolinae.com\/wp-content\/uploads\/2020\/11\/LUCY_TOP-12x12.jpg 12w, https:\/\/yolinae.com\/wp-content\/uploads\/2020\/11\/LUCY_TOP-600x600.jpg 600w, https:\/\/yolinae.com\/wp-content\/uploads\/2020\/11\/LUCY_TOP-280x280.jpg 280w, https:\/\/yolinae.com\/wp-content\/uploads\/2020\/11\/LUCY_TOP-100x100.jpg 100w, https:\/\/yolinae.com\/wp-content\/uploads\/2020\/11\/LUCY_TOP-64x64.jpg 64w\" sizes=\"(max-width: 1000px) 100vw, 1000px\" \/><\/a>\t<\/div><!-- .woo-entry-image -->\n\n<div class=\"yith-wcqv-button inside-thumb\" data-product_id=\"10688\"><img src=\"\" class=\"yith-wcqv-icon\"\/><\/div><ul class=\"woo-entry-inner clr\"><li class=\"image-wrap\">\n\t<div class=\"woo-entry-image clr\">\n\t\t<a href=\"https:\/\/yolinae.com\/fr\/products\/garcons\/garcons-chaussures\/garcons-sandales\/slippers-cactus\/\" class=\"woocommerce-LoopProduct-link\"><img width=\"1000\" height=\"1000\" src=\"https:\/\/yolinae.com\/wp-content\/uploads\/2020\/11\/LUCY_TOP.jpg\" class=\"woo-entry-image-main\" alt=\"Slippers Lucy\" srcset=\"https:\/\/yolinae.com\/wp-content\/uploads\/2020\/11\/LUCY_TOP.jpg 1000w, https:\/\/yolinae.com\/wp-content\/uploads\/2020\/11\/LUCY_TOP-300x300.jpg 300w, https:\/\/yolinae.com\/wp-content\/uploads\/2020\/11\/LUCY_TOP-150x150.jpg 150w, https:\/\/yolinae.com\/wp-content\/uploads\/2020\/11\/LUCY_TOP-768x768.jpg 768w, https:\/\/yolinae.com\/wp-content\/uploads\/2020\/11\/LUCY_TOP-12x12.jpg 12w, https:\/\/yolinae.com\/wp-content\/uploads\/2020\/11\/LUCY_TOP-600x600.jpg 600w, https:\/\/yolinae.com\/wp-content\/uploads\/2020\/11\/LUCY_TOP-280x280.jpg 280w, https:\/\/yolinae.com\/wp-content\/uploads\/2020\/11\/LUCY_TOP-100x100.jpg 100w, https:\/\/yolinae.com\/wp-content\/uploads\/2020\/11\/LUCY_TOP-64x64.jpg 64w\" sizes=\"(max-width: 1000px) 100vw, 1000px\" \/><\/a>\t<\/div><!-- .woo-entry-image -->\n\n<\/li><li class=\"category\"><a href=\"https:\/\/yolinae.com\/fr\/category\/filles\/filles-chaussures\/\" rel=\"tag\">Chaussures<\/a>, <a href=\"https:\/\/yolinae.com\/fr\/category\/garcons\/garcons-chaussures\/\" rel=\"tag\">Chaussures<\/a>, <a href=\"https:\/\/yolinae.com\/fr\/category\/filles\/\" rel=\"tag\">Filles<\/a>, <a href=\"https:\/\/yolinae.com\/fr\/category\/garcons\/\" rel=\"tag\">Gar\u00e7ons<\/a>, <a href=\"https:\/\/yolinae.com\/fr\/category\/filles\/filles-chaussures\/filles-sandales\/\" rel=\"tag\">Sandales, Espadrilles<\/a>, <a href=\"https:\/\/yolinae.com\/fr\/category\/garcons\/garcons-chaussures\/garcons-sandales\/\" rel=\"tag\">Sandales, Espadrilles<\/a><\/li><a href=\"https:\/\/yolinae.com\/fr\/brand\/neo-family\/\" class=\"tag\">Neo Family<\/a><br><a href=\"https:\/\/yolinae.com\/fr\/brands\/freedom-moses\/\" class=\"brand\">Freedom Moses<\/a><li class=\"title\"><h2><a href=\"https:\/\/yolinae.com\/fr\/products\/garcons\/garcons-chaussures\/garcons-sandales\/slippers-cactus\/\">Slippers Lucy<\/a><\/h2><\/li><li class=\"price-wrap\">\n<\/li><li class=\"rating\"><\/li><li class=\"btn-wrap clr\"><a href=\"https:\/\/yolinae.com\/fr\/products\/garcons\/garcons-chaussures\/garcons-sandales\/slippers-cactus\/\" data-quantity=\"1\" class=\"button product_type_variable add_to_cart_button\" data-product_id=\"10688\" data-product_sku=\"\" aria-label=\"S\u00e9lectionner les options pour &ldquo;Slippers Lucy&rdquo;\" rel=\"nofollow\">Choix des options<\/a><\/li><\/ul><\/div><!-- .product-inner .clr --><\/li>\n<\/ul>\n<\/div>\t\t<\/div>\n\t\t\t\t<\/div>\n\t\t\t\t\t\t<\/div>\n\t\t\t\t\t<\/div>\n\t\t<\/div>\n\t\t\t\t\t\t\t\t<\/div>\n\t\t\t\t\t<\/div>\n\t\t<\/section>\n\t\t\t\t\t\t\t\t\t<\/div>\n\t\t\t<\/div>\n\t\t\t\t\t<\/div>\n\t\t","protected":false},"excerpt":{"rendered":"<p>Fermez les yeux et imaginez un terrain de sport. Celui qui vous inspire. Vous \u00eates maintenant plong\u00e9 la t\u00eate la premi\u00e8re dans le mood Sport Style.\u00a0 Qui a dit que l\u2019on ne pouvait pas avoir le look sportswear sans faire de sport? C\u2019est un style \u00e0 part enti\u00e8re, confortable et styl\u00e9 pour des enfants en [&hellip;]<\/p>\n","protected":false},"author":3,"featured_media":8720,"parent":8343,"menu_order":0,"comment_status":"closed","ping_status":"closed","template":"","meta":[],"yoast_head":"<!-- This site is optimized with the Yoast SEO plugin v19.8 - https:\/\/yoast.com\/wordpress\/plugins\/seo\/ -->\n<title>Mood Sport Style - Y\u00f6li Na\u00e9<\/title>\n<meta name=\"robots\" content=\"index, follow, max-snippet:-1, max-image-preview:large, max-video-preview:-1\" \/>\n<link rel=\"canonical\" href=\"https:\/\/yolinae.com\/fr\/mood\/moodsportstyle\/\" \/>\n<meta property=\"og:locale\" content=\"fr_FR\" \/>\n<meta property=\"og:type\" content=\"article\" \/>\n<meta property=\"og:title\" content=\"Mood Sport Style - Y\u00f6li Na\u00e9\" \/>\n<meta property=\"og:description\" content=\"Fermez les yeux et imaginez un terrain de sport. Celui qui vous inspire. Vous \u00eates maintenant plong\u00e9 la t\u00eate la premi\u00e8re dans le mood Sport Style.\u00a0 Qui a dit que l\u2019on ne pouvait pas avoir le look sportswear sans faire de sport? C\u2019est un style \u00e0 part enti\u00e8re, confortable et styl\u00e9 pour des enfants en [&hellip;]\" \/>\n<meta property=\"og:url\" content=\"https:\/\/yolinae.com\/fr\/mood\/moodsportstyle\/\" \/>\n<meta property=\"og:site_name\" content=\"Y\u00f6li Na\u00e9\" \/>\n<meta property=\"article:modified_time\" content=\"2022-06-27T13:34:03+00:00\" \/>\n<meta property=\"og:image\" content=\"https:\/\/yolinae.com\/wp-content\/uploads\/2020\/04\/SPORT-STYLE-MOOD-WEB.png\" \/>\n\t<meta property=\"og:image:width\" content=\"1280\" \/>\n\t<meta property=\"og:image:height\" content=\"470\" \/>\n\t<meta property=\"og:image:type\" content=\"image\/png\" \/>\n<meta name=\"twitter:card\" content=\"summary_large_image\" \/>\n<meta name=\"twitter:label1\" content=\"Dur\u00e9e de lecture estim\u00e9e\" \/>\n\t<meta name=\"twitter:data1\" content=\"12 minutes\" \/>\n<script type=\"application\/ld+json\" class=\"yoast-schema-graph\">{\"@context\":\"https:\/\/schema.org\",\"@graph\":[{\"@type\":\"WebPage\",\"@id\":\"https:\/\/yolinae.com\/en\/mood\/moodsportstyle\/\",\"url\":\"https:\/\/yolinae.com\/en\/mood\/moodsportstyle\/\",\"name\":\"Mood Sport Style - Y\u00f6li Na\u00e9\",\"isPartOf\":{\"@id\":\"https:\/\/yolinae.com\/fr\/#website\"},\"datePublished\":\"2020-04-28T18:08:36+00:00\",\"dateModified\":\"2022-06-27T13:34:03+00:00\",\"breadcrumb\":{\"@id\":\"https:\/\/yolinae.com\/en\/mood\/moodsportstyle\/#breadcrumb\"},\"inLanguage\":\"fr-FR\",\"potentialAction\":[{\"@type\":\"ReadAction\",\"target\":[\"https:\/\/yolinae.com\/en\/mood\/moodsportstyle\/\"]}]},{\"@type\":\"BreadcrumbList\",\"@id\":\"https:\/\/yolinae.com\/en\/mood\/moodsportstyle\/#breadcrumb\",\"itemListElement\":[{\"@type\":\"ListItem\",\"position\":1,\"name\":\"Home\",\"item\":\"https:\/\/yolinae.com\/\"},{\"@type\":\"ListItem\",\"position\":2,\"name\":\"Mood\",\"item\":\"https:\/\/yolinae.com\/en\/mood\/\"},{\"@type\":\"ListItem\",\"position\":3,\"name\":\"Mood Sport Style\"}]},{\"@type\":\"WebSite\",\"@id\":\"https:\/\/yolinae.com\/fr\/#website\",\"url\":\"https:\/\/yolinae.com\/fr\/\",\"name\":\"Y\u00f6li Na\u00e9\",\"description\":\"Showroom presse digital d\u00e9di\u00e9 aux professionnels de la mode enfantine\",\"publisher\":{\"@id\":\"https:\/\/yolinae.com\/fr\/#organization\"},\"potentialAction\":[{\"@type\":\"SearchAction\",\"target\":{\"@type\":\"EntryPoint\",\"urlTemplate\":\"https:\/\/yolinae.com\/fr\/?s={search_term_string}\"},\"query-input\":\"required name=search_term_string\"}],\"inLanguage\":\"fr-FR\"},{\"@type\":\"Organization\",\"@id\":\"https:\/\/yolinae.com\/fr\/#organization\",\"name\":\"Y\u00f6li Na\u00e9\",\"url\":\"https:\/\/yolinae.com\/fr\/\",\"sameAs\":[],\"logo\":{\"@type\":\"ImageObject\",\"inLanguage\":\"fr-FR\",\"@id\":\"https:\/\/yolinae.com\/fr\/#\/schema\/logo\/image\/\",\"url\":\"https:\/\/yolinae.com\/wp-content\/uploads\/2019\/08\/YN_Logos_Blanc.svg\",\"contentUrl\":\"https:\/\/yolinae.com\/wp-content\/uploads\/2019\/08\/YN_Logos_Blanc.svg\",\"width\":238,\"height\":91,\"caption\":\"Y\u00f6li Na\u00e9\"},\"image\":{\"@id\":\"https:\/\/yolinae.com\/fr\/#\/schema\/logo\/image\/\"}}]}<\/script>\n<!-- \/ Yoast SEO plugin. -->","yoast_head_json":{"title":"Mood Sport Style - Y\u00f6li Na\u00e9","robots":{"index":"index","follow":"follow","max-snippet":"max-snippet:-1","max-image-preview":"max-image-preview:large","max-video-preview":"max-video-preview:-1"},"canonical":"https:\/\/yolinae.com\/fr\/mood\/moodsportstyle\/","og_locale":"fr_FR","og_type":"article","og_title":"Mood Sport Style - Y\u00f6li Na\u00e9","og_description":"Fermez les yeux et imaginez un terrain de sport. Celui qui vous inspire. Vous \u00eates maintenant plong\u00e9 la t\u00eate la premi\u00e8re dans le mood Sport Style.\u00a0 Qui a dit que l\u2019on ne pouvait pas avoir le look sportswear sans faire de sport? C\u2019est un style \u00e0 part enti\u00e8re, confortable et styl\u00e9 pour des enfants en [&hellip;]","og_url":"https:\/\/yolinae.com\/fr\/mood\/moodsportstyle\/","og_site_name":"Y\u00f6li Na\u00e9","article_modified_time":"2022-06-27T13:34:03+00:00","og_image":[{"width":1280,"height":470,"url":"https:\/\/yolinae.com\/wp-content\/uploads\/2020\/04\/SPORT-STYLE-MOOD-WEB.png","type":"image\/png"}],"twitter_card":"summary_large_image","twitter_misc":{"Dur\u00e9e de lecture estim\u00e9e":"12 minutes"},"schema":{"@context":"https:\/\/schema.org","@graph":[{"@type":"WebPage","@id":"https:\/\/yolinae.com\/en\/mood\/moodsportstyle\/","url":"https:\/\/yolinae.com\/en\/mood\/moodsportstyle\/","name":"Mood Sport Style - Y\u00f6li Na\u00e9","isPartOf":{"@id":"https:\/\/yolinae.com\/fr\/#website"},"datePublished":"2020-04-28T18:08:36+00:00","dateModified":"2022-06-27T13:34:03+00:00","breadcrumb":{"@id":"https:\/\/yolinae.com\/en\/mood\/moodsportstyle\/#breadcrumb"},"inLanguage":"fr-FR","potentialAction":[{"@type":"ReadAction","target":["https:\/\/yolinae.com\/en\/mood\/moodsportstyle\/"]}]},{"@type":"BreadcrumbList","@id":"https:\/\/yolinae.com\/en\/mood\/moodsportstyle\/#breadcrumb","itemListElement":[{"@type":"ListItem","position":1,"name":"Home","item":"https:\/\/yolinae.com\/"},{"@type":"ListItem","position":2,"name":"Mood","item":"https:\/\/yolinae.com\/en\/mood\/"},{"@type":"ListItem","position":3,"name":"Mood Sport Style"}]},{"@type":"WebSite","@id":"https:\/\/yolinae.com\/fr\/#website","url":"https:\/\/yolinae.com\/fr\/","name":"Y\u00f6li Na\u00e9","description":"Showroom presse digital d\u00e9di\u00e9 aux professionnels de la mode enfantine","publisher":{"@id":"https:\/\/yolinae.com\/fr\/#organization"},"potentialAction":[{"@type":"SearchAction","target":{"@type":"EntryPoint","urlTemplate":"https:\/\/yolinae.com\/fr\/?s={search_term_string}"},"query-input":"required name=search_term_string"}],"inLanguage":"fr-FR"},{"@type":"Organization","@id":"https:\/\/yolinae.com\/fr\/#organization","name":"Y\u00f6li Na\u00e9","url":"https:\/\/yolinae.com\/fr\/","sameAs":[],"logo":{"@type":"ImageObject","inLanguage":"fr-FR","@id":"https:\/\/yolinae.com\/fr\/#\/schema\/logo\/image\/","url":"https:\/\/yolinae.com\/wp-content\/uploads\/2019\/08\/YN_Logos_Blanc.svg","contentUrl":"https:\/\/yolinae.com\/wp-content\/uploads\/2019\/08\/YN_Logos_Blanc.svg","width":238,"height":91,"caption":"Y\u00f6li Na\u00e9"},"image":{"@id":"https:\/\/yolinae.com\/fr\/#\/schema\/logo\/image\/"}}]}},"_links":{"self":[{"href":"https:\/\/yolinae.com\/fr\/wp-json\/wp\/v2\/pages\/8905"}],"collection":[{"href":"https:\/\/yolinae.com\/fr\/wp-json\/wp\/v2\/pages"}],"about":[{"href":"https:\/\/yolinae.com\/fr\/wp-json\/wp\/v2\/types\/page"}],"author":[{"embeddable":true,"href":"https:\/\/yolinae.com\/fr\/wp-json\/wp\/v2\/users\/3"}],"replies":[{"embeddable":true,"href":"https:\/\/yolinae.com\/fr\/wp-json\/wp\/v2\/comments?post=8905"}],"version-history":[{"count":5,"href":"https:\/\/yolinae.com\/fr\/wp-json\/wp\/v2\/pages\/8905\/revisions"}],"predecessor-version":[{"id":30831,"href":"https:\/\/yolinae.com\/fr\/wp-json\/wp\/v2\/pages\/8905\/revisions\/30831"}],"up":[{"embeddable":true,"href":"https:\/\/yolinae.com\/fr\/wp-json\/wp\/v2\/pages\/8343"}],"wp:featuredmedia":[{"embeddable":true,"href":"https:\/\/yolinae.com\/fr\/wp-json\/wp\/v2\/media\/8720"}],"wp:attachment":[{"href":"https:\/\/yolinae.com\/fr\/wp-json\/wp\/v2\/media?parent=8905"}],"curies":[{"name":"wp","href":"https:\/\/api.w.org\/{rel}","templated":true}]}}