{"id":8786,"date":"2020-04-27T12:10:56","date_gmt":"2020-04-27T12:10:56","guid":{"rendered":"https:\/\/yolinae.com\/?page_id=8786"},"modified":"2022-06-27T16:31:13","modified_gmt":"2022-06-27T14:31:13","slug":"moodbabylove","status":"publish","type":"page","link":"https:\/\/yolinae.com\/fr\/mood\/moodbabylove\/","title":{"rendered":"Mood Baby Love"},"content":{"rendered":"\t\t<div data-elementor-type=\"wp-page\" data-elementor-id=\"8786\" class=\"elementor elementor-8786\">\n\t\t\t\t\t\t<div class=\"elementor-inner\">\n\t\t\t\t<div class=\"elementor-section-wrap\">\n\t\t\t\t\t\t\t\t\t<section class=\"elementor-section elementor-top-section elementor-element elementor-element-7f11e3f elementor-section-boxed elementor-section-height-default elementor-section-height-default\" data-id=\"7f11e3f\" data-element_type=\"section\">\n\t\t\t\t\t\t<div class=\"elementor-container elementor-column-gap-default\">\n\t\t\t\t\t\t\t<div class=\"elementor-row\">\n\t\t\t\t\t<div class=\"elementor-column elementor-col-100 elementor-top-column elementor-element elementor-element-dfba32c\" data-id=\"dfba32c\" data-element_type=\"column\">\n\t\t\t<div class=\"elementor-column-wrap elementor-element-populated\">\n\t\t\t\t\t\t\t<div class=\"elementor-widget-wrap\">\n\t\t\t\t\t\t<div class=\"elementor-element elementor-element-dd871a1 elementor-widget elementor-widget-image\" data-id=\"dd871a1\" data-element_type=\"widget\" data-widget_type=\"image.default\">\n\t\t\t\t<div class=\"elementor-widget-container\">\n\t\t\t\t\t\t\t\t<div class=\"elementor-image\">\n\t\t\t\t\t\t\t\t\t\t\t\t<img src=\"https:\/\/yolinae.com\/wp-content\/uploads\/elementor\/thumbs\/ILLI-MOOD-BB-LOVE-onv7whb5k8nq1ybztkpuh54j9k4n88zp35iy7uk5ek.jpg\" title=\"ILLI-MOOD-BB-LOVE\" alt=\"ILLI-MOOD-BB-LOVE\" \/>\t\t\t\t\t\t\t\t\t\t\t\t\t\t<\/div>\n\t\t\t\t\t\t<\/div>\n\t\t\t\t<\/div>\n\t\t\t\t\t\t<\/div>\n\t\t\t\t\t<\/div>\n\t\t<\/div>\n\t\t\t\t\t\t\t\t<\/div>\n\t\t\t\t\t<\/div>\n\t\t<\/section>\n\t\t\t\t<section class=\"elementor-section elementor-top-section elementor-element elementor-element-a7d1b8e elementor-section-boxed elementor-section-height-default elementor-section-height-default\" data-id=\"a7d1b8e\" data-element_type=\"section\">\n\t\t\t\t\t\t<div class=\"elementor-container elementor-column-gap-default\">\n\t\t\t\t\t\t\t<div class=\"elementor-row\">\n\t\t\t\t\t<div class=\"elementor-column elementor-col-100 elementor-top-column elementor-element elementor-element-35ba48a\" data-id=\"35ba48a\" data-element_type=\"column\">\n\t\t\t<div class=\"elementor-column-wrap elementor-element-populated\">\n\t\t\t\t\t\t\t<div class=\"elementor-widget-wrap\">\n\t\t\t\t\t\t<div class=\"elementor-element elementor-element-8632bca elementor-widget elementor-widget-text-editor\" data-id=\"8632bca\" data-element_type=\"widget\" data-widget_type=\"text-editor.default\">\n\t\t\t\t<div class=\"elementor-widget-container\">\n\t\t\t\t\t\t\t\t<div class=\"elementor-text-editor elementor-clearfix\">\n\t\t\t\t<p class=\"p1\">Un mood sur un petit nuage, une s\u00e9lection aussi douce que la peau des b\u00e9b\u00e9s. Une ambiance cocooning qui va vous donner comme une envie de rester au coin du feu et de vous plonger dans le cou chaud de votre tout petit.<\/p>\t\t\t\t\t<\/div>\n\t\t\t\t\t\t<\/div>\n\t\t\t\t<\/div>\n\t\t\t\t\t\t<\/div>\n\t\t\t\t\t<\/div>\n\t\t<\/div>\n\t\t\t\t\t\t\t\t<\/div>\n\t\t\t\t\t<\/div>\n\t\t<\/section>\n\t\t\t\t<section class=\"elementor-section elementor-top-section elementor-element elementor-element-ae6382f elementor-section-boxed elementor-section-height-default elementor-section-height-default\" data-id=\"ae6382f\" data-element_type=\"section\">\n\t\t\t\t\t\t<div class=\"elementor-container elementor-column-gap-default\">\n\t\t\t\t\t\t\t<div class=\"elementor-row\">\n\t\t\t\t\t<div class=\"elementor-column elementor-col-100 elementor-top-column elementor-element elementor-element-dcb08c2\" data-id=\"dcb08c2\" data-element_type=\"column\">\n\t\t\t<div class=\"elementor-column-wrap elementor-element-populated\">\n\t\t\t\t\t\t\t<div class=\"elementor-widget-wrap\">\n\t\t\t\t\t\t<div class=\"elementor-element elementor-element-0e379cc elementor-grid-4 elementor-grid-tablet-3 elementor-grid-mobile-2 elementor-products-grid elementor-wc-products elementor-widget elementor-widget-woocommerce-products\" data-id=\"0e379cc\" data-element_type=\"widget\" data-widget_type=\"woocommerce-products.default\">\n\t\t\t\t<div class=\"elementor-widget-container\">\n\t\t\t<div class=\"woocommerce columns-4 \">\r\n<ul class=\"products elementor-grid oceanwp-row clr grid mobile-col mobile-1-col\">\r\n<li class=\"entry has-media col span_1_of_4 owp-content-center owp-thumbs-layout-horizontal owp-btn-normal owp-tabs-layout-horizontal product type-product post-28804 status-publish first instock product_cat-bebes product_cat-bebes-combinaisons has-post-thumbnail shipping-taxable purchasable product-type-variable\">\n\t<div class=\"product-inner clr\"><div class=\"tinv-wraper woocommerce tinv-wishlist tinvwl-above_thumb-add-to-cart tinvwl-loop-button-wrapper\"\n\t data-tinvwl_product_id=\"28804\">\n\t<a role=\"button\" tabindex=\"0\" aria-label=\"Ajouter \u00e0 la Y\u00f6li liste\" class=\"tinvwl_add_to_wishlist_button tinvwl-icon-heart no-txt tinvwl-product-already-on-wishlist  tinvwl-position-above_thumb ftinvwl-animated tinvwl-loop\" data-tinv-wl-list=\"[]\" data-tinv-wl-product=\"28804\" data-tinv-wl-productvariation=\"0\" data-tinv-wl-productvariations=\"[0]\" data-tinv-wl-producttype=\"variable\" data-tinv-wl-action=\"add\"><\/a>\t\t<div class=\"tinvwl-tooltip\">Ajouter \u00e0 la Y\u00f6li liste<\/div>\n<\/div>\n\n\t<div class=\"woo-entry-image-swap woo-entry-image clr\">\n\t\t<a href=\"https:\/\/yolinae.com\/fr\/products\/bebes\/bebes-vetements\/bebes-combinaisons\/combinaison-cachemire-charlie\/\" class=\"woocommerce-LoopProduct-link\"><img width=\"280\" height=\"280\" src=\"https:\/\/yolinae.com\/wp-content\/uploads\/2022\/06\/1.CHARLIE-ENVOL-FR-GREY-0562-280x280.jpg\" class=\"woo-entry-image-main\" alt=\"Combinaison cachemire Charlie\" srcset=\"https:\/\/yolinae.com\/wp-content\/uploads\/2022\/06\/1.CHARLIE-ENVOL-FR-GREY-0562-280x280.jpg 280w, https:\/\/yolinae.com\/wp-content\/uploads\/2022\/06\/1.CHARLIE-ENVOL-FR-GREY-0562-300x300.jpg 300w, https:\/\/yolinae.com\/wp-content\/uploads\/2022\/06\/1.CHARLIE-ENVOL-FR-GREY-0562-150x150.jpg 150w, https:\/\/yolinae.com\/wp-content\/uploads\/2022\/06\/1.CHARLIE-ENVOL-FR-GREY-0562-768x768.jpg 768w, https:\/\/yolinae.com\/wp-content\/uploads\/2022\/06\/1.CHARLIE-ENVOL-FR-GREY-0562-12x12.jpg 12w, https:\/\/yolinae.com\/wp-content\/uploads\/2022\/06\/1.CHARLIE-ENVOL-FR-GREY-0562-600x600.jpg 600w, https:\/\/yolinae.com\/wp-content\/uploads\/2022\/06\/1.CHARLIE-ENVOL-FR-GREY-0562-100x100.jpg 100w, https:\/\/yolinae.com\/wp-content\/uploads\/2022\/06\/1.CHARLIE-ENVOL-FR-GREY-0562-64x64.jpg 64w, https:\/\/yolinae.com\/wp-content\/uploads\/2022\/06\/1.CHARLIE-ENVOL-FR-GREY-0562.jpg 1000w\" sizes=\"(max-width: 280px) 100vw, 280px\" \/><img width=\"280\" height=\"280\" src=\"https:\/\/yolinae.com\/wp-content\/uploads\/2022\/06\/2.CHARLIE-ENVOL-EN-LIGHT-PINK-0412-280x280.jpg\" class=\"woo-entry-image-secondary\" alt=\"Combinaison cachemire Charlie\" srcset=\"https:\/\/yolinae.com\/wp-content\/uploads\/2022\/06\/2.CHARLIE-ENVOL-EN-LIGHT-PINK-0412-280x280.jpg 280w, https:\/\/yolinae.com\/wp-content\/uploads\/2022\/06\/2.CHARLIE-ENVOL-EN-LIGHT-PINK-0412-300x300.jpg 300w, https:\/\/yolinae.com\/wp-content\/uploads\/2022\/06\/2.CHARLIE-ENVOL-EN-LIGHT-PINK-0412-150x150.jpg 150w, https:\/\/yolinae.com\/wp-content\/uploads\/2022\/06\/2.CHARLIE-ENVOL-EN-LIGHT-PINK-0412-768x768.jpg 768w, https:\/\/yolinae.com\/wp-content\/uploads\/2022\/06\/2.CHARLIE-ENVOL-EN-LIGHT-PINK-0412-12x12.jpg 12w, https:\/\/yolinae.com\/wp-content\/uploads\/2022\/06\/2.CHARLIE-ENVOL-EN-LIGHT-PINK-0412-600x600.jpg 600w, https:\/\/yolinae.com\/wp-content\/uploads\/2022\/06\/2.CHARLIE-ENVOL-EN-LIGHT-PINK-0412-100x100.jpg 100w, https:\/\/yolinae.com\/wp-content\/uploads\/2022\/06\/2.CHARLIE-ENVOL-EN-LIGHT-PINK-0412-64x64.jpg 64w, https:\/\/yolinae.com\/wp-content\/uploads\/2022\/06\/2.CHARLIE-ENVOL-EN-LIGHT-PINK-0412.jpg 1000w\" sizes=\"(max-width: 280px) 100vw, 280px\" \/><\/a>\t<\/div><!-- .woo-entry-image-swap -->\n\n<div class=\"yith-wcqv-button inside-thumb\" data-product_id=\"28804\"><img src=\"\" class=\"yith-wcqv-icon\"\/><\/div><ul class=\"woo-entry-inner clr\"><li class=\"image-wrap\">\n\t<div class=\"woo-entry-image-swap woo-entry-image clr\">\n\t\t<a href=\"https:\/\/yolinae.com\/fr\/products\/bebes\/bebes-vetements\/bebes-combinaisons\/combinaison-cachemire-charlie\/\" class=\"woocommerce-LoopProduct-link\"><img width=\"280\" height=\"280\" src=\"https:\/\/yolinae.com\/wp-content\/uploads\/2022\/06\/1.CHARLIE-ENVOL-FR-GREY-0562-280x280.jpg\" class=\"woo-entry-image-main\" alt=\"Combinaison cachemire Charlie\" srcset=\"https:\/\/yolinae.com\/wp-content\/uploads\/2022\/06\/1.CHARLIE-ENVOL-FR-GREY-0562-280x280.jpg 280w, https:\/\/yolinae.com\/wp-content\/uploads\/2022\/06\/1.CHARLIE-ENVOL-FR-GREY-0562-300x300.jpg 300w, https:\/\/yolinae.com\/wp-content\/uploads\/2022\/06\/1.CHARLIE-ENVOL-FR-GREY-0562-150x150.jpg 150w, https:\/\/yolinae.com\/wp-content\/uploads\/2022\/06\/1.CHARLIE-ENVOL-FR-GREY-0562-768x768.jpg 768w, https:\/\/yolinae.com\/wp-content\/uploads\/2022\/06\/1.CHARLIE-ENVOL-FR-GREY-0562-12x12.jpg 12w, https:\/\/yolinae.com\/wp-content\/uploads\/2022\/06\/1.CHARLIE-ENVOL-FR-GREY-0562-600x600.jpg 600w, https:\/\/yolinae.com\/wp-content\/uploads\/2022\/06\/1.CHARLIE-ENVOL-FR-GREY-0562-100x100.jpg 100w, https:\/\/yolinae.com\/wp-content\/uploads\/2022\/06\/1.CHARLIE-ENVOL-FR-GREY-0562-64x64.jpg 64w, https:\/\/yolinae.com\/wp-content\/uploads\/2022\/06\/1.CHARLIE-ENVOL-FR-GREY-0562.jpg 1000w\" sizes=\"(max-width: 280px) 100vw, 280px\" \/><img width=\"280\" height=\"280\" src=\"https:\/\/yolinae.com\/wp-content\/uploads\/2022\/06\/2.CHARLIE-ENVOL-EN-LIGHT-PINK-0412-280x280.jpg\" class=\"woo-entry-image-secondary\" alt=\"Combinaison cachemire Charlie\" srcset=\"https:\/\/yolinae.com\/wp-content\/uploads\/2022\/06\/2.CHARLIE-ENVOL-EN-LIGHT-PINK-0412-280x280.jpg 280w, https:\/\/yolinae.com\/wp-content\/uploads\/2022\/06\/2.CHARLIE-ENVOL-EN-LIGHT-PINK-0412-300x300.jpg 300w, https:\/\/yolinae.com\/wp-content\/uploads\/2022\/06\/2.CHARLIE-ENVOL-EN-LIGHT-PINK-0412-150x150.jpg 150w, https:\/\/yolinae.com\/wp-content\/uploads\/2022\/06\/2.CHARLIE-ENVOL-EN-LIGHT-PINK-0412-768x768.jpg 768w, https:\/\/yolinae.com\/wp-content\/uploads\/2022\/06\/2.CHARLIE-ENVOL-EN-LIGHT-PINK-0412-12x12.jpg 12w, https:\/\/yolinae.com\/wp-content\/uploads\/2022\/06\/2.CHARLIE-ENVOL-EN-LIGHT-PINK-0412-600x600.jpg 600w, https:\/\/yolinae.com\/wp-content\/uploads\/2022\/06\/2.CHARLIE-ENVOL-EN-LIGHT-PINK-0412-100x100.jpg 100w, https:\/\/yolinae.com\/wp-content\/uploads\/2022\/06\/2.CHARLIE-ENVOL-EN-LIGHT-PINK-0412-64x64.jpg 64w, https:\/\/yolinae.com\/wp-content\/uploads\/2022\/06\/2.CHARLIE-ENVOL-EN-LIGHT-PINK-0412.jpg 1000w\" sizes=\"(max-width: 280px) 100vw, 280px\" \/><\/a>\t<\/div><!-- .woo-entry-image-swap -->\n\n<\/li><li class=\"category\"><a href=\"https:\/\/yolinae.com\/fr\/category\/bebes\/\" rel=\"tag\">B\u00e9b\u00e9s<\/a>, <a href=\"https:\/\/yolinae.com\/fr\/category\/bebes\/bebes-vetements\/bebes-combinaisons\/\" rel=\"tag\">Combinaisons, Salopettes<\/a><\/li><a href=\"https:\/\/yolinae.com\/fr\/brands\/b612-planet-x-le-petit-prince\/\" class=\"brand\">B612 Planet x Le Petit Prince<\/a><li class=\"title\"><h2><a href=\"https:\/\/yolinae.com\/fr\/products\/bebes\/bebes-vetements\/bebes-combinaisons\/combinaison-cachemire-charlie\/\">Combinaison cachemire Charlie<\/a><\/h2><\/li><li class=\"price-wrap\">\n<\/li><li class=\"rating\"><\/li><li class=\"btn-wrap clr\"><a href=\"https:\/\/yolinae.com\/fr\/products\/bebes\/bebes-vetements\/bebes-combinaisons\/combinaison-cachemire-charlie\/\" data-quantity=\"1\" class=\"button product_type_variable add_to_cart_button\" data-product_id=\"28804\" data-product_sku=\"\" aria-label=\"S\u00e9lectionner les options pour &ldquo;Combinaison cachemire Charlie&rdquo;\" rel=\"nofollow\">Choix des options<\/a><\/li><\/ul><\/div><!-- .product-inner .clr --><\/li>\n<\/ul>\n<\/div>\t\t<\/div>\n\t\t\t\t<\/div>\n\t\t\t\t\t\t<\/div>\n\t\t\t\t\t<\/div>\n\t\t<\/div>\n\t\t\t\t\t\t\t\t<\/div>\n\t\t\t\t\t<\/div>\n\t\t<\/section>\n\t\t\t\t\t\t\t\t\t<\/div>\n\t\t\t<\/div>\n\t\t\t\t\t<\/div>\n\t\t","protected":false},"excerpt":{"rendered":"<p>Un mood sur un petit nuage, une s\u00e9lection aussi douce que la peau des b\u00e9b\u00e9s. Une ambiance cocooning qui va vous donner comme une envie de rester au coin du feu et de vous plonger dans le cou chaud de votre tout petit.<\/p>\n","protected":false},"author":4,"featured_media":8599,"parent":8343,"menu_order":0,"comment_status":"closed","ping_status":"closed","template":"","meta":[],"yoast_head":"<!-- This site is optimized with the Yoast SEO plugin v19.8 - https:\/\/yoast.com\/wordpress\/plugins\/seo\/ -->\n<title>Mood Baby Love - Y\u00f6li Na\u00e9<\/title>\n<meta name=\"robots\" content=\"index, follow, max-snippet:-1, max-image-preview:large, max-video-preview:-1\" \/>\n<link rel=\"canonical\" href=\"https:\/\/yolinae.com\/fr\/mood\/moodbabylove\/\" \/>\n<meta property=\"og:locale\" content=\"fr_FR\" \/>\n<meta property=\"og:type\" content=\"article\" \/>\n<meta property=\"og:title\" content=\"Mood Baby Love - Y\u00f6li Na\u00e9\" \/>\n<meta property=\"og:description\" content=\"Un mood sur un petit nuage, une s\u00e9lection aussi douce que la peau des b\u00e9b\u00e9s. Une ambiance cocooning qui va vous donner comme une envie de rester au coin du feu et de vous plonger dans le cou chaud de votre tout petit.\" \/>\n<meta property=\"og:url\" content=\"https:\/\/yolinae.com\/fr\/mood\/moodbabylove\/\" \/>\n<meta property=\"og:site_name\" content=\"Y\u00f6li Na\u00e9\" \/>\n<meta property=\"article:modified_time\" content=\"2022-06-27T14:31:13+00:00\" \/>\n<meta property=\"og:image\" content=\"https:\/\/yolinae.com\/wp-content\/uploads\/2020\/04\/ILLI-MOOD-BB-LOVE.jpg\" \/>\n\t<meta property=\"og:image:width\" content=\"1280\" \/>\n\t<meta property=\"og:image:height\" content=\"470\" \/>\n\t<meta property=\"og:image:type\" content=\"image\/jpeg\" \/>\n<meta name=\"twitter:card\" content=\"summary_large_image\" \/>\n<meta name=\"twitter:label1\" content=\"Dur\u00e9e de lecture estim\u00e9e\" \/>\n\t<meta name=\"twitter:data1\" content=\"13 minutes\" \/>\n<script type=\"application\/ld+json\" class=\"yoast-schema-graph\">{\"@context\":\"https:\/\/schema.org\",\"@graph\":[{\"@type\":\"WebPage\",\"@id\":\"https:\/\/yolinae.com\/en\/mood\/moodbabylove\/\",\"url\":\"https:\/\/yolinae.com\/en\/mood\/moodbabylove\/\",\"name\":\"Mood Baby Love - Y\u00f6li Na\u00e9\",\"isPartOf\":{\"@id\":\"https:\/\/yolinae.com\/fr\/#website\"},\"datePublished\":\"2020-04-27T12:10:56+00:00\",\"dateModified\":\"2022-06-27T14:31:13+00:00\",\"breadcrumb\":{\"@id\":\"https:\/\/yolinae.com\/en\/mood\/moodbabylove\/#breadcrumb\"},\"inLanguage\":\"fr-FR\",\"potentialAction\":[{\"@type\":\"ReadAction\",\"target\":[\"https:\/\/yolinae.com\/en\/mood\/moodbabylove\/\"]}]},{\"@type\":\"BreadcrumbList\",\"@id\":\"https:\/\/yolinae.com\/en\/mood\/moodbabylove\/#breadcrumb\",\"itemListElement\":[{\"@type\":\"ListItem\",\"position\":1,\"name\":\"Home\",\"item\":\"https:\/\/yolinae.com\/\"},{\"@type\":\"ListItem\",\"position\":2,\"name\":\"Mood\",\"item\":\"https:\/\/yolinae.com\/en\/mood\/\"},{\"@type\":\"ListItem\",\"position\":3,\"name\":\"Mood Baby Love\"}]},{\"@type\":\"WebSite\",\"@id\":\"https:\/\/yolinae.com\/fr\/#website\",\"url\":\"https:\/\/yolinae.com\/fr\/\",\"name\":\"Y\u00f6li Na\u00e9\",\"description\":\"Showroom presse digital d\u00e9di\u00e9 aux professionnels de la mode enfantine\",\"publisher\":{\"@id\":\"https:\/\/yolinae.com\/fr\/#organization\"},\"potentialAction\":[{\"@type\":\"SearchAction\",\"target\":{\"@type\":\"EntryPoint\",\"urlTemplate\":\"https:\/\/yolinae.com\/fr\/?s={search_term_string}\"},\"query-input\":\"required name=search_term_string\"}],\"inLanguage\":\"fr-FR\"},{\"@type\":\"Organization\",\"@id\":\"https:\/\/yolinae.com\/fr\/#organization\",\"name\":\"Y\u00f6li Na\u00e9\",\"url\":\"https:\/\/yolinae.com\/fr\/\",\"sameAs\":[],\"logo\":{\"@type\":\"ImageObject\",\"inLanguage\":\"fr-FR\",\"@id\":\"https:\/\/yolinae.com\/fr\/#\/schema\/logo\/image\/\",\"url\":\"https:\/\/yolinae.com\/wp-content\/uploads\/2019\/08\/YN_Logos_Blanc.svg\",\"contentUrl\":\"https:\/\/yolinae.com\/wp-content\/uploads\/2019\/08\/YN_Logos_Blanc.svg\",\"width\":238,\"height\":91,\"caption\":\"Y\u00f6li Na\u00e9\"},\"image\":{\"@id\":\"https:\/\/yolinae.com\/fr\/#\/schema\/logo\/image\/\"}}]}<\/script>\n<!-- \/ Yoast SEO plugin. -->","yoast_head_json":{"title":"Mood Baby Love - Y\u00f6li Na\u00e9","robots":{"index":"index","follow":"follow","max-snippet":"max-snippet:-1","max-image-preview":"max-image-preview:large","max-video-preview":"max-video-preview:-1"},"canonical":"https:\/\/yolinae.com\/fr\/mood\/moodbabylove\/","og_locale":"fr_FR","og_type":"article","og_title":"Mood Baby Love - Y\u00f6li Na\u00e9","og_description":"Un mood sur un petit nuage, une s\u00e9lection aussi douce que la peau des b\u00e9b\u00e9s. Une ambiance cocooning qui va vous donner comme une envie de rester au coin du feu et de vous plonger dans le cou chaud de votre tout petit.","og_url":"https:\/\/yolinae.com\/fr\/mood\/moodbabylove\/","og_site_name":"Y\u00f6li Na\u00e9","article_modified_time":"2022-06-27T14:31:13+00:00","og_image":[{"width":1280,"height":470,"url":"https:\/\/yolinae.com\/wp-content\/uploads\/2020\/04\/ILLI-MOOD-BB-LOVE.jpg","type":"image\/jpeg"}],"twitter_card":"summary_large_image","twitter_misc":{"Dur\u00e9e de lecture estim\u00e9e":"13 minutes"},"schema":{"@context":"https:\/\/schema.org","@graph":[{"@type":"WebPage","@id":"https:\/\/yolinae.com\/en\/mood\/moodbabylove\/","url":"https:\/\/yolinae.com\/en\/mood\/moodbabylove\/","name":"Mood Baby Love - Y\u00f6li Na\u00e9","isPartOf":{"@id":"https:\/\/yolinae.com\/fr\/#website"},"datePublished":"2020-04-27T12:10:56+00:00","dateModified":"2022-06-27T14:31:13+00:00","breadcrumb":{"@id":"https:\/\/yolinae.com\/en\/mood\/moodbabylove\/#breadcrumb"},"inLanguage":"fr-FR","potentialAction":[{"@type":"ReadAction","target":["https:\/\/yolinae.com\/en\/mood\/moodbabylove\/"]}]},{"@type":"BreadcrumbList","@id":"https:\/\/yolinae.com\/en\/mood\/moodbabylove\/#breadcrumb","itemListElement":[{"@type":"ListItem","position":1,"name":"Home","item":"https:\/\/yolinae.com\/"},{"@type":"ListItem","position":2,"name":"Mood","item":"https:\/\/yolinae.com\/en\/mood\/"},{"@type":"ListItem","position":3,"name":"Mood Baby Love"}]},{"@type":"WebSite","@id":"https:\/\/yolinae.com\/fr\/#website","url":"https:\/\/yolinae.com\/fr\/","name":"Y\u00f6li Na\u00e9","description":"Showroom presse digital d\u00e9di\u00e9 aux professionnels de la mode enfantine","publisher":{"@id":"https:\/\/yolinae.com\/fr\/#organization"},"potentialAction":[{"@type":"SearchAction","target":{"@type":"EntryPoint","urlTemplate":"https:\/\/yolinae.com\/fr\/?s={search_term_string}"},"query-input":"required name=search_term_string"}],"inLanguage":"fr-FR"},{"@type":"Organization","@id":"https:\/\/yolinae.com\/fr\/#organization","name":"Y\u00f6li Na\u00e9","url":"https:\/\/yolinae.com\/fr\/","sameAs":[],"logo":{"@type":"ImageObject","inLanguage":"fr-FR","@id":"https:\/\/yolinae.com\/fr\/#\/schema\/logo\/image\/","url":"https:\/\/yolinae.com\/wp-content\/uploads\/2019\/08\/YN_Logos_Blanc.svg","contentUrl":"https:\/\/yolinae.com\/wp-content\/uploads\/2019\/08\/YN_Logos_Blanc.svg","width":238,"height":91,"caption":"Y\u00f6li Na\u00e9"},"image":{"@id":"https:\/\/yolinae.com\/fr\/#\/schema\/logo\/image\/"}}]}},"_links":{"self":[{"href":"https:\/\/yolinae.com\/fr\/wp-json\/wp\/v2\/pages\/8786"}],"collection":[{"href":"https:\/\/yolinae.com\/fr\/wp-json\/wp\/v2\/pages"}],"about":[{"href":"https:\/\/yolinae.com\/fr\/wp-json\/wp\/v2\/types\/page"}],"author":[{"embeddable":true,"href":"https:\/\/yolinae.com\/fr\/wp-json\/wp\/v2\/users\/4"}],"replies":[{"embeddable":true,"href":"https:\/\/yolinae.com\/fr\/wp-json\/wp\/v2\/comments?post=8786"}],"version-history":[{"count":5,"href":"https:\/\/yolinae.com\/fr\/wp-json\/wp\/v2\/pages\/8786\/revisions"}],"predecessor-version":[{"id":30874,"href":"https:\/\/yolinae.com\/fr\/wp-json\/wp\/v2\/pages\/8786\/revisions\/30874"}],"up":[{"embeddable":true,"href":"https:\/\/yolinae.com\/fr\/wp-json\/wp\/v2\/pages\/8343"}],"wp:featuredmedia":[{"embeddable":true,"href":"https:\/\/yolinae.com\/fr\/wp-json\/wp\/v2\/media\/8599"}],"wp:attachment":[{"href":"https:\/\/yolinae.com\/fr\/wp-json\/wp\/v2\/media?parent=8786"}],"curies":[{"name":"wp","href":"https:\/\/api.w.org\/{rel}","templated":true}]}}