{"id":94,"date":"2019-08-21T09:56:02","date_gmt":"2019-08-21T09:56:02","guid":{"rendered":"http:\/\/yolinae.com\/?page_id=94"},"modified":"2020-04-10T15:33:50","modified_gmt":"2020-04-10T15:33:50","slug":"faq","status":"publish","type":"page","link":"https:\/\/yolinae.com\/en\/faq\/","title":{"rendered":"Faq"},"content":{"rendered":"<div data-elementor-type=\"wp-page\" data-elementor-id=\"94\" class=\"elementor elementor-94\">\n\t\t\t\t\t\t<div class=\"elementor-inner\">\n\t\t\t\t<div class=\"elementor-section-wrap\">\n\t\t\t\t\t\t\t\t\t<section class=\"elementor-section elementor-top-section elementor-element elementor-element-3e45d6d elementor-section-boxed elementor-section-height-default elementor-section-height-default\" data-id=\"3e45d6d\" data-element_type=\"section\">\n\t\t\t\t\t\t<div class=\"elementor-container elementor-column-gap-default\">\n\t\t\t\t\t\t\t<div class=\"elementor-row\">\n\t\t\t\t\t<div class=\"elementor-column elementor-col-100 elementor-top-column elementor-element elementor-element-0d19bb9\" data-id=\"0d19bb9\" data-element_type=\"column\">\n\t\t\t<div class=\"elementor-column-wrap elementor-element-populated\">\n\t\t\t\t\t\t\t<div class=\"elementor-widget-wrap\">\n\t\t\t\t\t\t<div class=\"elementor-element elementor-element-ba71b24 elementor-widget elementor-widget-heading\" data-id=\"ba71b24\" data-element_type=\"widget\" data-widget_type=\"heading.default\">\n\t\t\t\t<div class=\"elementor-widget-container\">\n\t\t\t<h3 class=\"elementor-heading-title elementor-size-default\">Frequently Asked Questions<\/h3>\t\t<\/div>\n\t\t\t\t<\/div>\n\t\t\t\t<div class=\"elementor-element elementor-element-eb3e480 elementor-widget elementor-widget-text-editor\" data-id=\"eb3e480\" data-element_type=\"widget\" data-widget_type=\"text-editor.default\">\n\t\t\t\t<div class=\"elementor-widget-container\">\n\t\t\t\t\t\t\t\t<div class=\"elementor-text-editor elementor-clearfix\">\n\t\t\t\t<h5>How do I place an order?<\/h5><p class=\"p1\"><span class=\"s1\">Placing an order is very easy. First of all, log in to the private and professional area of the platform by entering your login and password. Then click on the desired item, choose its size, its color, if several are proposed and click on \"add to cart\". A confirmation window will appear. You can then continue your selection or click on \"Confirm my order\". As the products are made available on loan for the media, you will not have to make any payment. <\/span><\/p>\t\t\t\t\t<\/div>\n\t\t\t\t\t\t<\/div>\n\t\t\t\t<\/div>\n\t\t\t\t<div class=\"elementor-element elementor-element-3d4e661 elementor-widget elementor-widget-text-editor\" data-id=\"3d4e661\" data-element_type=\"widget\" data-widget_type=\"text-editor.default\">\n\t\t\t\t<div class=\"elementor-widget-container\">\n\t\t\t\t\t\t\t\t<div class=\"elementor-text-editor elementor-clearfix\">\n\t\t\t\t<h5><span class=\"s1\" style=\"font-weight: normal;\"><strong>What to do if the desired item(s) are not available?<\/strong> <\/span><\/h5><p class=\"p1\"><span class=\"s1\">We will let you know when the room(s) in question is\/are expected to be back on the online showroom and you then have the opportunity to reserve the room(s) for a scheduled date. However, if you need the item immediately, please contact the Y\u00f6li Team to help you choose an item with a similar style.<\/span><\/p><p class=\"p1\"><span class=\"s1\">Y\u00f6li Na\u00e9 offers the collections of its customers by season, from May to November for the next Autumn-Winter collections and from November to May for the next Spring\/Summer collections. So you will not find articles from previous seasons. <\/span><\/p>\t\t\t\t\t<\/div>\n\t\t\t\t\t\t<\/div>\n\t\t\t\t<\/div>\n\t\t\t\t<div class=\"elementor-element elementor-element-df09cff elementor-widget elementor-widget-text-editor\" data-id=\"df09cff\" data-element_type=\"widget\" data-widget_type=\"text-editor.default\">\n\t\t\t\t<div class=\"elementor-widget-container\">\n\t\t\t\t\t\t\t\t<div class=\"elementor-text-editor elementor-clearfix\">\n\t\t\t\t<h5><span class=\"s1\" style=\"font-weight: normal;\"><strong>How do I know if an item is available?<\/strong><\/span><\/h5><p class=\"p1\"><span class=\"s1\">An item is available if you can add it to your cart. If the desired size is unavailable, we invite you to consult the answer to the previous question (see above) and to proceed in the same way.<\/span><\/p>\t\t\t\t\t<\/div>\n\t\t\t\t\t\t<\/div>\n\t\t\t\t<\/div>\n\t\t\t\t<div class=\"elementor-element elementor-element-3f298d7 elementor-widget elementor-widget-text-editor\" data-id=\"3f298d7\" data-element_type=\"widget\" data-widget_type=\"text-editor.default\">\n\t\t\t\t<div class=\"elementor-widget-container\">\n\t\t\t\t\t\t\t\t<div class=\"elementor-text-editor elementor-clearfix\">\n\t\t\t\t<h5><span style=\"font-family: Poppins, sans-serif; font-size: 14px; font-style: normal; font-weight: 600; letter-spacing: 0.11em;\">Can I change my order once it has been placed?<\/span><\/h5><p class=\"p1\"><span class=\"s1\">It is preferable to check your basket before validating an order, for logistical reasons. <\/span><\/p><p class=\"p1\"><span class=\"s1\">However, if within two hours of your order you have a Y\u00f6li coup de coeur or on the contrary, you want to remove an item from your shopping selection, you can contact the Y\u00f6li Team who will do their best to modify your selection when designing your package. <\/span><\/p><p class=\"p1\"><span class=\"s1\">Nevertheless, Y\u00f6li Na\u00e9 commits itself to deliver you as soon as possible, if the order has already left, we will unfortunately be unable to make any changes. You will then have to place a new additional order or return the unwanted article.<\/span><\/p>\t\t\t\t\t<\/div>\n\t\t\t\t\t\t<\/div>\n\t\t\t\t<\/div>\n\t\t\t\t<div class=\"elementor-element elementor-element-66ada6c elementor-widget elementor-widget-text-editor\" data-id=\"66ada6c\" data-element_type=\"widget\" data-widget_type=\"text-editor.default\">\n\t\t\t\t<div class=\"elementor-widget-container\">\n\t\t\t\t\t\t\t\t<div class=\"elementor-text-editor elementor-clearfix\">\n\t\t\t\t<h5 class=\"p1\"><span class=\"s1\">How do I know if my order has been registered?<\/span><\/h5><p class=\"p1\"><span class=\"s1\">Once you have placed your order, you will receive a confirmation email \ud83d\ude42. <\/span><\/p>\t\t\t\t\t<\/div>\n\t\t\t\t\t\t<\/div>\n\t\t\t\t<\/div>\n\t\t\t\t<div class=\"elementor-element elementor-element-6b8b2bb elementor-widget elementor-widget-text-editor\" data-id=\"6b8b2bb\" data-element_type=\"widget\" id=\"livraisons\" data-widget_type=\"text-editor.default\">\n\t\t\t\t<div class=\"elementor-widget-container\">\n\t\t\t\t\t\t\t\t<div class=\"elementor-text-editor elementor-clearfix\">\n\t\t\t\t<h5>How is the delivery going?<\/h5><p class=\"p1\"><span class=\"s1\">The Y\u00f6li Team takes care of preparing your order with its own hands and with the utmost care. The delivery will then be carried out by our delivery partners. <\/span><\/p>\t\t\t\t\t<\/div>\n\t\t\t\t\t\t<\/div>\n\t\t\t\t<\/div>\n\t\t\t\t<div class=\"elementor-element elementor-element-57d74a5 elementor-widget elementor-widget-text-editor\" data-id=\"57d74a5\" data-element_type=\"widget\" id=\"retours\" data-widget_type=\"text-editor.default\">\n\t\t\t\t<div class=\"elementor-widget-container\">\n\t\t\t\t\t\t\t\t<div class=\"elementor-text-editor elementor-clearfix\">\n\t\t\t\t<h5><span style=\"font-family: Poppins, sans-serif; font-size: 14px; font-style: normal; font-weight: 600; letter-spacing: 0.11em;\">How do I return an order once the shooting is over?<\/span><\/h5><p class=\"p1\"><span class=\"s1\">For a question of organization, stock management, and that the provision of our products for the stylists is the best possible, we will ask you, at the time of order taking, to indicate us a precise date of return shopping. <\/span><\/p><p class=\"p1\"><span class=\"s1\">In case it will be difficult for you to foresee an exact return date, please indicate an approximate date on the website and inform us via the contact form so that we can indicate it on the website in an exceptional way. <\/span><\/p>\t\t\t\t\t<\/div>\n\t\t\t\t\t\t<\/div>\n\t\t\t\t<\/div>\n\t\t\t\t\t\t<\/div>\n\t\t\t\t\t<\/div>\n\t\t<\/div>\n\t\t\t\t\t\t\t\t<\/div>\n\t\t\t\t\t<\/div>\n\t\t<\/section>\n\t\t\t\t\t\t\t\t\t<\/div>\n\t\t\t<\/div>\n\t\t\t\t\t<\/div>","protected":false},"excerpt":{"rendered":"<p>Frequently Asked Questions How do I place an order? Placing an order is very easy. First, connect to the private and professional area of the platform by entering your login and password. Then you just have to click on the desired article, choose its size, its color, if several are proposed and click on \"add\".<\/p>","protected":false},"author":4,"featured_media":0,"parent":0,"menu_order":0,"comment_status":"closed","ping_status":"closed","template":"","meta":[],"yoast_head":"<!-- This site is optimized with the Yoast SEO plugin v19.8 - https:\/\/yoast.com\/wordpress\/plugins\/seo\/ -->\n<title>FAQ - Y\u00f6li Na\u00e9<\/title>\n<meta name=\"robots\" content=\"index, follow, max-snippet:-1, max-image-preview:large, max-video-preview:-1\" \/>\n<link rel=\"canonical\" href=\"https:\/\/yolinae.com\/en\/faq\/\" \/>\n<meta property=\"og:locale\" content=\"en_US\" \/>\n<meta property=\"og:type\" content=\"article\" \/>\n<meta property=\"og:title\" content=\"FAQ - Y\u00f6li Na\u00e9\" \/>\n<meta property=\"og:description\" content=\"Foire Aux Quextions Comment faire une commande ? Passer une commande est tr\u00e8s facile. Connectez vous dans un premier temps sur l\u2019espace priv\u00e9 et professionnel de la plateforme en y renseignant vos identifiants. Il vous suffit ensuite de cliquer sur l\u2019article d\u00e9sir\u00e9, choisir sa taille, sa couleur, si plusieurs sont propos\u00e9es et cliquez sur \u00ab\u00a0ajouter [&hellip;]\" \/>\n<meta property=\"og:url\" content=\"https:\/\/yolinae.com\/en\/faq\/\" \/>\n<meta property=\"og:site_name\" content=\"Y\u00f6li Na\u00e9\" \/>\n<meta property=\"article:modified_time\" content=\"2020-04-10T15:33:50+00:00\" \/>\n<meta name=\"twitter:card\" content=\"summary_large_image\" \/>\n<meta name=\"twitter:label1\" content=\"Est. reading time\" \/>\n\t<meta name=\"twitter:data1\" content=\"3 minutes\" \/>\n<script type=\"application\/ld+json\" class=\"yoast-schema-graph\">{\"@context\":\"https:\/\/schema.org\",\"@graph\":[{\"@type\":\"WebPage\",\"@id\":\"https:\/\/yolinae.com\/en\/faq\/\",\"url\":\"https:\/\/yolinae.com\/en\/faq\/\",\"name\":\"FAQ - Y\u00f6li Na\u00e9\",\"isPartOf\":{\"@id\":\"https:\/\/yolinae.com\/fr\/#website\"},\"datePublished\":\"2019-08-21T09:56:02+00:00\",\"dateModified\":\"2020-04-10T15:33:50+00:00\",\"breadcrumb\":{\"@id\":\"https:\/\/yolinae.com\/en\/faq\/#breadcrumb\"},\"inLanguage\":\"en-US\",\"potentialAction\":[{\"@type\":\"ReadAction\",\"target\":[\"https:\/\/yolinae.com\/en\/faq\/\"]}]},{\"@type\":\"BreadcrumbList\",\"@id\":\"https:\/\/yolinae.com\/en\/faq\/#breadcrumb\",\"itemListElement\":[{\"@type\":\"ListItem\",\"position\":1,\"name\":\"Home\",\"item\":\"https:\/\/yolinae.com\/\"},{\"@type\":\"ListItem\",\"position\":2,\"name\":\"FAQ\"}]},{\"@type\":\"WebSite\",\"@id\":\"https:\/\/yolinae.com\/fr\/#website\",\"url\":\"https:\/\/yolinae.com\/fr\/\",\"name\":\"Y\u00f6li Na\u00e9\",\"description\":\"Showroom presse digital d\u00e9di\u00e9 aux professionnels de la mode enfantine\",\"publisher\":{\"@id\":\"https:\/\/yolinae.com\/fr\/#organization\"},\"potentialAction\":[{\"@type\":\"SearchAction\",\"target\":{\"@type\":\"EntryPoint\",\"urlTemplate\":\"https:\/\/yolinae.com\/fr\/?s={search_term_string}\"},\"query-input\":\"required name=search_term_string\"}],\"inLanguage\":\"en-US\"},{\"@type\":\"Organization\",\"@id\":\"https:\/\/yolinae.com\/fr\/#organization\",\"name\":\"Y\u00f6li Na\u00e9\",\"url\":\"https:\/\/yolinae.com\/fr\/\",\"sameAs\":[],\"logo\":{\"@type\":\"ImageObject\",\"inLanguage\":\"en-US\",\"@id\":\"https:\/\/yolinae.com\/fr\/#\/schema\/logo\/image\/\",\"url\":\"https:\/\/yolinae.com\/wp-content\/uploads\/2019\/08\/YN_Logos_Blanc.svg\",\"contentUrl\":\"https:\/\/yolinae.com\/wp-content\/uploads\/2019\/08\/YN_Logos_Blanc.svg\",\"width\":238,\"height\":91,\"caption\":\"Y\u00f6li Na\u00e9\"},\"image\":{\"@id\":\"https:\/\/yolinae.com\/fr\/#\/schema\/logo\/image\/\"}}]}<\/script>\n<!-- \/ Yoast SEO plugin. -->","yoast_head_json":{"title":"FAQ - Y\u00f6li Na\u00e9","robots":{"index":"index","follow":"follow","max-snippet":"max-snippet:-1","max-image-preview":"max-image-preview:large","max-video-preview":"max-video-preview:-1"},"canonical":"https:\/\/yolinae.com\/en\/faq\/","og_locale":"en_US","og_type":"article","og_title":"FAQ - Y\u00f6li Na\u00e9","og_description":"Foire Aux Quextions Comment faire une commande ? Passer une commande est tr\u00e8s facile. Connectez vous dans un premier temps sur l\u2019espace priv\u00e9 et professionnel de la plateforme en y renseignant vos identifiants. Il vous suffit ensuite de cliquer sur l\u2019article d\u00e9sir\u00e9, choisir sa taille, sa couleur, si plusieurs sont propos\u00e9es et cliquez sur \u00ab\u00a0ajouter [&hellip;]","og_url":"https:\/\/yolinae.com\/en\/faq\/","og_site_name":"Y\u00f6li Na\u00e9","article_modified_time":"2020-04-10T15:33:50+00:00","twitter_card":"summary_large_image","twitter_misc":{"Est. reading time":"3 minutes"},"schema":{"@context":"https:\/\/schema.org","@graph":[{"@type":"WebPage","@id":"https:\/\/yolinae.com\/en\/faq\/","url":"https:\/\/yolinae.com\/en\/faq\/","name":"FAQ - Y\u00f6li Na\u00e9","isPartOf":{"@id":"https:\/\/yolinae.com\/fr\/#website"},"datePublished":"2019-08-21T09:56:02+00:00","dateModified":"2020-04-10T15:33:50+00:00","breadcrumb":{"@id":"https:\/\/yolinae.com\/en\/faq\/#breadcrumb"},"inLanguage":"en-US","potentialAction":[{"@type":"ReadAction","target":["https:\/\/yolinae.com\/en\/faq\/"]}]},{"@type":"BreadcrumbList","@id":"https:\/\/yolinae.com\/en\/faq\/#breadcrumb","itemListElement":[{"@type":"ListItem","position":1,"name":"Home","item":"https:\/\/yolinae.com\/"},{"@type":"ListItem","position":2,"name":"FAQ"}]},{"@type":"WebSite","@id":"https:\/\/yolinae.com\/fr\/#website","url":"https:\/\/yolinae.com\/fr\/","name":"Y\u00f6li Na\u00e9","description":"Showroom presse digital d\u00e9di\u00e9 aux professionnels de la mode enfantine","publisher":{"@id":"https:\/\/yolinae.com\/fr\/#organization"},"potentialAction":[{"@type":"SearchAction","target":{"@type":"EntryPoint","urlTemplate":"https:\/\/yolinae.com\/fr\/?s={search_term_string}"},"query-input":"required name=search_term_string"}],"inLanguage":"en-US"},{"@type":"Organization","@id":"https:\/\/yolinae.com\/fr\/#organization","name":"Y\u00f6li Na\u00e9","url":"https:\/\/yolinae.com\/fr\/","sameAs":[],"logo":{"@type":"ImageObject","inLanguage":"en-US","@id":"https:\/\/yolinae.com\/fr\/#\/schema\/logo\/image\/","url":"https:\/\/yolinae.com\/wp-content\/uploads\/2019\/08\/YN_Logos_Blanc.svg","contentUrl":"https:\/\/yolinae.com\/wp-content\/uploads\/2019\/08\/YN_Logos_Blanc.svg","width":238,"height":91,"caption":"Y\u00f6li Na\u00e9"},"image":{"@id":"https:\/\/yolinae.com\/fr\/#\/schema\/logo\/image\/"}}]}},"_links":{"self":[{"href":"https:\/\/yolinae.com\/en\/wp-json\/wp\/v2\/pages\/94"}],"collection":[{"href":"https:\/\/yolinae.com\/en\/wp-json\/wp\/v2\/pages"}],"about":[{"href":"https:\/\/yolinae.com\/en\/wp-json\/wp\/v2\/types\/page"}],"author":[{"embeddable":true,"href":"https:\/\/yolinae.com\/en\/wp-json\/wp\/v2\/users\/4"}],"replies":[{"embeddable":true,"href":"https:\/\/yolinae.com\/en\/wp-json\/wp\/v2\/comments?post=94"}],"version-history":[{"count":0,"href":"https:\/\/yolinae.com\/en\/wp-json\/wp\/v2\/pages\/94\/revisions"}],"wp:attachment":[{"href":"https:\/\/yolinae.com\/en\/wp-json\/wp\/v2\/media?parent=94"}],"curies":[{"name":"wp","href":"https:\/\/api.w.org\/{rel}","templated":true}]}}