{"id":90,"date":"2019-08-21T09:55:51","date_gmt":"2019-08-21T09:55:51","guid":{"rendered":"http:\/\/yolinae.com\/?page_id=90"},"modified":"2020-04-10T15:46:09","modified_gmt":"2020-04-10T15:46:09","slug":"cgu","status":"publish","type":"page","link":"https:\/\/yolinae.com\/en\/cgu\/","title":{"rendered":"Terms"},"content":{"rendered":"<div data-elementor-type=\"wp-page\" data-elementor-id=\"90\" class=\"elementor elementor-90\">\n\t\t\t\t\t\t<div class=\"elementor-inner\">\n\t\t\t\t<div class=\"elementor-section-wrap\">\n\t\t\t\t\t\t\t\t\t<section class=\"elementor-section elementor-top-section elementor-element elementor-element-473ec30 elementor-section-boxed elementor-section-height-default elementor-section-height-default\" data-id=\"473ec30\" data-element_type=\"section\">\n\t\t\t\t\t\t<div class=\"elementor-container elementor-column-gap-default\">\n\t\t\t\t\t\t\t<div class=\"elementor-row\">\n\t\t\t\t\t<div class=\"elementor-column elementor-col-100 elementor-top-column elementor-element elementor-element-a8eda1e\" data-id=\"a8eda1e\" data-element_type=\"column\">\n\t\t\t<div class=\"elementor-column-wrap elementor-element-populated\">\n\t\t\t\t\t\t\t<div class=\"elementor-widget-wrap\">\n\t\t\t\t\t\t<div class=\"elementor-element elementor-element-492e533 elementor-widget elementor-widget-heading\" data-id=\"492e533\" data-element_type=\"widget\" data-widget_type=\"heading.default\">\n\t\t\t\t<div class=\"elementor-widget-container\">\n\t\t\t<h3 class=\"elementor-heading-title elementor-size-default\">TOS: General Terms and Conditions of Use \n<\/h3>\t\t<\/div>\n\t\t\t\t<\/div>\n\t\t\t\t<div class=\"elementor-element elementor-element-7e03472 elementor-widget elementor-widget-text-editor\" data-id=\"7e03472\" data-element_type=\"widget\" data-widget_type=\"text-editor.default\">\n\t\t\t\t<div class=\"elementor-widget-container\">\n\t\t\t\t\t\t\t\t<div class=\"elementor-text-editor elementor-clearfix\">\n\t\t\t\t<p class=\"p1\"><span class=\"s1\">The site <strong><a href=\"http:\/\/yolinae.com\/en\/\"><span class=\"s2\">yolinae.com<\/span><\/a>,<\/strong> showroom digital, is operated by the company Y\u00f6li Na\u00e9 with a capital of 2 000 \u20ac, having its headquarters in PARIS (96, Avenue de Villiers - 75017 Paris) and registered in the commercial register of companies of Paris under the number 853 840 460 RCS PARIS.<\/span><\/p><p class=\"p1\"><span class=\"s1\">V.A.T. identification number: FR 03 853840460 <\/span><\/p><p class=\"p1\"><span class=\"s1\">The general conditions of use on <a href=\"http:\/\/yolinae.com\/en\/\"><span class=\"s2\">yolinae.com<\/span><\/a> are detailed below. <\/span><\/p><p class=\"p1\"><span class=\"s1\">These conditions apply to all orders placed with the company Y\u00f6li Na\u00e9 for all articles and services offered on the site. <a href=\"http:\/\/YOLINAE.COM\"><span class=\"s2\">YOLINAE.COM<\/span><\/a>unless otherwise agreed in writing in advance. The present general conditions of use are systematically proposed to you at the time of placing an order. <\/span><\/p><p class=\"p1\"><span class=\"s1\">Consequently, the fact of placing an order, implies your full adherence to the general conditions of use, without reserve. <\/span><\/p><h5>CONTENTS<\/h5><p>Order taking<br \/>Confirmation of order<br \/><span class=\"s1\">Zones and delivery times <br \/><\/span><span class=\"s1\">Return of orders <br \/><\/span><span class=\"s1\">Warranty <br \/><\/span><span class=\"s1\">Privacy<br \/><\/span><span class=\"s1\">Intellectual Property <br \/><\/span><span class=\"s1\">Entire terms and conditions <br \/><\/span><span class=\"s1\">Duration and application <br \/><\/span><span class=\"s1\">Responsibility<\/span><\/p><p class=\"p3\"><span class=\"s1\"><b>Order taking: <\/b><\/span><\/p><ol class=\"ol1\"><li class=\"li1\"><span class=\"s1\">Your basket is your order form <\/span><\/li><li class=\"li1\"><span class=\"s1\">If you choose to place an order, you will be asked to enter the necessary information for the delivery of the items. The information you provide is binding. In the event of an error in the wording of the delivery details, the site and the company Y\u00d6LI NAE cannot be held responsible for the impossibility of delivering the article(s). <\/span><\/li><\/ol><p class=\"p3\"><span class=\"s1\"><b>Order confirmation:<\/b><\/span><\/p><p class=\"p1\"><span class=\"s1\">At each stage of the processing of your order (validation, possible change in availability, dispatch) an email is automatically sent to you provided that the email address indicated in the registration form contains no errors.<\/span><\/p><p class=\"p4\"><span class=\"s2\"><a href=\"http:\/\/YOLINAE.COM\">YOLINAE.COM<\/a><\/span><span class=\"s1\"> and the company Y\u00d6LI NAE reserve the possibility of not confirming an order for any reason whatsoever (problem concerning the order received or problem with the supply of articles). The company has 5 working days to inform you that it cannot satisfy the order and to ask you to modify, reschedule or cancel it. <\/span><\/p><p class=\"p5\"><span class=\"s3\"><b>Delivery areas and delivery times: Delivery methods to be confirmed when the activity is started.<\/b><\/span><\/p><p class=\"p1\"><span class=\"s1\">We deliver your items wherever you want. If you want to be delivered to your home, to the shooting location, to your company's headquarters or to the editorial office or other media for whom you work, to a friend, a neighbour ... you just have to specify it when you order by choosing the delivery option according to your country. <\/span><\/p><p class=\"p1\"><span class=\"s1\">An estimate of the delivery time is given when you choose your delivery method. Here are the delivery options for orders on <a href=\"http:\/\/YOILINAE.COM\"><span class=\"s2\">YOILINAE.COM<\/span><\/a> <\/span><\/p><ul class=\"ul1\"><li class=\"li1\"><span class=\"s1\">Courier service provider <\/span><\/li><li class=\"li1\"><span class=\"s1\">Colissimo <\/span><\/li><li class=\"li1\"><span class=\"s1\">UPS<\/span><\/li><\/ul><p class=\"p8\"><span class=\"s1\">The modes of transport offered depend on the country of delivery.<br \/>The delivery is made by the direct delivery of the product to the announced recipient, with each delivery, the signature of an acknowledgement of receipt by the identified recipient.<br \/>Exception: the Colissimo carrier, only in France, can deposit the parcel in your mailbox, if it is in conformity.<\/span><\/p><p class=\"p8\"><span class=\"s1\">It is advisable, in any case, to make sure of the contents and the good condition of the package before signing the delivery note. In case of dispute concerning the transport (breakage, damage, damaged packaging ...), you are advised to report it by you on the delivery note otherwise within 24 hours with the carrier. This written statement of the carrier allows not to be held responsible for compensation. <\/span><\/p><p class=\"p8\"><span class=\"s1\">For deliveries against signature, if you or the recipient of the package are absent at the time of delivery, if your package cannot be deposited in your mailbox, a calling card will be left indicating where and when to collect the package. This will be kept pending at a collection point. In the event that the parcel is not collected within the time limit set by the carrier, the products will be returned to Y\u00d6LI NAE.<span class=\"Apple-converted-space\">\u00a0 <\/span>and the shipping costs remaining at the Customer's expense.<\/span><\/p><p class=\"p8\"><span class=\"s1\">In case of delay in delivery, you must first contact the carrier or its distribution office in the case of La Poste, to see if the package is not pending. If this is the case, you must contact the YOLINAE.COM Customer Service by e-mail in order to open a litigation or investigation file to search for the package.<\/span><\/p><p class=\"p8\"><span class=\"s1\">For any significant delay, we undertake to compensate you by offering you the delivery charges on your next order. However, delivery time overruns may not give rise to damages, nor to withholding or cancellation of orders in progress, in the event of total or partial strikes, internal or external to the company, blockage of means of transport or supply, governmental or legal restrictions, etc.... The YOLINAE.COM site will also not be held responsible if laws, regulations or any other event resulting in the withholding of your items at the borders.<\/span><\/p><p class=\"p8\"><span class=\"s1\">In no case, once the delivery has been made, the package cannot be handed back to the carrier. If you notice a non-conformity in the contents of your package, you must contact YOLINAE.COM Customer Service immediately. Any package handed over to the carrier after delivery cannot be the subject of a claim. In order for a claim concerning your delivery to be taken into account, you must contact YOLINAE.COM Customer Service within 30 calendar days following the dispatch of your order. After this period, we will not be able to respond favorably to your request.<\/span><\/p><p class=\"p3\"><span class=\"s1\"><b>Reservation:<\/b><\/span><\/p><p class=\"p8\"><span class=\"s1\">The reservation allows you to put an option on unavailable rooms in order to schedule your reservation as soon as you return shopping for the rooms. The return date indicated may only be an estimate informed by the person holding the product(s). Nevertheless Y\u00f6li Na\u00e9 asks that the return dates are respected to offer you the best possible stock management. <\/span><\/p><p class=\"p8\"><span class=\"s1\">You will not have to make any payment, since the collections are available on loan to the media.<\/span><\/p><p class=\"p10\"><span class=\"s1\"><b>Guarantees:<\/b><\/span><\/p><p class=\"p8\"><span class=\"s1\">The company Y\u00f6li Na\u00e9 is neither the producer of the products presented on this website nor the manufacturer of the products presented on this website. <a href=\"http:\/\/www.yoilinae.com\"><span class=\"s2\">www.yoilinae.com<\/span><\/a>In the sense of the law n\u00b098-389 of 19 May 1998 and relating to liability for defective products, nor a reseller. The collections are made available by Y\u00f6li Na\u00e9 on loan for a defined period of time and must be returned to Y\u00f6li Na\u00e9 in their original condition. <\/span><\/p><p class=\"p8\"><span class=\"s1\">Consequently, in the event of damage caused to a person or a good by a defect in the product, only the responsibility of the producer of the latter may be sought by the<b> <\/b>the user on the basis of the information on the label of the product(s). Furthermore, the company reminds that the products, services and information offered by <a href=\"http:\/\/YOLINAE.COM\"><span class=\"s2\">YOLINAE.COM<\/span><\/a> are no substitute for the constant vigilance of adults. <\/span><\/p><p class=\"p10\"><span class=\"s1\"><b>Disputes: <\/b><\/span><\/p><p class=\"p8\"><span class=\"s1\">Complaints or disputes will always be received with attentive benevolence. In the event of litigation, you will address yourselves in priority to the company YOLI NAE to obtain an amicable solution, by mail: YOLI NAE - Customer Service - 96, Avenue de Villiers - 75017 - PARIS.<span class=\"Apple-converted-space\">\u00a0 <\/span>- FRANCE or via the contact form in the Contact section of the site. <a href=\"http:\/\/YOLINAE.COM\"><span class=\"s2\">YOLINAE.COM<\/span><\/a>\u00a0<\/span><\/p><p class=\"p8\"><span class=\"s1\">Failing this, and subject to the client's status as a \"merchant\", any dispute relating to the interpretation or execution of these general terms and conditions shall be the exclusive competence of the Paris Commercial Court (to be checked if valid for YN). <\/span><\/p><p class=\"p10\"><span class=\"s1\"><b>Confidentiality: <\/b><\/span><\/p><p class=\"p13\"><span class=\"s1\">We guarantee the confidentiality of the personal information entered. In accordance with the French law \"Information et libert\u00e9s\" n\u00b078-17 of 6 January 1978, you have the right to access and rectify any data concerning you. You can exercise this right by sending us a letter to the following address: YOLI NAE - Customer Service - 96, Avenue de Villiers - 75017 - PARIS - FRANCE.<span class=\"Apple-converted-space\">\u00a0 <\/span>- FRANCE or via the contact form in the Contact section of the site. <a href=\"http:\/\/YOLINAE.COM\"><span class=\"s2\">YOLINAE.COM<\/span><\/a>\u00a0<\/span><\/p><p class=\"p10\"><span class=\"s1\"><b>Intellectual Property<\/b><\/span><span class=\"s6\"><b>:<\/b><\/span><\/p><p class=\"p13\"><span class=\"s1\">The site <a href=\"http:\/\/YOLINAE.COM\"><span class=\"s2\">YOLINAE.COM<\/span><\/a> is designed and managed by the company <a href=\"http:\/\/YOLINAE.COM\"><span class=\"s2\">YOLINAE.COM<\/span><\/a> . All the elements of the site <a href=\"http:\/\/YOLINAE.COM\"><span class=\"s2\">YOLINAE.COM<\/span><\/a>The content, whether visual or audio, including the underlying technology, is thus protected by copyright, trademarks and patents. They are the exclusive property of YOLI NAE. <\/span><\/p><p class=\"p13\"><span class=\"s1\">Users who have a personal website and wish to place a simple link on their site for personal use directly to the home page of the YOLINAE.COM website must request permission from Y\u00d6LI NAE. In any case, any link, even tacitly authorised, must be removed on simple request from Y\u00d6LI NAE. <\/span><\/p><p class=\"p13\"><span class=\"s1\">Consequently, the partial or total reproduction on any support whatsoever of the elements composing the site, their use and their availability to third parties are formally prohibited and will systematically be prosecuted.<\/span><\/p><p class=\"p10\"><span class=\"s1\"><b>Entire terms and conditions: <\/b><\/span><\/p><p class=\"p13\"><span class=\"s1\">A change in legislation, regulations or a court decision rendering one or more clauses of these general terms and conditions of use null and void shall not affect the validity of these general terms and conditions of use. Such a change or finding could in no way allow the user to not respect these general conditions of use. <\/span><\/p><p class=\"p13\"><span class=\"s1\">If a condition was not explicitly mentioned, it would be considered to be governed by the customs in force in the remote use sector whose companies are based in France.<\/span><\/p><p class=\"p10\"><span class=\"s1\"><b>Duration and Application: <\/b><\/span><\/p><p class=\"p13\"><span class=\"s1\">These Terms and Conditions apply for the entire duration of the online services offered by Y\u00d6LI NAE. They can be modified at any time by Y\u00d6LI NA\u00c9 SAS.<\/span><\/p><p class=\"p10\"><span class=\"s1\"><b>Liability:<\/b><\/span><\/p><p class=\"p13\"><span class=\"s1\">YOLI NAE is committed for all the steps of order taking as well as for the steps after a result. <\/span><\/p><p class=\"p13\"><span class=\"s1\">Y\u00d6LI NA\u00c9 therefore undertakes to describe the products offered on the website accurately. <a href=\"http:\/\/YOLINAE.COM\"><span class=\"s2\">YOLINAE.COM<\/span><\/a><\/span><\/p><p class=\"p13\"><span class=\"s1\">The products offered comply with the French legislation in force and the standards applicable in France. Y\u00d6LI NAE cannot be held responsible in case of non-respect of the legislation of the country where the product is delivered. It is the responsibility of Y\u00d6LI NA\u00c9's customer to check with the local authorities the possibilities of importing or using the products he intends to make available to the media on <a href=\"http:\/\/YOLINAE.COM\"><span class=\"s2\">YOLINAE.COM<\/span><\/a> for orders and shipments. <\/span><\/p><p class=\"p13\"><span class=\"s1\">Y\u00d6LI NAE cannot be held liable for any inconvenience or damage relating to the use of the Internet network, such as a break in the service, the presence of computer viruses or external intrusions, or more generally, any case qualified as force majeure by the courts.<\/span><\/p>\t\t\t\t\t<\/div>\n\t\t\t\t\t\t<\/div>\n\t\t\t\t<\/div>\n\t\t\t\t\t\t<\/div>\n\t\t\t\t\t<\/div>\n\t\t<\/div>\n\t\t\t\t\t\t\t\t<\/div>\n\t\t\t\t\t<\/div>\n\t\t<\/section>\n\t\t\t\t\t\t\t\t\t<\/div>\n\t\t\t<\/div>\n\t\t\t\t\t<\/div>","protected":false},"excerpt":{"rendered":"<p>CGU: General Terms of Use The yolinae.com website, digital showroom, is operated by the company Y\u00f6li Na\u00e9 with a capital of 2 000 \u20ac, having its head office in PARIS (96, Avenue de Villiers - 75017 Paris) and registered in the Paris Trade and Companies Register under the number 853 840 460 RCS PARIS N\u00b0 [...]<\/p>","protected":false},"author":4,"featured_media":0,"parent":0,"menu_order":0,"comment_status":"closed","ping_status":"closed","template":"","meta":[],"yoast_head":"<!-- This site is optimized with the Yoast SEO plugin v19.8 - https:\/\/yoast.com\/wordpress\/plugins\/seo\/ -->\n<title>CGU - Y\u00f6li Na\u00e9<\/title>\n<meta name=\"robots\" content=\"index, follow, max-snippet:-1, max-image-preview:large, max-video-preview:-1\" \/>\n<link rel=\"canonical\" href=\"https:\/\/yolinae.com\/en\/cgu\/\" \/>\n<meta property=\"og:locale\" content=\"en_US\" \/>\n<meta property=\"og:type\" content=\"article\" \/>\n<meta property=\"og:title\" content=\"CGU - Y\u00f6li Na\u00e9\" \/>\n<meta property=\"og:description\" content=\"CGU: Conditions G\u00e9n\u00e9rales d\u2019utilisation Le site yolinae.com, showroom digital, est exploit\u00e9 par la soci\u00e9t\u00e9 Y\u00f6li Na\u00e9 au capital de 2 000 \u20ac, ayant son si\u00e8ge social \u00e0 PARIS (96, Avenue de Villiers &#8211; 75017 Paris) et inscrite au registre du commerce est des soci\u00e9t\u00e9s de Paris sous le num\u00e9ro 853 840 460 RCS PARIS N\u00b0 [&hellip;]\" \/>\n<meta property=\"og:url\" content=\"https:\/\/yolinae.com\/en\/cgu\/\" \/>\n<meta property=\"og:site_name\" content=\"Y\u00f6li Na\u00e9\" \/>\n<meta property=\"article:modified_time\" content=\"2020-04-10T15:46:09+00:00\" \/>\n<meta name=\"twitter:card\" content=\"summary_large_image\" \/>\n<meta name=\"twitter:label1\" content=\"Est. reading time\" \/>\n\t<meta name=\"twitter:data1\" content=\"10 minutes\" \/>\n<script type=\"application\/ld+json\" class=\"yoast-schema-graph\">{\"@context\":\"https:\/\/schema.org\",\"@graph\":[{\"@type\":\"WebPage\",\"@id\":\"https:\/\/yolinae.com\/fr\/cgu\/\",\"url\":\"https:\/\/yolinae.com\/fr\/cgu\/\",\"name\":\"CGU - Y\u00f6li Na\u00e9\",\"isPartOf\":{\"@id\":\"https:\/\/yolinae.com\/fr\/#website\"},\"datePublished\":\"2019-08-21T09:55:51+00:00\",\"dateModified\":\"2020-04-10T15:46:09+00:00\",\"breadcrumb\":{\"@id\":\"https:\/\/yolinae.com\/fr\/cgu\/#breadcrumb\"},\"inLanguage\":\"en-US\",\"potentialAction\":[{\"@type\":\"ReadAction\",\"target\":[\"https:\/\/yolinae.com\/fr\/cgu\/\"]}]},{\"@type\":\"BreadcrumbList\",\"@id\":\"https:\/\/yolinae.com\/fr\/cgu\/#breadcrumb\",\"itemListElement\":[{\"@type\":\"ListItem\",\"position\":1,\"name\":\"Home\",\"item\":\"https:\/\/yolinae.com\/\"},{\"@type\":\"ListItem\",\"position\":2,\"name\":\"CGU\"}]},{\"@type\":\"WebSite\",\"@id\":\"https:\/\/yolinae.com\/fr\/#website\",\"url\":\"https:\/\/yolinae.com\/fr\/\",\"name\":\"Y\u00f6li Na\u00e9\",\"description\":\"Showroom presse digital d\u00e9di\u00e9 aux professionnels de la mode enfantine\",\"publisher\":{\"@id\":\"https:\/\/yolinae.com\/fr\/#organization\"},\"potentialAction\":[{\"@type\":\"SearchAction\",\"target\":{\"@type\":\"EntryPoint\",\"urlTemplate\":\"https:\/\/yolinae.com\/fr\/?s={search_term_string}\"},\"query-input\":\"required name=search_term_string\"}],\"inLanguage\":\"en-US\"},{\"@type\":\"Organization\",\"@id\":\"https:\/\/yolinae.com\/fr\/#organization\",\"name\":\"Y\u00f6li Na\u00e9\",\"url\":\"https:\/\/yolinae.com\/fr\/\",\"sameAs\":[],\"logo\":{\"@type\":\"ImageObject\",\"inLanguage\":\"en-US\",\"@id\":\"https:\/\/yolinae.com\/fr\/#\/schema\/logo\/image\/\",\"url\":\"https:\/\/yolinae.com\/wp-content\/uploads\/2019\/08\/YN_Logos_Blanc.svg\",\"contentUrl\":\"https:\/\/yolinae.com\/wp-content\/uploads\/2019\/08\/YN_Logos_Blanc.svg\",\"width\":238,\"height\":91,\"caption\":\"Y\u00f6li Na\u00e9\"},\"image\":{\"@id\":\"https:\/\/yolinae.com\/fr\/#\/schema\/logo\/image\/\"}}]}<\/script>\n<!-- \/ Yoast SEO plugin. -->","yoast_head_json":{"title":"CGU - Y\u00f6li Na\u00e9","robots":{"index":"index","follow":"follow","max-snippet":"max-snippet:-1","max-image-preview":"max-image-preview:large","max-video-preview":"max-video-preview:-1"},"canonical":"https:\/\/yolinae.com\/en\/cgu\/","og_locale":"en_US","og_type":"article","og_title":"CGU - Y\u00f6li Na\u00e9","og_description":"CGU: Conditions G\u00e9n\u00e9rales d\u2019utilisation Le site yolinae.com, showroom digital, est exploit\u00e9 par la soci\u00e9t\u00e9 Y\u00f6li Na\u00e9 au capital de 2 000 \u20ac, ayant son si\u00e8ge social \u00e0 PARIS (96, Avenue de Villiers &#8211; 75017 Paris) et inscrite au registre du commerce est des soci\u00e9t\u00e9s de Paris sous le num\u00e9ro 853 840 460 RCS PARIS N\u00b0 [&hellip;]","og_url":"https:\/\/yolinae.com\/en\/cgu\/","og_site_name":"Y\u00f6li Na\u00e9","article_modified_time":"2020-04-10T15:46:09+00:00","twitter_card":"summary_large_image","twitter_misc":{"Est. reading time":"10 minutes"},"schema":{"@context":"https:\/\/schema.org","@graph":[{"@type":"WebPage","@id":"https:\/\/yolinae.com\/fr\/cgu\/","url":"https:\/\/yolinae.com\/fr\/cgu\/","name":"CGU - Y\u00f6li Na\u00e9","isPartOf":{"@id":"https:\/\/yolinae.com\/fr\/#website"},"datePublished":"2019-08-21T09:55:51+00:00","dateModified":"2020-04-10T15:46:09+00:00","breadcrumb":{"@id":"https:\/\/yolinae.com\/fr\/cgu\/#breadcrumb"},"inLanguage":"en-US","potentialAction":[{"@type":"ReadAction","target":["https:\/\/yolinae.com\/fr\/cgu\/"]}]},{"@type":"BreadcrumbList","@id":"https:\/\/yolinae.com\/fr\/cgu\/#breadcrumb","itemListElement":[{"@type":"ListItem","position":1,"name":"Home","item":"https:\/\/yolinae.com\/"},{"@type":"ListItem","position":2,"name":"CGU"}]},{"@type":"WebSite","@id":"https:\/\/yolinae.com\/fr\/#website","url":"https:\/\/yolinae.com\/fr\/","name":"Y\u00f6li Na\u00e9","description":"Showroom presse digital d\u00e9di\u00e9 aux professionnels de la mode enfantine","publisher":{"@id":"https:\/\/yolinae.com\/fr\/#organization"},"potentialAction":[{"@type":"SearchAction","target":{"@type":"EntryPoint","urlTemplate":"https:\/\/yolinae.com\/fr\/?s={search_term_string}"},"query-input":"required name=search_term_string"}],"inLanguage":"en-US"},{"@type":"Organization","@id":"https:\/\/yolinae.com\/fr\/#organization","name":"Y\u00f6li Na\u00e9","url":"https:\/\/yolinae.com\/fr\/","sameAs":[],"logo":{"@type":"ImageObject","inLanguage":"en-US","@id":"https:\/\/yolinae.com\/fr\/#\/schema\/logo\/image\/","url":"https:\/\/yolinae.com\/wp-content\/uploads\/2019\/08\/YN_Logos_Blanc.svg","contentUrl":"https:\/\/yolinae.com\/wp-content\/uploads\/2019\/08\/YN_Logos_Blanc.svg","width":238,"height":91,"caption":"Y\u00f6li Na\u00e9"},"image":{"@id":"https:\/\/yolinae.com\/fr\/#\/schema\/logo\/image\/"}}]}},"_links":{"self":[{"href":"https:\/\/yolinae.com\/en\/wp-json\/wp\/v2\/pages\/90"}],"collection":[{"href":"https:\/\/yolinae.com\/en\/wp-json\/wp\/v2\/pages"}],"about":[{"href":"https:\/\/yolinae.com\/en\/wp-json\/wp\/v2\/types\/page"}],"author":[{"embeddable":true,"href":"https:\/\/yolinae.com\/en\/wp-json\/wp\/v2\/users\/4"}],"replies":[{"embeddable":true,"href":"https:\/\/yolinae.com\/en\/wp-json\/wp\/v2\/comments?post=90"}],"version-history":[{"count":0,"href":"https:\/\/yolinae.com\/en\/wp-json\/wp\/v2\/pages\/90\/revisions"}],"wp:attachment":[{"href":"https:\/\/yolinae.com\/en\/wp-json\/wp\/v2\/media?parent=90"}],"curies":[{"name":"wp","href":"https:\/\/api.w.org\/{rel}","templated":true}]}}