{"id":88,"date":"2019-08-21T09:55:38","date_gmt":"2019-08-21T09:55:38","guid":{"rendered":"http:\/\/yolinae.com\/?page_id=88"},"modified":"2020-02-27T15:54:50","modified_gmt":"2020-02-27T15:54:50","slug":"mentions-legales","status":"publish","type":"page","link":"https:\/\/yolinae.com\/en\/mentions-legales\/","title":{"rendered":"Legal Notice"},"content":{"rendered":"<div data-elementor-type=\"wp-page\" data-elementor-id=\"88\" class=\"elementor elementor-88\">\n\t\t\t\t\t\t<div class=\"elementor-inner\">\n\t\t\t\t<div class=\"elementor-section-wrap\">\n\t\t\t\t\t\t\t\t\t<section class=\"elementor-section elementor-top-section elementor-element elementor-element-df52f18 elementor-section-boxed elementor-section-height-default elementor-section-height-default\" data-id=\"df52f18\" data-element_type=\"section\">\n\t\t\t\t\t\t<div class=\"elementor-container elementor-column-gap-default\">\n\t\t\t\t\t\t\t<div class=\"elementor-row\">\n\t\t\t\t\t<div class=\"elementor-column elementor-col-100 elementor-top-column elementor-element elementor-element-8088835\" data-id=\"8088835\" data-element_type=\"column\">\n\t\t\t<div class=\"elementor-column-wrap elementor-element-populated\">\n\t\t\t\t\t\t\t<div class=\"elementor-widget-wrap\">\n\t\t\t\t\t\t<div class=\"elementor-element elementor-element-3d74db3 elementor-widget elementor-widget-heading\" data-id=\"3d74db3\" data-element_type=\"widget\" data-widget_type=\"heading.default\">\n\t\t\t\t<div class=\"elementor-widget-container\">\n\t\t\t<h3 class=\"elementor-heading-title elementor-size-default\">Legal Notice<\/h3>\t\t<\/div>\n\t\t\t\t<\/div>\n\t\t\t\t<div class=\"elementor-element elementor-element-6c58406 elementor-widget elementor-widget-text-editor\" data-id=\"6c58406\" data-element_type=\"widget\" data-widget_type=\"text-editor.default\">\n\t\t\t\t<div class=\"elementor-widget-container\">\n\t\t\t\t\t\t\t\t<div class=\"elementor-text-editor elementor-clearfix\">\n\t\t\t\t<p><span style=\"font-size: 16px;\">In accordance with the provisions of Articles 6-III and 19 of Law No. 2004-575 of 21 June 2004 for Confidence in the Digital Economy, known as L.C.E.N., we bring to the attention of users and visitors to the site: <\/span><a style=\"font-size: 16px;\" href=\"https:\/\/l.facebook.com\/l.php?u=http%3A%2F%2Fyolinae.com%2Ffr%3Ffbclid%3DIwAR2wtQ1P9s67rBpU_H6u_LJXhiiuPVM4C97lWsHE5DmnlJQ_4QC8qsXYD28&amp;h=AT0w0Ps70e9cq4M_xnHetT2kDq1QekWPp18UU_0j0QQfjCDcR7qOJd4MNvoduxh9vX2hxVdeg77hMqWwWPoqRhIdXA1SCjHiJibALyvBtxvWmW25VJiG4szGHXVHny4JGydfAKJb\" target=\"_blank\" rel=\"nofollow noopener\" data-lynx-mode=\"hover\">yolinae.com<\/a><span style=\"font-size: 16px;\"> the following information :<\/span><\/p><div class=\"_3_bl\"><div class=\"_5w1r _3_om _5wdf\"><div class=\"_4gx_\"><div class=\"_1aa6\"><div class=\"\"><span class=\"_5yl5\"><strong>PUBLISHER<\/strong><br \/><br \/>The site <a href=\"https:\/\/yolinae.com\/en\/?fbclid=IwAR21iVRyoH0jBj0FeSFBre55cEe5kXiXi7ESW-sZMXpOFPO2C5vwJ6zXkvI\" target=\"_blank\" rel=\"nofollow noopener\" data-lynx-mode=\"hover\" data-lynx-uri=\"https:\/\/l.facebook.com\/l.php?u=http%3A%2F%2Fyolinae.com%2Ffr%3Ffbclid%3DIwAR21iVRyoH0jBj0FeSFBre55cEe5kXiXi7ESW-sZMXpOFPO2C5vwJ6zXkvI&amp;h=AT0w0Ps70e9cq4M_xnHetT2kDq1QekWPp18UU_0j0QQfjCDcR7qOJd4MNvoduxh9vX2hxVdeg77hMqWwWPoqRhIdXA1SCjHiJibALyvBtxvWmW25VJiG4szGHXVHny4JGydfAKJb\">yolinae.com<\/a> is the exclusive property of SAS Y\u00f6li Na\u00e9, who publishes it.<br \/><br \/><strong>Y\u00f6li Na\u00e9 <\/strong><br \/>SAS au capital de 2000 \u20acTel: 0611484229<br \/><br \/>96, Avenue de Villiers 75017 Paris<br \/>Registered with the Trade and Companies Register of RCS Paris under the number 85384046000010 <br \/><br \/>Intra-community VAT number: FR03853840460<br \/>E-mail address: anais@yolinae.com <br \/><br \/>Director of publication: Y\u00f6li Na\u00e9<br \/>Contact the publication manager: anais@yolinae.com<br \/><br \/>ACCOMMODATION<br \/><br \/>The site is hosted by OVH 2 rue Kellermann 59100 Roubaix<\/span><\/div><\/div><\/div><\/div><\/div>\t\t\t\t\t<\/div>\n\t\t\t\t\t\t<\/div>\n\t\t\t\t<\/div>\n\t\t\t\t\t\t<\/div>\n\t\t\t\t\t<\/div>\n\t\t<\/div>\n\t\t\t\t\t\t\t\t<\/div>\n\t\t\t\t\t<\/div>\n\t\t<\/section>\n\t\t\t\t\t\t\t\t\t<\/div>\n\t\t\t<\/div>\n\t\t\t\t\t<\/div>","protected":false},"excerpt":{"rendered":"<p>Legal information In accordance with the provisions of Articles 6-III and 19 of Law No. 2004-575 of June 21, 2004 for Confidence in the Digital Economy, known as L.C.E.N., we bring to the attention of users and visitors to the site: yolinae.com\/en the following information: PUBLISHER The site yolinae.com\/en is the exclusive property of SAS Y\u00f6li [...]<\/p>","protected":false},"author":4,"featured_media":0,"parent":0,"menu_order":0,"comment_status":"closed","ping_status":"closed","template":"","meta":[],"yoast_head":"<!-- This site is optimized with the Yoast SEO plugin v19.8 - https:\/\/yoast.com\/wordpress\/plugins\/seo\/ -->\n<title>Mentions l\u00e9gales - Y\u00f6li Na\u00e9<\/title>\n<meta name=\"robots\" content=\"index, follow, max-snippet:-1, max-image-preview:large, max-video-preview:-1\" \/>\n<link rel=\"canonical\" href=\"https:\/\/yolinae.com\/en\/mentions-legales\/\" \/>\n<meta property=\"og:locale\" content=\"en_US\" \/>\n<meta property=\"og:type\" content=\"article\" \/>\n<meta property=\"og:title\" content=\"Mentions l\u00e9gales - Y\u00f6li Na\u00e9\" \/>\n<meta property=\"og:description\" content=\"Mentions l\u00e9gales Conform\u00e9ment aux dispositions des articles 6-III et 19 de la Loi n\u00b0 2004-575 du 21 juin 2004 pour la Confiance dans l&rsquo;\u00e9conomie num\u00e9rique, dite L.C.E.N., nous portons \u00e0 la connaissance des utilisateurs et visiteurs du site : yolinae.com\/fr les informations suivantes : \u00c9DITEUR Le site yolinae.com\/fr est la propri\u00e9t\u00e9 exclusive de SAS Y\u00f6li [&hellip;]\" \/>\n<meta property=\"og:url\" content=\"https:\/\/yolinae.com\/en\/mentions-legales\/\" \/>\n<meta property=\"og:site_name\" content=\"Y\u00f6li Na\u00e9\" \/>\n<meta property=\"article:modified_time\" content=\"2020-02-27T15:54:50+00:00\" \/>\n<meta name=\"twitter:card\" content=\"summary_large_image\" \/>\n<meta name=\"twitter:label1\" content=\"Est. reading time\" \/>\n\t<meta name=\"twitter:data1\" content=\"1 minute\" \/>\n<script type=\"application\/ld+json\" class=\"yoast-schema-graph\">{\"@context\":\"https:\/\/schema.org\",\"@graph\":[{\"@type\":\"WebPage\",\"@id\":\"https:\/\/yolinae.com\/en\/mentions-legales\/\",\"url\":\"https:\/\/yolinae.com\/en\/mentions-legales\/\",\"name\":\"Mentions l\u00e9gales - Y\u00f6li Na\u00e9\",\"isPartOf\":{\"@id\":\"https:\/\/yolinae.com\/fr\/#website\"},\"datePublished\":\"2019-08-21T09:55:38+00:00\",\"dateModified\":\"2020-02-27T15:54:50+00:00\",\"breadcrumb\":{\"@id\":\"https:\/\/yolinae.com\/en\/mentions-legales\/#breadcrumb\"},\"inLanguage\":\"en-US\",\"potentialAction\":[{\"@type\":\"ReadAction\",\"target\":[\"https:\/\/yolinae.com\/en\/mentions-legales\/\"]}]},{\"@type\":\"BreadcrumbList\",\"@id\":\"https:\/\/yolinae.com\/en\/mentions-legales\/#breadcrumb\",\"itemListElement\":[{\"@type\":\"ListItem\",\"position\":1,\"name\":\"Home\",\"item\":\"https:\/\/yolinae.com\/\"},{\"@type\":\"ListItem\",\"position\":2,\"name\":\"Mentions l\u00e9gales\"}]},{\"@type\":\"WebSite\",\"@id\":\"https:\/\/yolinae.com\/fr\/#website\",\"url\":\"https:\/\/yolinae.com\/fr\/\",\"name\":\"Y\u00f6li Na\u00e9\",\"description\":\"Showroom presse digital d\u00e9di\u00e9 aux professionnels de la mode enfantine\",\"publisher\":{\"@id\":\"https:\/\/yolinae.com\/fr\/#organization\"},\"potentialAction\":[{\"@type\":\"SearchAction\",\"target\":{\"@type\":\"EntryPoint\",\"urlTemplate\":\"https:\/\/yolinae.com\/fr\/?s={search_term_string}\"},\"query-input\":\"required name=search_term_string\"}],\"inLanguage\":\"en-US\"},{\"@type\":\"Organization\",\"@id\":\"https:\/\/yolinae.com\/fr\/#organization\",\"name\":\"Y\u00f6li Na\u00e9\",\"url\":\"https:\/\/yolinae.com\/fr\/\",\"sameAs\":[],\"logo\":{\"@type\":\"ImageObject\",\"inLanguage\":\"en-US\",\"@id\":\"https:\/\/yolinae.com\/fr\/#\/schema\/logo\/image\/\",\"url\":\"https:\/\/yolinae.com\/wp-content\/uploads\/2019\/08\/YN_Logos_Blanc.svg\",\"contentUrl\":\"https:\/\/yolinae.com\/wp-content\/uploads\/2019\/08\/YN_Logos_Blanc.svg\",\"width\":238,\"height\":91,\"caption\":\"Y\u00f6li Na\u00e9\"},\"image\":{\"@id\":\"https:\/\/yolinae.com\/fr\/#\/schema\/logo\/image\/\"}}]}<\/script>\n<!-- \/ Yoast SEO plugin. -->","yoast_head_json":{"title":"Mentions l\u00e9gales - Y\u00f6li Na\u00e9","robots":{"index":"index","follow":"follow","max-snippet":"max-snippet:-1","max-image-preview":"max-image-preview:large","max-video-preview":"max-video-preview:-1"},"canonical":"https:\/\/yolinae.com\/en\/mentions-legales\/","og_locale":"en_US","og_type":"article","og_title":"Mentions l\u00e9gales - Y\u00f6li Na\u00e9","og_description":"Mentions l\u00e9gales Conform\u00e9ment aux dispositions des articles 6-III et 19 de la Loi n\u00b0 2004-575 du 21 juin 2004 pour la Confiance dans l&rsquo;\u00e9conomie num\u00e9rique, dite L.C.E.N., nous portons \u00e0 la connaissance des utilisateurs et visiteurs du site : yolinae.com\/fr les informations suivantes : \u00c9DITEUR Le site yolinae.com\/fr est la propri\u00e9t\u00e9 exclusive de SAS Y\u00f6li [&hellip;]","og_url":"https:\/\/yolinae.com\/en\/mentions-legales\/","og_site_name":"Y\u00f6li Na\u00e9","article_modified_time":"2020-02-27T15:54:50+00:00","twitter_card":"summary_large_image","twitter_misc":{"Est. reading time":"1 minute"},"schema":{"@context":"https:\/\/schema.org","@graph":[{"@type":"WebPage","@id":"https:\/\/yolinae.com\/en\/mentions-legales\/","url":"https:\/\/yolinae.com\/en\/mentions-legales\/","name":"Mentions l\u00e9gales - Y\u00f6li Na\u00e9","isPartOf":{"@id":"https:\/\/yolinae.com\/fr\/#website"},"datePublished":"2019-08-21T09:55:38+00:00","dateModified":"2020-02-27T15:54:50+00:00","breadcrumb":{"@id":"https:\/\/yolinae.com\/en\/mentions-legales\/#breadcrumb"},"inLanguage":"en-US","potentialAction":[{"@type":"ReadAction","target":["https:\/\/yolinae.com\/en\/mentions-legales\/"]}]},{"@type":"BreadcrumbList","@id":"https:\/\/yolinae.com\/en\/mentions-legales\/#breadcrumb","itemListElement":[{"@type":"ListItem","position":1,"name":"Home","item":"https:\/\/yolinae.com\/"},{"@type":"ListItem","position":2,"name":"Mentions l\u00e9gales"}]},{"@type":"WebSite","@id":"https:\/\/yolinae.com\/fr\/#website","url":"https:\/\/yolinae.com\/fr\/","name":"Y\u00f6li Na\u00e9","description":"Showroom presse digital d\u00e9di\u00e9 aux professionnels de la mode enfantine","publisher":{"@id":"https:\/\/yolinae.com\/fr\/#organization"},"potentialAction":[{"@type":"SearchAction","target":{"@type":"EntryPoint","urlTemplate":"https:\/\/yolinae.com\/fr\/?s={search_term_string}"},"query-input":"required name=search_term_string"}],"inLanguage":"en-US"},{"@type":"Organization","@id":"https:\/\/yolinae.com\/fr\/#organization","name":"Y\u00f6li Na\u00e9","url":"https:\/\/yolinae.com\/fr\/","sameAs":[],"logo":{"@type":"ImageObject","inLanguage":"en-US","@id":"https:\/\/yolinae.com\/fr\/#\/schema\/logo\/image\/","url":"https:\/\/yolinae.com\/wp-content\/uploads\/2019\/08\/YN_Logos_Blanc.svg","contentUrl":"https:\/\/yolinae.com\/wp-content\/uploads\/2019\/08\/YN_Logos_Blanc.svg","width":238,"height":91,"caption":"Y\u00f6li Na\u00e9"},"image":{"@id":"https:\/\/yolinae.com\/fr\/#\/schema\/logo\/image\/"}}]}},"_links":{"self":[{"href":"https:\/\/yolinae.com\/en\/wp-json\/wp\/v2\/pages\/88"}],"collection":[{"href":"https:\/\/yolinae.com\/en\/wp-json\/wp\/v2\/pages"}],"about":[{"href":"https:\/\/yolinae.com\/en\/wp-json\/wp\/v2\/types\/page"}],"author":[{"embeddable":true,"href":"https:\/\/yolinae.com\/en\/wp-json\/wp\/v2\/users\/4"}],"replies":[{"embeddable":true,"href":"https:\/\/yolinae.com\/en\/wp-json\/wp\/v2\/comments?post=88"}],"version-history":[{"count":0,"href":"https:\/\/yolinae.com\/en\/wp-json\/wp\/v2\/pages\/88\/revisions"}],"wp:attachment":[{"href":"https:\/\/yolinae.com\/en\/wp-json\/wp\/v2\/media?parent=88"}],"curies":[{"name":"wp","href":"https:\/\/api.w.org\/{rel}","templated":true}]}}