{"id":8783,"date":"2020-04-27T12:09:20","date_gmt":"2020-04-27T12:09:20","guid":{"rendered":"https:\/\/yolinae.com\/?page_id=8783"},"modified":"2022-06-27T17:03:54","modified_gmt":"2022-06-27T15:03:54","slug":"moodboheme","status":"publish","type":"page","link":"https:\/\/yolinae.com\/en\/mood\/moodboheme\/","title":{"rendered":"Bohemian Mood"},"content":{"rendered":"<div data-elementor-type=\"wp-page\" data-elementor-id=\"8783\" class=\"elementor elementor-8783\">\n\t\t\t\t\t\t<div class=\"elementor-inner\">\n\t\t\t\t<div class=\"elementor-section-wrap\">\n\t\t\t\t\t\t\t\t\t<section class=\"elementor-section elementor-top-section elementor-element elementor-element-9bfaad0 elementor-section-boxed elementor-section-height-default elementor-section-height-default\" data-id=\"9bfaad0\" data-element_type=\"section\">\n\t\t\t\t\t\t<div class=\"elementor-container elementor-column-gap-default\">\n\t\t\t\t\t\t\t<div class=\"elementor-row\">\n\t\t\t\t\t<div class=\"elementor-column elementor-col-100 elementor-top-column elementor-element elementor-element-5dd30ac\" data-id=\"5dd30ac\" data-element_type=\"column\">\n\t\t\t<div class=\"elementor-column-wrap elementor-element-populated\">\n\t\t\t\t\t\t\t<div class=\"elementor-widget-wrap\">\n\t\t\t\t\t\t<div class=\"elementor-element elementor-element-a67e32c elementor-widget elementor-widget-image\" data-id=\"a67e32c\" data-element_type=\"widget\" data-widget_type=\"image.default\">\n\t\t\t\t<div class=\"elementor-widget-container\">\n\t\t\t\t\t\t\t\t<div class=\"elementor-image\">\n\t\t\t\t\t\t\t\t\t\t\t\t<img width=\"1280\" height=\"470\" src=\"https:\/\/yolinae.com\/wp-content\/uploads\/2020\/04\/ILLU-SUR-MOOD-BOHE\u0300ME.jpg\" class=\"attachment-full size-full\" alt=\"\" srcset=\"https:\/\/yolinae.com\/wp-content\/uploads\/2020\/04\/ILLU-SUR-MOOD-BOHE\u0300ME.jpg 1280w, https:\/\/yolinae.com\/wp-content\/uploads\/2020\/04\/ILLU-SUR-MOOD-BOHE\u0300ME-600x220.jpg 600w, https:\/\/yolinae.com\/wp-content\/uploads\/2020\/04\/ILLU-SUR-MOOD-BOHE\u0300ME-64x24.jpg 64w\" sizes=\"(max-width: 1280px) 100vw, 1280px\" \/>\t\t\t\t\t\t\t\t\t\t\t\t\t\t<\/div>\n\t\t\t\t\t\t<\/div>\n\t\t\t\t<\/div>\n\t\t\t\t\t\t<\/div>\n\t\t\t\t\t<\/div>\n\t\t<\/div>\n\t\t\t\t\t\t\t\t<\/div>\n\t\t\t\t\t<\/div>\n\t\t<\/section>\n\t\t\t\t<section class=\"elementor-section elementor-top-section elementor-element elementor-element-bad7eb8 elementor-section-boxed elementor-section-height-default elementor-section-height-default\" data-id=\"bad7eb8\" data-element_type=\"section\">\n\t\t\t\t\t\t<div class=\"elementor-container elementor-column-gap-default\">\n\t\t\t\t\t\t\t<div class=\"elementor-row\">\n\t\t\t\t\t<div class=\"elementor-column elementor-col-100 elementor-top-column elementor-element elementor-element-8d65c04\" data-id=\"8d65c04\" data-element_type=\"column\">\n\t\t\t<div class=\"elementor-column-wrap elementor-element-populated\">\n\t\t\t\t\t\t\t<div class=\"elementor-widget-wrap\">\n\t\t\t\t\t\t<div class=\"elementor-element elementor-element-15385ac elementor-widget elementor-widget-text-editor\" data-id=\"15385ac\" data-element_type=\"widget\" data-widget_type=\"text-editor.default\">\n\t\t\t\t<div class=\"elementor-widget-container\">\n\t\t\t\t\t\t\t\t<div class=\"elementor-text-editor elementor-clearfix\">\n\t\t\t\t<p>Once upon a time... a bohemian selection for children close to nature who go on adventures. A light, flowery and poetic fashion. Close your eyes and enter the wonderful land of children, an enchanted world!<\/p>\t\t\t\t\t<\/div>\n\t\t\t\t\t\t<\/div>\n\t\t\t\t<\/div>\n\t\t\t\t\t\t<\/div>\n\t\t\t\t\t<\/div>\n\t\t<\/div>\n\t\t\t\t\t\t\t\t<\/div>\n\t\t\t\t\t<\/div>\n\t\t<\/section>\n\t\t\t\t<section class=\"elementor-section elementor-top-section elementor-element elementor-element-ae27112 elementor-section-boxed elementor-section-height-default elementor-section-height-default\" data-id=\"ae27112\" data-element_type=\"section\">\n\t\t\t\t\t\t<div class=\"elementor-container elementor-column-gap-default\">\n\t\t\t\t\t\t\t<div class=\"elementor-row\">\n\t\t\t\t\t<div class=\"elementor-column elementor-col-100 elementor-top-column elementor-element elementor-element-875b8a7\" data-id=\"875b8a7\" data-element_type=\"column\">\n\t\t\t<div class=\"elementor-column-wrap elementor-element-populated\">\n\t\t\t\t\t\t\t<div class=\"elementor-widget-wrap\">\n\t\t\t\t\t\t\t\t<\/div>\n\t\t\t\t\t<\/div>\n\t\t<\/div>\n\t\t\t\t\t\t\t\t<\/div>\n\t\t\t\t\t<\/div>\n\t\t<\/section>\n\t\t\t\t\t\t\t\t\t<\/div>\n\t\t\t<\/div>\n\t\t\t\t\t<\/div>","protected":false},"excerpt":{"rendered":"<p>Once upon a time... a bohemian selection for children close to nature who go on adventures. A light, flowery and poetic fashion. Close your eyes and enter the wonderful land of children, an enchanted world!<\/p>","protected":false},"author":4,"featured_media":8602,"parent":8343,"menu_order":0,"comment_status":"closed","ping_status":"closed","template":"","meta":[],"yoast_head":"<!-- This site is optimized with the Yoast SEO plugin v19.8 - https:\/\/yoast.com\/wordpress\/plugins\/seo\/ -->\n<title>Mood Boh\u00e8me - Y\u00f6li Na\u00e9<\/title>\n<meta name=\"robots\" content=\"index, follow, max-snippet:-1, max-image-preview:large, max-video-preview:-1\" \/>\n<link rel=\"canonical\" href=\"https:\/\/yolinae.com\/en\/mood\/moodboheme\/\" \/>\n<meta property=\"og:locale\" content=\"en_US\" \/>\n<meta property=\"og:type\" content=\"article\" \/>\n<meta property=\"og:title\" content=\"Mood Boh\u00e8me - Y\u00f6li Na\u00e9\" \/>\n<meta property=\"og:description\" content=\"Il \u00e9tait une fois\u2026 une s\u00e9lection boh\u00e8me pour des enfants proches de la nature qui partent \u00e0 l\u2019aventure. Une mode l\u00e9g\u00e8re, fleurie et po\u00e9tique. Fermez les yeux et entrez dans le pays merveilleux des enfants, un monde enchant\u00e9!\" \/>\n<meta property=\"og:url\" content=\"https:\/\/yolinae.com\/en\/mood\/moodboheme\/\" \/>\n<meta property=\"og:site_name\" content=\"Y\u00f6li Na\u00e9\" \/>\n<meta property=\"article:modified_time\" content=\"2022-06-27T15:03:54+00:00\" \/>\n<meta property=\"og:image\" content=\"https:\/\/yolinae.com\/wp-content\/uploads\/2020\/04\/ILLU-SUR-MOOD-BOHE\u0300ME.jpg\" \/>\n\t<meta property=\"og:image:width\" content=\"1280\" \/>\n\t<meta property=\"og:image:height\" content=\"470\" \/>\n\t<meta property=\"og:image:type\" content=\"image\/jpeg\" \/>\n<meta name=\"twitter:card\" content=\"summary_large_image\" \/>\n<meta name=\"twitter:label1\" content=\"Est. reading time\" \/>\n\t<meta name=\"twitter:data1\" content=\"15 minutes\" \/>\n<script type=\"application\/ld+json\" class=\"yoast-schema-graph\">{\"@context\":\"https:\/\/schema.org\",\"@graph\":[{\"@type\":\"WebPage\",\"@id\":\"https:\/\/yolinae.com\/en\/mood\/moodboheme\/\",\"url\":\"https:\/\/yolinae.com\/en\/mood\/moodboheme\/\",\"name\":\"Mood Boh\u00e8me - Y\u00f6li Na\u00e9\",\"isPartOf\":{\"@id\":\"https:\/\/yolinae.com\/fr\/#website\"},\"datePublished\":\"2020-04-27T12:09:20+00:00\",\"dateModified\":\"2022-06-27T15:03:54+00:00\",\"breadcrumb\":{\"@id\":\"https:\/\/yolinae.com\/en\/mood\/moodboheme\/#breadcrumb\"},\"inLanguage\":\"en-US\",\"potentialAction\":[{\"@type\":\"ReadAction\",\"target\":[\"https:\/\/yolinae.com\/en\/mood\/moodboheme\/\"]}]},{\"@type\":\"BreadcrumbList\",\"@id\":\"https:\/\/yolinae.com\/en\/mood\/moodboheme\/#breadcrumb\",\"itemListElement\":[{\"@type\":\"ListItem\",\"position\":1,\"name\":\"Home\",\"item\":\"https:\/\/yolinae.com\/\"},{\"@type\":\"ListItem\",\"position\":2,\"name\":\"Mood\",\"item\":\"https:\/\/yolinae.com\/en\/mood\/\"},{\"@type\":\"ListItem\",\"position\":3,\"name\":\"Mood Boh\u00e8me\"}]},{\"@type\":\"WebSite\",\"@id\":\"https:\/\/yolinae.com\/fr\/#website\",\"url\":\"https:\/\/yolinae.com\/fr\/\",\"name\":\"Y\u00f6li Na\u00e9\",\"description\":\"Showroom presse digital d\u00e9di\u00e9 aux professionnels de la mode enfantine\",\"publisher\":{\"@id\":\"https:\/\/yolinae.com\/fr\/#organization\"},\"potentialAction\":[{\"@type\":\"SearchAction\",\"target\":{\"@type\":\"EntryPoint\",\"urlTemplate\":\"https:\/\/yolinae.com\/fr\/?s={search_term_string}\"},\"query-input\":\"required name=search_term_string\"}],\"inLanguage\":\"en-US\"},{\"@type\":\"Organization\",\"@id\":\"https:\/\/yolinae.com\/fr\/#organization\",\"name\":\"Y\u00f6li Na\u00e9\",\"url\":\"https:\/\/yolinae.com\/fr\/\",\"sameAs\":[],\"logo\":{\"@type\":\"ImageObject\",\"inLanguage\":\"en-US\",\"@id\":\"https:\/\/yolinae.com\/fr\/#\/schema\/logo\/image\/\",\"url\":\"https:\/\/yolinae.com\/wp-content\/uploads\/2019\/08\/YN_Logos_Blanc.svg\",\"contentUrl\":\"https:\/\/yolinae.com\/wp-content\/uploads\/2019\/08\/YN_Logos_Blanc.svg\",\"width\":238,\"height\":91,\"caption\":\"Y\u00f6li Na\u00e9\"},\"image\":{\"@id\":\"https:\/\/yolinae.com\/fr\/#\/schema\/logo\/image\/\"}}]}<\/script>\n<!-- \/ Yoast SEO plugin. -->","yoast_head_json":{"title":"Mood Boh\u00e8me - Y\u00f6li Na\u00e9","robots":{"index":"index","follow":"follow","max-snippet":"max-snippet:-1","max-image-preview":"max-image-preview:large","max-video-preview":"max-video-preview:-1"},"canonical":"https:\/\/yolinae.com\/en\/mood\/moodboheme\/","og_locale":"en_US","og_type":"article","og_title":"Mood Boh\u00e8me - Y\u00f6li Na\u00e9","og_description":"Il \u00e9tait une fois\u2026 une s\u00e9lection boh\u00e8me pour des enfants proches de la nature qui partent \u00e0 l\u2019aventure. Une mode l\u00e9g\u00e8re, fleurie et po\u00e9tique. Fermez les yeux et entrez dans le pays merveilleux des enfants, un monde enchant\u00e9!","og_url":"https:\/\/yolinae.com\/en\/mood\/moodboheme\/","og_site_name":"Y\u00f6li Na\u00e9","article_modified_time":"2022-06-27T15:03:54+00:00","og_image":[{"width":1280,"height":470,"url":"https:\/\/yolinae.com\/wp-content\/uploads\/2020\/04\/ILLU-SUR-MOOD-BOHE\u0300ME.jpg","type":"image\/jpeg"}],"twitter_card":"summary_large_image","twitter_misc":{"Est. reading time":"15 minutes"},"schema":{"@context":"https:\/\/schema.org","@graph":[{"@type":"WebPage","@id":"https:\/\/yolinae.com\/en\/mood\/moodboheme\/","url":"https:\/\/yolinae.com\/en\/mood\/moodboheme\/","name":"Mood Boh\u00e8me - Y\u00f6li Na\u00e9","isPartOf":{"@id":"https:\/\/yolinae.com\/fr\/#website"},"datePublished":"2020-04-27T12:09:20+00:00","dateModified":"2022-06-27T15:03:54+00:00","breadcrumb":{"@id":"https:\/\/yolinae.com\/en\/mood\/moodboheme\/#breadcrumb"},"inLanguage":"en-US","potentialAction":[{"@type":"ReadAction","target":["https:\/\/yolinae.com\/en\/mood\/moodboheme\/"]}]},{"@type":"BreadcrumbList","@id":"https:\/\/yolinae.com\/en\/mood\/moodboheme\/#breadcrumb","itemListElement":[{"@type":"ListItem","position":1,"name":"Home","item":"https:\/\/yolinae.com\/"},{"@type":"ListItem","position":2,"name":"Mood","item":"https:\/\/yolinae.com\/en\/mood\/"},{"@type":"ListItem","position":3,"name":"Mood Boh\u00e8me"}]},{"@type":"WebSite","@id":"https:\/\/yolinae.com\/fr\/#website","url":"https:\/\/yolinae.com\/fr\/","name":"Y\u00f6li Na\u00e9","description":"Showroom presse digital d\u00e9di\u00e9 aux professionnels de la mode enfantine","publisher":{"@id":"https:\/\/yolinae.com\/fr\/#organization"},"potentialAction":[{"@type":"SearchAction","target":{"@type":"EntryPoint","urlTemplate":"https:\/\/yolinae.com\/fr\/?s={search_term_string}"},"query-input":"required name=search_term_string"}],"inLanguage":"en-US"},{"@type":"Organization","@id":"https:\/\/yolinae.com\/fr\/#organization","name":"Y\u00f6li Na\u00e9","url":"https:\/\/yolinae.com\/fr\/","sameAs":[],"logo":{"@type":"ImageObject","inLanguage":"en-US","@id":"https:\/\/yolinae.com\/fr\/#\/schema\/logo\/image\/","url":"https:\/\/yolinae.com\/wp-content\/uploads\/2019\/08\/YN_Logos_Blanc.svg","contentUrl":"https:\/\/yolinae.com\/wp-content\/uploads\/2019\/08\/YN_Logos_Blanc.svg","width":238,"height":91,"caption":"Y\u00f6li Na\u00e9"},"image":{"@id":"https:\/\/yolinae.com\/fr\/#\/schema\/logo\/image\/"}}]}},"_links":{"self":[{"href":"https:\/\/yolinae.com\/en\/wp-json\/wp\/v2\/pages\/8783"}],"collection":[{"href":"https:\/\/yolinae.com\/en\/wp-json\/wp\/v2\/pages"}],"about":[{"href":"https:\/\/yolinae.com\/en\/wp-json\/wp\/v2\/types\/page"}],"author":[{"embeddable":true,"href":"https:\/\/yolinae.com\/en\/wp-json\/wp\/v2\/users\/4"}],"replies":[{"embeddable":true,"href":"https:\/\/yolinae.com\/en\/wp-json\/wp\/v2\/comments?post=8783"}],"version-history":[{"count":5,"href":"https:\/\/yolinae.com\/en\/wp-json\/wp\/v2\/pages\/8783\/revisions"}],"predecessor-version":[{"id":30890,"href":"https:\/\/yolinae.com\/en\/wp-json\/wp\/v2\/pages\/8783\/revisions\/30890"}],"up":[{"embeddable":true,"href":"https:\/\/yolinae.com\/en\/wp-json\/wp\/v2\/pages\/8343"}],"wp:featuredmedia":[{"embeddable":true,"href":"https:\/\/yolinae.com\/en\/wp-json\/wp\/v2\/media\/8602"}],"wp:attachment":[{"href":"https:\/\/yolinae.com\/en\/wp-json\/wp\/v2\/media?parent=8783"}],"curies":[{"name":"wp","href":"https:\/\/api.w.org\/{rel}","templated":true}]}}