{"id":6371,"date":"2019-12-14T13:02:38","date_gmt":"2019-12-14T13:02:38","guid":{"rendered":"https:\/\/yolinae.com\/?page_id=6371"},"modified":"2019-12-14T17:45:06","modified_gmt":"2019-12-14T17:45:06","slug":"politique-de-confidentialite","status":"publish","type":"page","link":"https:\/\/yolinae.com\/en\/politique-de-confidentialite\/","title":{"rendered":"Privacy policy"},"content":{"rendered":"<div data-elementor-type=\"wp-page\" data-elementor-id=\"6371\" class=\"elementor elementor-6371\">\n\t\t\t\t\t\t<div class=\"elementor-inner\">\n\t\t\t\t<div class=\"elementor-section-wrap\">\n\t\t\t\t\t\t\t\t\t<section class=\"elementor-section elementor-top-section elementor-element elementor-element-e69a617 elementor-section-boxed elementor-section-height-default elementor-section-height-default\" data-id=\"e69a617\" data-element_type=\"section\">\n\t\t\t\t\t\t<div class=\"elementor-container elementor-column-gap-default\">\n\t\t\t\t\t\t\t<div class=\"elementor-row\">\n\t\t\t\t\t<div class=\"elementor-column elementor-col-100 elementor-top-column elementor-element elementor-element-36ee88e\" data-id=\"36ee88e\" data-element_type=\"column\">\n\t\t\t<div class=\"elementor-column-wrap elementor-element-populated\">\n\t\t\t\t\t\t\t<div class=\"elementor-widget-wrap\">\n\t\t\t\t\t\t<div class=\"elementor-element elementor-element-a84adbb elementor-widget elementor-widget-heading\" data-id=\"a84adbb\" data-element_type=\"widget\" data-widget_type=\"heading.default\">\n\t\t\t\t<div class=\"elementor-widget-container\">\n\t\t\t<h3 class=\"elementor-heading-title elementor-size-default\">Privacy policy (RGPD standard)<\/h3>\t\t<\/div>\n\t\t\t\t<\/div>\n\t\t\t\t<div class=\"elementor-element elementor-element-35c4c5c elementor-widget elementor-widget-text-editor\" data-id=\"35c4c5c\" data-element_type=\"widget\" data-widget_type=\"text-editor.default\">\n\t\t\t\t<div class=\"elementor-widget-container\">\n\t\t\t\t\t\t\t\t<div class=\"elementor-text-editor elementor-clearfix\">\n\t\t\t\t<p><strong>The Publisher<\/strong> The person, natural or legal, who publishes communication services to the public online.<br \/><strong>The Site<\/strong> : All sites, web pages and online services offered by the Publisher.<br \/><strong>The User<\/strong> The person using the Site and services.<\/p><h5>Nature of data collected<\/h5><p>In the context of the use of the Sites, the Publisher may collect the following categories of data concerning its Users:<\/p><h5>Disclosure of personal data to third parties<\/h5><p>Vital status data, identity data, identification data...<\/p><h5>Disclosure of personal data to third parties<\/h5><h6>Communication to the authorities on the basis of legal obligations<\/h6><p>On the basis of legal obligations, your personal data may be disclosed pursuant to a law, a regulation or a decision of a competent regulatory or judicial authority. In general, we undertake to comply with all legal rules that could prevent, limit or regulate the dissemination of information or data and in particular to comply with Law No. 78-17 of 6 January 1978 relating to data processing, files and freedoms.<\/p><h6>Disclosure to third party partners<\/h6><p>We may make certain personal data available to strategic partners working with us, for the provision of products and services or to help us market our products to customers.<\/p><h6>Disclosure to third parties with recipient restrictions<\/h6><p>The personal data that you provide us with when you place an order is passed on to our suppliers and subsidiaries for processing. This information is considered by our suppliers and subsidiaries to be strictly confidential.<\/p><h5>Virality of the conditions for the re-use of personal data<\/h5><h6>No commitment on the virality of reuse conditions<\/h6><p>If your personal data is disclosed to a third party, the third party's privacy conditions apply.<\/p><h5>Prior information for the disclosure of personal data to third parties in the event of a merger \/ takeover<\/h5><h6>Prior information and the possibility of opting out before and after the merger\/acquisition<\/h6><p>In the event that we take part in a merger, acquisition or any other form of asset disposal, we undertake to guarantee the confidentiality of your personal data and to inform you before it is transferred or subject to new confidentiality rules.<\/p><h5>Purpose of the re-use of the personal data collected<\/h5><h6>Carry out operations relating to the management of clients concerning<\/h6><ul><li>contracts; orders; deliveries; invoices; accounting and in particular the management of accounts receivable<\/li><li>a loyalty programme within one or more legal entities ;<\/li><li>customer relationship management, such as conducting satisfaction surveys, managing complaints and after-sales service<\/li><li>the selection of customers to carry out studies, surveys and product tests (except with the consent of the data subjects collected under the conditions laid down in Article 6, these operations must not lead to the establishment of profiles likely to reveal sensitive data - racial or ethnic origin, philosophical, political, trade union or religious opinions, sexual life or health of persons)<\/li><\/ul><h6>Carry out operations relating to prospecting<\/h6><ul><li>the management of technical exploration operations (which includes technical operations such as standardization, enrichment and deduplication)<\/li><li>the selection of people to carry out loyalty actions, canvassing, surveys, product testing and promotion. Except with the consent of the data subjects collected under the conditions laid down in Article 6, these operations must not lead to the establishment of profiles likely to reveal sensitive data (racial or ethnic origin, philosophical, political, trade union or religious opinions, sexual life or health of persons).<\/li><li>the carrying out of solicitation operations<\/li><\/ul><h6>The development of trade statistics<\/h6><p>The management of unpaid debts and litigation, provided that it does not concern infringements and\/or does not lead to the exclusion of the person from the benefit of a right, a service or a contract.<\/p><h6>Managing people's opinions on products, services or content<\/h6><h5>Data aggregation<\/h5><h6>Aggregation with non-personal data<\/h6><p>We may publish, disclose and use aggregated information (information about all of our Users or specific groups or categories of Users that we combine in such a way that an individual User can no longer be identified or referred to) and non-personal information for industry and market analysis, demographic profiling, promotional and advertising purposes and other business purposes.<\/p><h6>Aggregation with personal data available in the User's corporate accounts<\/h6><p>If you connect your account to an account of another service for the purpose of cross-mailing, that service may provide us with your profile information, login information, and any other information you have authorized to be disclosed. We may aggregate information about all of our other Users, groups, accounts, and personal data available about the User.<\/p><h5>Collection of Identity Data<\/h5><h6>Registration and prior identification for the provision of the service<\/h6><p>The use of the Site requires prior registration and identification. Your personal data (name, first name, postal address, e-mail, telephone number, ...) are used to fulfill our legal obligations resulting from the delivery of products and \/ or services, under the End User License Agreement, the Limitation of Warranty, if any, or any other applicable condition. You will not provide false personal information and will not create an account for another person without their permission. Your contact information must always be accurate and up to date.<\/p><h5>Collection of identification data<\/h5><h6>Use of the user's identifier only for access to services<\/h6><p>We use your electronic identifiers only for and during the execution of the contract.<\/p><h5>Collection of terminal data<\/h5><h6>No collection of technical data<\/h6><p>We do not collect or store any technical data about your device (IP address, Internet service provider, etc.).<\/p><h5>Cookies<\/h5><h6>Cookie retention time<\/h6><p>In accordance with the recommendations of the CNIL, the maximum retention period for cookies is a maximum of 13 months after their first deposit in the User's terminal, as is the duration of the validity of the User's consent to the use of these cookies. The lifetime of cookies is not extended with each visit. The User's consent must therefore be renewed at the end of this period.<\/p><h6>Purpose cookies<\/h6><p>Cookies may be used for statistical purposes, in particular to optimise the services rendered to the User, from the processing of information concerning the frequency of access, the personalisation of pages as well as the operations carried out and the information consulted.<br \/>You are informed that the Publisher may place cookies on your terminal.<br \/>The cookie records information relating to navigation on the service (the pages you have consulted, the date and time of the consultation...) that we will be able to read during your subsequent visits.<\/p><h6>Opt-in for the deposit of cookies<\/h6><p>We do not use cookies. Should we use cookies in the future, you will be informed in advance and will have the possibility to deactivate them.<\/p><h5>Retention of technical data<\/h5><h6>Retention period of technical data<\/h6><p>The technical data are kept for the time strictly necessary to achieve the purposes referred to above.<\/p><h5>Time limit for storing personal data and anonymisation<\/h5><h6>Retention of data for the duration of the contractual relationship<\/h6><p>In accordance with article 6-5\u00b0 of the law n\u00b078-17 of January 6, 1978 relating to data processing, files and liberties, personal data subject to processing are not kept beyond the time necessary for the performance of the obligations defined at the time of the conclusion of the contract or the predefined duration of the contractual relationship.<\/p><h6>Retention of anonymised data beyond the contractual relationship \/ after deletion of the Account<\/h6><p>We keep personal data for the time strictly necessary to achieve the purposes described in these TOS. Beyond this period, they will be anonymised and kept for exclusively statistical purposes and will not be used for any other purpose whatsoever.<\/p><h6>Deletion of data after deletion of the account<\/h6><p>Means shall be put in place to purge data in order to provide for their effective deletion as soon as the retention or archiving period necessary for the fulfilment of the purposes determined or imposed is reached. In accordance with the law n\u00b078-17 of January 6, 1978 relating to data processing, files and liberties, you also have a right of deletion on your data which you can exercise at any time by contacting the Publisher.<\/p><h6>Deletion of data after 3 years of inactivity<\/h6><p>For security reasons, if you have not authenticated yourself on the Site for a period of three years, you will receive an e-mail inviting you to connect as soon as possible, otherwise your data will be deleted from our databases.<\/p><h5>Account deletion<\/h5><h6>Account deletion on request<\/h6><p>The User has the possibility to delete his Account at any time, by simple request to the Editor OR through the Account deletion menu present in the Account settings if necessary.<\/p><h6>Deletion of the account in case of violation of the TOS<\/h6><p>If you violate any provision(s) of the TOS or any other document incorporated herein by reference, the Publisher reserves the right to terminate or restrict, without prior notice and at its sole discretion, your use and access to the Services, your account and all Sites.<\/p><h5>Indications in the event of a security breach detected by the Publisher<\/h5><h6>Information of the User in case of a security breach<\/h6><p>We undertake to implement all appropriate technical and organisational measures to guarantee a level of security appropriate to the risks of accidental, unauthorised or illegal access, disclosure, alteration, loss or destruction of your personal data.<br \/>In the event that we become aware of illegal access to your personal data stored on our servers or those of our service providers, or unauthorized access resulting in the realization of the risks identified above, we agree to :<\/p><ul><li>Notify you of the incident as soon as possible;<\/li><li>Examine the causes of the incident and inform you;<\/li><li>Take the necessary measures within reason to mitigate the negative effects and harm that may result from the said incident.<\/li><\/ul><h6>Limitation of liability<\/h6><p>Under no circumstances can the commitments defined in the above point concerning notification in the event of a security breach be assimilated to any admission of fault or liability for the occurrence of the incident in question.<\/p><h5>Transfer of personal data abroad<\/h5><h6>No transfers outside the European Union<\/h6><p>The Publisher undertakes not to transfer the personal data of its Users outside the European Union.<\/p><h5>Changes to the TOS and Privacy Policy<\/h5><h6>In the event of a modification of the present TOS, commitment not to substantially reduce the level of confidentiality without prior information of the persons concerned.<\/h6><p>We undertake to inform you in the event of a substantial modification of these TOU, and not to lower the level of confidentiality of your data substantially without informing you and obtaining your consent.<\/p><h5>Applicable law and terms of recourse<\/h5><h6>Application of French law (CNIL legislation) and jurisdiction of the courts<\/h6><p>These Terms and Conditions and your use of the Site are governed and interpreted in accordance with the laws of France, and in particular with Law No. 78-17 of 6 January 1978 relating to computers, files and freedoms. The choice of applicable law does not affect your rights as a consumer in accordance with the applicable law of your place of residence. If you are a consumer, you and we agree to submit to the non-exclusive jurisdiction of the French courts, which means that you may bring an action relating to these TOS in France or in the EU country in which you live. If you are a professional, all actions against us must be brought before a court in France.<br \/>In the event of a dispute, the parties will seek an amicable solution before any legal action. In case of failure of these attempts, all disputes concerning the validity, interpretation and\/or execution of these TOS shall be brought, even in case of plurality of defendants or appeal in warranty, before the French courts.<\/p><h5>Data portability<\/h5><h6>Data portability<\/h6><p>The Publisher undertakes to offer you the possibility of having all your data returned to you on request. The User is thus guaranteed a better control of his data, and keeps the possibility of reusing them. These data must be provided in an open and easily reusable format.<\/p>\t\t\t\t\t<\/div>\n\t\t\t\t\t\t<\/div>\n\t\t\t\t<\/div>\n\t\t\t\t\t\t<\/div>\n\t\t\t\t\t<\/div>\n\t\t<\/div>\n\t\t\t\t\t\t\t\t<\/div>\n\t\t\t\t\t<\/div>\n\t\t<\/section>\n\t\t\t\t\t\t\t\t\t<\/div>\n\t\t\t<\/div>\n\t\t\t\t\t<\/div>","protected":false},"excerpt":{"rendered":"<p>Privacy Policy (RGPD standard) The Publisher: The person, natural or legal, who publishes the online public communication services. The Site: All sites, web pages and online services offered by the Publisher. The User: The person using the Site and the services. Nature of the data collected In the context of [...]<\/p>","protected":false},"author":4,"featured_media":0,"parent":0,"menu_order":0,"comment_status":"closed","ping_status":"closed","template":"","meta":[],"yoast_head":"<!-- This site is optimized with the Yoast SEO plugin v19.8 - https:\/\/yoast.com\/wordpress\/plugins\/seo\/ -->\n<title>Politique de confidentialit\u00e9 - Y\u00f6li Na\u00e9<\/title>\n<meta name=\"robots\" content=\"index, follow, max-snippet:-1, max-image-preview:large, max-video-preview:-1\" \/>\n<link rel=\"canonical\" href=\"https:\/\/yolinae.com\/en\/politique-de-confidentialite\/\" \/>\n<meta property=\"og:locale\" content=\"en_US\" \/>\n<meta property=\"og:type\" content=\"article\" \/>\n<meta property=\"og:title\" content=\"Politique de confidentialit\u00e9 - Y\u00f6li Na\u00e9\" \/>\n<meta property=\"og:description\" content=\"Politique de confidentialit\u00e9 (standard RGPD) L&rsquo;\u00c9diteur : La personne, physique ou morale, qui \u00e9dite les services de communication au public en ligne. Le Site : L&rsquo;ensemble des sites, pages Internet et services en ligne propos\u00e9s par l&rsquo;\u00c9diteur. L&rsquo;Utilisateur : La personne utilisant le Site et les services. Nature des donn\u00e9es collect\u00e9es Dans le cadre de [&hellip;]\" \/>\n<meta property=\"og:url\" content=\"https:\/\/yolinae.com\/en\/politique-de-confidentialite\/\" \/>\n<meta property=\"og:site_name\" content=\"Y\u00f6li Na\u00e9\" \/>\n<meta property=\"article:modified_time\" content=\"2019-12-14T17:45:06+00:00\" \/>\n<meta name=\"twitter:card\" content=\"summary_large_image\" \/>\n<meta name=\"twitter:label1\" content=\"Est. reading time\" \/>\n\t<meta name=\"twitter:data1\" content=\"12 minutes\" \/>\n<script type=\"application\/ld+json\" class=\"yoast-schema-graph\">{\"@context\":\"https:\/\/schema.org\",\"@graph\":[{\"@type\":\"WebPage\",\"@id\":\"https:\/\/yolinae.com\/fr\/politique-de-confidentialite\/\",\"url\":\"https:\/\/yolinae.com\/fr\/politique-de-confidentialite\/\",\"name\":\"Politique de confidentialit\u00e9 - Y\u00f6li Na\u00e9\",\"isPartOf\":{\"@id\":\"https:\/\/yolinae.com\/fr\/#website\"},\"datePublished\":\"2019-12-14T13:02:38+00:00\",\"dateModified\":\"2019-12-14T17:45:06+00:00\",\"breadcrumb\":{\"@id\":\"https:\/\/yolinae.com\/fr\/politique-de-confidentialite\/#breadcrumb\"},\"inLanguage\":\"en-US\",\"potentialAction\":[{\"@type\":\"ReadAction\",\"target\":[\"https:\/\/yolinae.com\/fr\/politique-de-confidentialite\/\"]}]},{\"@type\":\"BreadcrumbList\",\"@id\":\"https:\/\/yolinae.com\/fr\/politique-de-confidentialite\/#breadcrumb\",\"itemListElement\":[{\"@type\":\"ListItem\",\"position\":1,\"name\":\"Home\",\"item\":\"https:\/\/yolinae.com\/\"},{\"@type\":\"ListItem\",\"position\":2,\"name\":\"Politique de confidentialit\u00e9\"}]},{\"@type\":\"WebSite\",\"@id\":\"https:\/\/yolinae.com\/fr\/#website\",\"url\":\"https:\/\/yolinae.com\/fr\/\",\"name\":\"Y\u00f6li Na\u00e9\",\"description\":\"Showroom presse digital d\u00e9di\u00e9 aux professionnels de la mode enfantine\",\"publisher\":{\"@id\":\"https:\/\/yolinae.com\/fr\/#organization\"},\"potentialAction\":[{\"@type\":\"SearchAction\",\"target\":{\"@type\":\"EntryPoint\",\"urlTemplate\":\"https:\/\/yolinae.com\/fr\/?s={search_term_string}\"},\"query-input\":\"required name=search_term_string\"}],\"inLanguage\":\"en-US\"},{\"@type\":\"Organization\",\"@id\":\"https:\/\/yolinae.com\/fr\/#organization\",\"name\":\"Y\u00f6li Na\u00e9\",\"url\":\"https:\/\/yolinae.com\/fr\/\",\"sameAs\":[],\"logo\":{\"@type\":\"ImageObject\",\"inLanguage\":\"en-US\",\"@id\":\"https:\/\/yolinae.com\/fr\/#\/schema\/logo\/image\/\",\"url\":\"https:\/\/yolinae.com\/wp-content\/uploads\/2019\/08\/YN_Logos_Blanc.svg\",\"contentUrl\":\"https:\/\/yolinae.com\/wp-content\/uploads\/2019\/08\/YN_Logos_Blanc.svg\",\"width\":238,\"height\":91,\"caption\":\"Y\u00f6li Na\u00e9\"},\"image\":{\"@id\":\"https:\/\/yolinae.com\/fr\/#\/schema\/logo\/image\/\"}}]}<\/script>\n<!-- \/ Yoast SEO plugin. -->","yoast_head_json":{"title":"Politique de confidentialit\u00e9 - Y\u00f6li Na\u00e9","robots":{"index":"index","follow":"follow","max-snippet":"max-snippet:-1","max-image-preview":"max-image-preview:large","max-video-preview":"max-video-preview:-1"},"canonical":"https:\/\/yolinae.com\/en\/politique-de-confidentialite\/","og_locale":"en_US","og_type":"article","og_title":"Politique de confidentialit\u00e9 - Y\u00f6li Na\u00e9","og_description":"Politique de confidentialit\u00e9 (standard RGPD) L&rsquo;\u00c9diteur : La personne, physique ou morale, qui \u00e9dite les services de communication au public en ligne. Le Site : L&rsquo;ensemble des sites, pages Internet et services en ligne propos\u00e9s par l&rsquo;\u00c9diteur. L&rsquo;Utilisateur : La personne utilisant le Site et les services. Nature des donn\u00e9es collect\u00e9es Dans le cadre de [&hellip;]","og_url":"https:\/\/yolinae.com\/en\/politique-de-confidentialite\/","og_site_name":"Y\u00f6li Na\u00e9","article_modified_time":"2019-12-14T17:45:06+00:00","twitter_card":"summary_large_image","twitter_misc":{"Est. reading time":"12 minutes"},"schema":{"@context":"https:\/\/schema.org","@graph":[{"@type":"WebPage","@id":"https:\/\/yolinae.com\/fr\/politique-de-confidentialite\/","url":"https:\/\/yolinae.com\/fr\/politique-de-confidentialite\/","name":"Politique de confidentialit\u00e9 - Y\u00f6li Na\u00e9","isPartOf":{"@id":"https:\/\/yolinae.com\/fr\/#website"},"datePublished":"2019-12-14T13:02:38+00:00","dateModified":"2019-12-14T17:45:06+00:00","breadcrumb":{"@id":"https:\/\/yolinae.com\/fr\/politique-de-confidentialite\/#breadcrumb"},"inLanguage":"en-US","potentialAction":[{"@type":"ReadAction","target":["https:\/\/yolinae.com\/fr\/politique-de-confidentialite\/"]}]},{"@type":"BreadcrumbList","@id":"https:\/\/yolinae.com\/fr\/politique-de-confidentialite\/#breadcrumb","itemListElement":[{"@type":"ListItem","position":1,"name":"Home","item":"https:\/\/yolinae.com\/"},{"@type":"ListItem","position":2,"name":"Politique de confidentialit\u00e9"}]},{"@type":"WebSite","@id":"https:\/\/yolinae.com\/fr\/#website","url":"https:\/\/yolinae.com\/fr\/","name":"Y\u00f6li Na\u00e9","description":"Showroom presse digital d\u00e9di\u00e9 aux professionnels de la mode enfantine","publisher":{"@id":"https:\/\/yolinae.com\/fr\/#organization"},"potentialAction":[{"@type":"SearchAction","target":{"@type":"EntryPoint","urlTemplate":"https:\/\/yolinae.com\/fr\/?s={search_term_string}"},"query-input":"required name=search_term_string"}],"inLanguage":"en-US"},{"@type":"Organization","@id":"https:\/\/yolinae.com\/fr\/#organization","name":"Y\u00f6li Na\u00e9","url":"https:\/\/yolinae.com\/fr\/","sameAs":[],"logo":{"@type":"ImageObject","inLanguage":"en-US","@id":"https:\/\/yolinae.com\/fr\/#\/schema\/logo\/image\/","url":"https:\/\/yolinae.com\/wp-content\/uploads\/2019\/08\/YN_Logos_Blanc.svg","contentUrl":"https:\/\/yolinae.com\/wp-content\/uploads\/2019\/08\/YN_Logos_Blanc.svg","width":238,"height":91,"caption":"Y\u00f6li Na\u00e9"},"image":{"@id":"https:\/\/yolinae.com\/fr\/#\/schema\/logo\/image\/"}}]}},"_links":{"self":[{"href":"https:\/\/yolinae.com\/en\/wp-json\/wp\/v2\/pages\/6371"}],"collection":[{"href":"https:\/\/yolinae.com\/en\/wp-json\/wp\/v2\/pages"}],"about":[{"href":"https:\/\/yolinae.com\/en\/wp-json\/wp\/v2\/types\/page"}],"author":[{"embeddable":true,"href":"https:\/\/yolinae.com\/en\/wp-json\/wp\/v2\/users\/4"}],"replies":[{"embeddable":true,"href":"https:\/\/yolinae.com\/en\/wp-json\/wp\/v2\/comments?post=6371"}],"version-history":[{"count":0,"href":"https:\/\/yolinae.com\/en\/wp-json\/wp\/v2\/pages\/6371\/revisions"}],"wp:attachment":[{"href":"https:\/\/yolinae.com\/en\/wp-json\/wp\/v2\/media?parent=6371"}],"curies":[{"name":"wp","href":"https:\/\/api.w.org\/{rel}","templated":true}]}}